{"id":9965,"date":"2017-07-20T20:41:42","date_gmt":"2017-07-21T01:41:42","guid":{"rendered":"http:\/\/www.caisse.biz\/fr\/?page_id=9965"},"modified":"2023-06-15T10:02:46","modified_gmt":"2023-06-15T15:02:46","slug":"virement-interac","status":"publish","type":"page","link":"https:\/\/caisse-wordpress-prod.azurewebsites.net\/fr\/virement-interac\/","title":{"rendered":"Produits <em>Interac<\/em><sup>MD<\/sup>"},"content":{"rendered":"<h3>Transf\u00e9rez des fonds directement d\u2019un compte \u00e0 l\u2019autre avec une adresse courriel ou un num\u00e9ro de t\u00e9l\u00e9phone mobile.<\/h3>\n<p style=\"font-size: 80%;\"><sup>MD<\/sup> Marque d\u00e9pos\u00e9e d\u2019Interac Inc. Utilis\u00e9e sous licence.<\/p>\n<p>&emsp;<br \/>\n<a href=\"..\/foire-aux-questions\/\"><img loading=\"lazy\" decoding=\"async\" src=\"..\/..\/wp-content\/uploads\/2020\/07\/FAQ-Btn-FR.png\" alt=\"Cliquez ici pour consulter la FAQ\" width=\"207\" height=\"39\" class=\"alignleft size-full wp-image-18665\" \/><\/a><\/p>\n","protected":false},"excerpt":{"rendered":"<p>Transf\u00e9rez des fonds directement d\u2019un compte \u00e0 l\u2019autre avec une adresse courriel ou un num\u00e9ro de t\u00e9l\u00e9phone mobile. MD Marque d\u00e9pos\u00e9e d\u2019Interac Inc. Utilis\u00e9e sous licence. &emsp;<\/p>\n","protected":false},"author":13,"featured_media":18087,"parent":0,"menu_order":0,"comment_status":"closed","ping_status":"closed","template":"tpl_accounts_personal.php","meta":{"_acf_changed":false,"footnotes":""},"class_list":["post-9965","page","type-page","status-publish","has-post-thumbnail","hentry"],"acf":[],"_links":{"self":[{"href":"https:\/\/caisse-wordpress-prod.azurewebsites.net\/fr\/wp-json\/wp\/v2\/pages\/9965","targetHints":{"allow":["GET"]}}],"collection":[{"href":"https:\/\/caisse-wordpress-prod.azurewebsites.net\/fr\/wp-json\/wp\/v2\/pages"}],"about":[{"href":"https:\/\/caisse-wordpress-prod.azurewebsites.net\/fr\/wp-json\/wp\/v2\/types\/page"}],"author":[{"embeddable":true,"href":"https:\/\/caisse-wordpress-prod.azurewebsites.net\/fr\/wp-json\/wp\/v2\/users\/13"}],"replies":[{"embeddable":true,"href":"https:\/\/caisse-wordpress-prod.azurewebsites.net\/fr\/wp-json\/wp\/v2\/comments?post=9965"}],"version-history":[{"count":5,"href":"https:\/\/caisse-wordpress-prod.azurewebsites.net\/fr\/wp-json\/wp\/v2\/pages\/9965\/revisions"}],"predecessor-version":[{"id":27344,"href":"https:\/\/caisse-wordpress-prod.azurewebsites.net\/fr\/wp-json\/wp\/v2\/pages\/9965\/revisions\/27344"}],"wp:featuredmedia":[{"embeddable":true,"href":"https:\/\/caisse-wordpress-prod.azurewebsites.net\/fr\/wp-json\/wp\/v2\/media\/18087"}],"wp:attachment":[{"href":"https:\/\/caisse-wordpress-prod.azurewebsites.net\/fr\/wp-json\/wp\/v2\/media?parent=9965"}],"curies":[{"name":"wp","href":"https:\/\/api.w.org\/{rel}","templated":true}]}}