{"id":9443,"date":"2017-05-01T19:34:48","date_gmt":"2017-05-01T19:34:48","guid":{"rendered":"http:\/\/www.caisse.biz\/en\/?page_id=9443"},"modified":"2023-03-21T10:36:49","modified_gmt":"2023-03-21T15:36:49","slug":"la-litteratie-financiere-un-investissement-a-long-terme","status":"publish","type":"page","link":"https:\/\/caisse-wordpress-prod.azurewebsites.net\/fr\/la-litteratie-financiere-un-investissement-a-long-terme\/","title":{"rendered":"La litt\u00e9ratie financi\u00e8re, un investissement \u00e0 long terme !"},"content":{"rendered":"<p>Le 28 avril 2017, Caisse Groupe Financier (Caisse), en partenariat avec le Conseil de d\u00e9veloppement \u00e9conomique des municipalit\u00e9s bilingues (CDEM), a sign\u00e9 une entente de collaboration avec la Division scolaire franco-manitobaine (DSFM) ayant pour objectif l\u2019implantation d\u2019un programme de litt\u00e9ratie financi\u00e8re dans les \u00e9coles de la DSFM.<\/p>\n<p>Les trois partenaires de cet important programme s\u2019accordent pour dire que des connaissances en litt\u00e9ratie financi\u00e8re s\u2019av\u00e8rent un atout pour les \u00e9l\u00e8ves surtout lorsqu\u2019ils transitent du milieu scolaire \u00e0 la vie d\u2019adulte et le march\u00e9 du travail.<\/p>\n<p>Depuis 2013, Caisse Groupe Financier, le CDEM et Jeunes Entreprises Manitoba collaborent \u00e0 d\u00e9velopper, financer et pr\u00e9senter un programme de litt\u00e9ratie financi\u00e8re dans les \u00e9coles francophones et d&rsquo;immersion du Manitoba. L\u2019objectif de cette initiative est de sensibiliser et \u00e9duquer les \u00e9l\u00e8ves d\u00e8s un jeune \u00e2ge sur les finances et l\u2019entrepreneuriat, le tout \u00e0 l\u2019aide de mat\u00e9riel int\u00e9ressant et d\u2019activit\u00e9s interactives. Les \u00e9l\u00e8ves acqui\u00e8rent les notions de base n\u00e9cessaires \u00e0 la vie de tous les jours, que ce soit \u00e9pargner, emprunter, investir ou s\u2019enrichir. Le programme leur permet aussi d\u2019explorer l\u2019option d\u2019entrepreneuriat.<\/p>\n<p>Jo\u00ebl Rondeau, directeur g\u00e9n\u00e9ral de la Caisse, s\u2019inqui\u00e8te du fait que les derni\u00e8res statistiques d\u00e9montrent que le niveau d\u2019endettement au Canada ne cesse d\u2019augmenter. Il ajoute qu\u2019offrir des sessions dans les salles de classe permet de rejoindre les jeunes avant qu\u2019ils commencent \u00e0 prendre des d\u00e9cisions financi\u00e8res et aide \u00e0 les pr\u00e9venir qu\u2019il est important de d\u00e9velopper une discipline avec leurs finances afin de r\u00e9ussir dans la vie.<\/p>\n<p>Selon Alain Laberge, directeur g\u00e9n\u00e9ral de la DSFM, s\u2019allier \u00e0 la Caisse et au CDEM permettra aux \u00e9l\u00e8ves de faire des choix financiers justes et inform\u00e9s. Cette entente sera un atout pour b\u00e2tir une \u00e9cole communautaire citoyenne qui tisse des liens solides avec des partenaires importants.<\/p>\n<p>Louis Allain, directeur g\u00e9n\u00e9ral du CDEM, se dit fier de faire partie de ce partenariat unique et innovateur dans son approche collaborative entre les trois organismes, qui, ensemble, assureront que les futures g\u00e9n\u00e9rations sont bien outill\u00e9es pour prosp\u00e9rer dans la nouvelle \u00e9conomie.<\/p>\n<p>Le programme de litt\u00e9ratie financi\u00e8re est offert gratuitement aux \u00e9coles de la DSFM et aux \u00e9coles d\u2019immersion du Manitoba. Les sessions offertes en salles de classe de la 3<sup>e<\/sup> ann\u00e9e \u00e0 la 12<sup>e<\/sup> ann\u00e9e sont anim\u00e9es par les employ\u00e9s de la Caisse et du CDEM qui sont form\u00e9s dans le domaine des finances et l\u2019entrepreneuriat.<\/p>\n<p>Pour plus de renseignements, visitez le <a href=\"http:\/\/www.affairesaplus.com\/\">www.affairesaplus.com<\/a>.<\/p>\n<p><strong>\u00c9coutez l\u2019entrevue avec les directeurs g\u00e9n\u00e9raux de la Caisse, du CDEM et de la DSFM \u00e0 l\u2019\u00e9mission L\u2019actuel diffus\u00e9e sur les ondes de Radio-Canada ICI Manitoba :<\/strong><\/p>\n<!--[if lt IE 9]><script>document.createElement('audio');<\/script><![endif]-->\n<audio class=\"wp-audio-shortcode\" id=\"audio-9443-1\" preload=\"none\" style=\"width: 100%;\" controls=\"controls\"><source type=\"audio\/mpeg\" src=\"http:\/\/..\/..\/wp-content\/uploads\/2017\/05\/Entrevue28avril2017.mp3?_=1\" \/><a href=\"http:\/\/..\/..\/wp-content\/uploads\/2017\/05\/Entrevue28avril2017.mp3\">http:\/\/..\/..\/wp-content\/uploads\/2017\/05\/Entrevue28avril2017.mp3<\/a><\/audio>\n&emsp;<br \/>\n<img loading=\"lazy\" decoding=\"async\" src=\"..\/..\/wp-content\/uploads\/2018\/10\/bandeau-logos-2018-FR.png\" alt=\"\" width=\"880\" height=\"100\" class=\"aligncenter size-full wp-image-14350\" srcset=\"\/wp-content\/uploads\/2018\/10\/bandeau-logos-2018-FR.png 880w, \/wp-content\/uploads\/2018\/10\/bandeau-logos-2018-FR-300x34.png 300w, \/wp-content\/uploads\/2018\/10\/bandeau-logos-2018-FR-768x87.png 768w\" sizes=\"auto, (max-width: 880px) 100vw, 880px\" \/><\/p>\n","protected":false},"excerpt":{"rendered":"<p>Le 28 avril 2017, Caisse Groupe Financier (Caisse), en partenariat avec le Conseil de d\u00e9veloppement \u00e9conomique des municipalit\u00e9s bilingues (CDEM), a sign\u00e9 une entente de collaboration avec la Division scolaire franco-manitobaine (DSFM) ayant pour objectif l\u2019implantation d\u2019un programme de litt\u00e9ratie financi\u00e8re dans les \u00e9coles de la DSFM. Les trois partenaires de cet important programme s\u2019accordent [&hellip;]<\/p>\n","protected":false},"author":13,"featured_media":0,"parent":0,"menu_order":0,"comment_status":"closed","ping_status":"closed","template":"tpl_page_right_sidebar.php","meta":{"_acf_changed":false,"footnotes":""},"class_list":["post-9443","page","type-page","status-publish","hentry"],"acf":[],"_links":{"self":[{"href":"https:\/\/caisse-wordpress-prod.azurewebsites.net\/fr\/wp-json\/wp\/v2\/pages\/9443","targetHints":{"allow":["GET"]}}],"collection":[{"href":"https:\/\/caisse-wordpress-prod.azurewebsites.net\/fr\/wp-json\/wp\/v2\/pages"}],"about":[{"href":"https:\/\/caisse-wordpress-prod.azurewebsites.net\/fr\/wp-json\/wp\/v2\/types\/page"}],"author":[{"embeddable":true,"href":"https:\/\/caisse-wordpress-prod.azurewebsites.net\/fr\/wp-json\/wp\/v2\/users\/13"}],"replies":[{"embeddable":true,"href":"https:\/\/caisse-wordpress-prod.azurewebsites.net\/fr\/wp-json\/wp\/v2\/comments?post=9443"}],"version-history":[{"count":1,"href":"https:\/\/caisse-wordpress-prod.azurewebsites.net\/fr\/wp-json\/wp\/v2\/pages\/9443\/revisions"}],"predecessor-version":[{"id":26691,"href":"https:\/\/caisse-wordpress-prod.azurewebsites.net\/fr\/wp-json\/wp\/v2\/pages\/9443\/revisions\/26691"}],"wp:attachment":[{"href":"https:\/\/caisse-wordpress-prod.azurewebsites.net\/fr\/wp-json\/wp\/v2\/media?parent=9443"}],"curies":[{"name":"wp","href":"https:\/\/api.w.org\/{rel}","templated":true}]}}