{"id":9008,"date":"2017-02-28T21:04:56","date_gmt":"2017-03-01T02:04:56","guid":{"rendered":"http:\/\/www.caisse.biz\/fr\/?page_id=9008"},"modified":"2022-09-08T11:03:26","modified_gmt":"2022-09-08T16:03:26","slug":"la-caisse-celebre-son-85e-anniversaire","status":"publish","type":"page","link":"https:\/\/caisse-wordpress-prod.azurewebsites.net\/fr\/la-caisse-celebre-son-85e-anniversaire\/","title":{"rendered":"<header style=\"text-align: center;\">La Caisse c\u00e9l\u00e8bre son 85<sup>e<\/sup> anniversaire !<\/header>"},"content":{"rendered":"<p>&nbsp;<\/p>\n<h3 style=\"text-align: center;\">Logo 85<sup>e<\/sup> anniversaire interactif<\/h3>\n<p>&nbsp;<\/p>\n[drawattention ID=\u00a0\u00bb25753&Prime;]\n&nbsp;<br \/>\n&nbsp;<\/p>\n<p><strong>Caisse Groupe Financier f\u00eate 85 ans de service aux membres et aux communaut\u00e9s.<\/strong><\/p>\n<p>Notre anniversaire souligne une grande \u00e9tape. Cette long\u00e9vit\u00e9 est symbole de fid\u00e9lit\u00e9 chez nos membres et une expression de la confiance qu\u2019ils nous accordent d\u2019ann\u00e9e en ann\u00e9e.<\/p>\n<p>Cette \u00e9tape importante est franchie gr\u00e2ce au travail collaboratif avec nos nombreux partenaires d\u2019affaires et communautaires de longue date. Cette complicit\u00e9 nous permet de mieux desservir nos membres et les communaut\u00e9s et de faire rayonner nos valeurs coop\u00e9ratives.<\/p>\n<p>Et cet anniversaire est le moment opportun de souligner l\u2019apport de tous nos employ\u00e9s et nos administrateurs, pass\u00e9s et pr\u00e9sents, qui, par leur professionnalisme et leur engagement, ont renforci l\u2019image de la Caisse et ont contribu\u00e9 \u00e0 ses r\u00e9ussites.<\/p>\n<p>Fond\u00e9e en 1937 \u00e0 Saint-Malo, avec 29 membres et 96,85 $ en actifs, Caisse Groupe Financier fut la premi\u00e8re coop\u00e9rative financi\u00e8re officielle au Manitoba. Depuis, nous sommes devenus une institution financi\u00e8re multiservice et bilingue, avec plus d\u2019un milliard de dollars en actifs, 19 centres de services au Manitoba et plus de 35 000 membres. En apprendre plus sur <a href=\"http:\/\/www.caisse.biz\/fr\/a-propos-de-nous\/\">\u00c0 propos de nous<\/a>.<\/p>\n<p>Restez \u00e0 l&rsquo;aff\u00fbt, nous c\u00e9l\u00e9brerons tout au long de l&rsquo;ann\u00e9e avec des concours et des activit\u00e9s communautaires !<\/p>\n<p>&nbsp;<br \/>\n<iframe loading=\"lazy\" title=\"YouTube video player\" src=\"https:\/\/www.youtube.com\/embed\/8rKpeH2yxhE\" width=\"560\" height=\"315\" frameborder=\"0\" allowfullscreen=\"allowfullscreen\"><\/iframe><br \/>\n&nbsp;<\/p>\n<h3>La bi\u00e8re Caisse 85<\/h3>\n<p>C\u2019est avec beaucoup de f\u00e9brilit\u00e9 que nous d\u00e9voilons notre tout nouveau projet coup de coeur : <a href=\"https:\/\/www.nonsuch.beer\/caisse-85\" target=\"_blank\" rel=\"noopener noreferrer\">La bi\u00e8re Caisse 85<\/a> !<\/p>\n<p>Afin de c\u00e9l\u00e9brer le 85<sup>e<\/sup> anniversaire de la Caisse comme il se doit, nous avons fait partenariat avec la <a href=\"https:\/\/www.nonsuch.beer\/caisse-85\" target=\"_blank\" rel=\"noopener noreferrer\">Brasserie Nonsuch<\/a>, pour la cr\u00e9ation d\u2019une \u00e9dition sp\u00e9ciale de leur bi\u00e8re <b>S\u00dbRE AUX FRAMBOISES<\/b>.<\/p>\n<p>Cette bi\u00e8re sp\u00e9ciale sera vendue l&rsquo;\u00e9t\u00e9 2022, principalement sur l&rsquo;un des plus beaux patios de Winnipeg, <a href=\"https:\/\/patio340.com\/\" target=\"_blank\" rel=\"noopener noreferrer\">le Patio 340<\/a>, pr\u00e9sent\u00e9 par Caisse Groupe Financier. Pour chaque bi\u00e8re vendue, une portion des profits sera donn\u00e9e au <a href=\"https:\/\/centreflavie.com\/\" target=\"_blank\" rel=\"noopener noreferrer\">Centre Flavie<\/a> pour leur projet de jardin d\u2019\u00e9t\u00e9.<\/p>\n<p>Le lancement officiel de notre bi\u00e8re Caisse 85 a eu lieu le jeudi 7 juillet 2022 au Patio 340.<br \/>\n&nbsp;<br \/>\n<a class=\"btn btn-primary\" href=\"https:\/\/blog.caisse.biz\/fr\/2022\/07\/12\/lancement-biere-caisse-85\/\" >En savoir plus<\/a><br \/>\n&nbsp;<br \/>\n\u00c0 votre sant\u00e9 !<\/p>\n","protected":false},"excerpt":{"rendered":"<p>&nbsp; Logo 85e anniversaire interactif &nbsp; [drawattention ID=\u00a0\u00bb25753&Prime;] &nbsp; &nbsp; Caisse Groupe Financier f\u00eate 85 ans de service aux membres et aux communaut\u00e9s. Notre anniversaire souligne une grande \u00e9tape. Cette long\u00e9vit\u00e9 est symbole de fid\u00e9lit\u00e9 chez nos membres et une expression de la confiance qu\u2019ils nous accordent d\u2019ann\u00e9e en ann\u00e9e. Cette \u00e9tape importante est franchie [&hellip;]<\/p>\n","protected":false},"author":13,"featured_media":0,"parent":0,"menu_order":0,"comment_status":"closed","ping_status":"closed","template":"tpl_page_right_sidebar.php","meta":{"_acf_changed":false,"footnotes":""},"class_list":["post-9008","page","type-page","status-publish","hentry"],"acf":[],"_links":{"self":[{"href":"https:\/\/caisse-wordpress-prod.azurewebsites.net\/fr\/wp-json\/wp\/v2\/pages\/9008","targetHints":{"allow":["GET"]}}],"collection":[{"href":"https:\/\/caisse-wordpress-prod.azurewebsites.net\/fr\/wp-json\/wp\/v2\/pages"}],"about":[{"href":"https:\/\/caisse-wordpress-prod.azurewebsites.net\/fr\/wp-json\/wp\/v2\/types\/page"}],"author":[{"embeddable":true,"href":"https:\/\/caisse-wordpress-prod.azurewebsites.net\/fr\/wp-json\/wp\/v2\/users\/13"}],"replies":[{"embeddable":true,"href":"https:\/\/caisse-wordpress-prod.azurewebsites.net\/fr\/wp-json\/wp\/v2\/comments?post=9008"}],"version-history":[{"count":36,"href":"https:\/\/caisse-wordpress-prod.azurewebsites.net\/fr\/wp-json\/wp\/v2\/pages\/9008\/revisions"}],"predecessor-version":[{"id":25778,"href":"https:\/\/caisse-wordpress-prod.azurewebsites.net\/fr\/wp-json\/wp\/v2\/pages\/9008\/revisions\/25778"}],"wp:attachment":[{"href":"https:\/\/caisse-wordpress-prod.azurewebsites.net\/fr\/wp-json\/wp\/v2\/media?parent=9008"}],"curies":[{"name":"wp","href":"https:\/\/api.w.org\/{rel}","templated":true}]}}