{"id":8393,"date":"2016-11-02T14:12:39","date_gmt":"2016-11-02T19:12:39","guid":{"rendered":"http:\/\/www.caisse.biz\/fr\/?page_id=8393"},"modified":"2021-04-28T16:49:12","modified_gmt":"2021-04-28T21:49:12","slug":"paiement-sans-contact-flash-interac","status":"publish","type":"page","link":"https:\/\/caisse-wordpress-prod.azurewebsites.net\/fr\/acceder-a-votre-compte\/paiement-sans-contact-flash-interac\/","title":{"rendered":"Paiement sans contact Flash Interac"},"content":{"rendered":"<p>L\u2019op\u00e9ration Flash est effectu\u00e9e au moyen de la puce et du m\u00eame r\u00e9seau s\u00e9curis\u00e9 que les transactions de d\u00e9bit Interac donc, il\u00a0 vous offre tous les avantages de s\u00e9curit\u00e9 li\u00e9s au service D\u00e9bit Interac.<\/p>\n<p>Les paiements Flash sont sujets \u00e0 des limites \u00e9tablies par le marchand et celles de votre institution financi\u00e8re. Caisse Groupe Financier limite les paiements Flash \u00e0 100 $ par transaction, cependant les limites des marchands peuvent \u00eatre moins \u00e9lev\u00e9es.\u00a0 Si votre transaction exc\u00e8de la limite \u00e9tablie, vous serez demand\u00e9 d\u2019ins\u00e9rer votre carte et de rentrer votre NIP pour effectuer votre paiement.<\/p>\n<p>En guise de mesure de s\u00e9curit\u00e9 suppl\u00e9mentaire,\u00a0lorsque tous les paiements effectu\u00e9s de fa\u00e7on cons\u00e9cutive utilisant la fonction Flash exc\u00e8dent 200 $, on vous demandera d\u2019ins\u00e9rer votre carte et d\u2019entrer votre NIP. Ceci va r\u00e9initialis\u00e9e votre limite cumulative de 200 $ et vous pourrez continuer \u00e0 utiliser la fonction Flash de nouveau.<\/p>\n<p>Lorsque vous utilisez Flash <em>Interac<\/em>, vous n\u2019\u00eates pas responsable des pertes qui peuvent r\u00e9sulter de circonstances ind\u00e9pendantes de votre volont\u00e9, y compris les pertes r\u00e9sultant d\u2019erreurs techniques, de probl\u00e8mes de syst\u00e8me ou de fraude.<\/p>\n<p>Pour tous autres renseignements au sujet de la fonction de paiement sans contact Flash Interac, veuillez visiter <a href=\"https:\/\/www.interac.ca\/fr\/consommateur\/produits\/debit-interac\/paiements-sans-contact\/.html\" target=\"_blank\" rel=\"noopener noreferrer\">https:\/\/www.interac.ca\/fr\/consommateur\/produits\/debit-interac\/paiements-sans-contact\/.html<\/a>.<\/p>\n<p>Si vous voulez obtenir une carte de d\u00e9bit Caisse avec Flash <em>Interac<\/em>, veuillez visiter un de nos centres de services.<\/p>\n","protected":false},"excerpt":{"rendered":"<p>L\u2019op\u00e9ration Flash est effectu\u00e9e au moyen de la puce et du m\u00eame r\u00e9seau s\u00e9curis\u00e9 que les transactions de d\u00e9bit Interac donc, il\u00a0 vous offre tous les avantages de s\u00e9curit\u00e9 li\u00e9s au service D\u00e9bit Interac. Les paiements Flash sont sujets \u00e0 des limites \u00e9tablies par le marchand et celles de votre institution financi\u00e8re. Caisse Groupe Financier [&hellip;]<\/p>\n","protected":false},"author":13,"featured_media":0,"parent":3630,"menu_order":0,"comment_status":"closed","ping_status":"closed","template":"tpl_page_right_sidebar.php","meta":{"_acf_changed":false,"footnotes":""},"class_list":["post-8393","page","type-page","status-publish","hentry"],"acf":[],"_links":{"self":[{"href":"https:\/\/caisse-wordpress-prod.azurewebsites.net\/fr\/wp-json\/wp\/v2\/pages\/8393","targetHints":{"allow":["GET"]}}],"collection":[{"href":"https:\/\/caisse-wordpress-prod.azurewebsites.net\/fr\/wp-json\/wp\/v2\/pages"}],"about":[{"href":"https:\/\/caisse-wordpress-prod.azurewebsites.net\/fr\/wp-json\/wp\/v2\/types\/page"}],"author":[{"embeddable":true,"href":"https:\/\/caisse-wordpress-prod.azurewebsites.net\/fr\/wp-json\/wp\/v2\/users\/13"}],"replies":[{"embeddable":true,"href":"https:\/\/caisse-wordpress-prod.azurewebsites.net\/fr\/wp-json\/wp\/v2\/comments?post=8393"}],"version-history":[{"count":4,"href":"https:\/\/caisse-wordpress-prod.azurewebsites.net\/fr\/wp-json\/wp\/v2\/pages\/8393\/revisions"}],"predecessor-version":[{"id":22956,"href":"https:\/\/caisse-wordpress-prod.azurewebsites.net\/fr\/wp-json\/wp\/v2\/pages\/8393\/revisions\/22956"}],"up":[{"embeddable":true,"href":"https:\/\/caisse-wordpress-prod.azurewebsites.net\/fr\/wp-json\/wp\/v2\/pages\/3630"}],"wp:attachment":[{"href":"https:\/\/caisse-wordpress-prod.azurewebsites.net\/fr\/wp-json\/wp\/v2\/media?parent=8393"}],"curies":[{"name":"wp","href":"https:\/\/api.w.org\/{rel}","templated":true}]}}