{"id":4245,"date":"2016-02-25T20:27:03","date_gmt":"2016-02-26T02:27:03","guid":{"rendered":"http:\/\/www.caisse.biz\/fr\/?page_id=4245"},"modified":"2025-03-13T08:22:57","modified_gmt":"2025-03-13T14:22:57","slug":"comptes-sans-frais","status":"publish","type":"page","link":"https:\/\/caisse-wordpress-prod.azurewebsites.net\/fr\/personnel\/comptes-sans-frais\/","title":{"rendered":"Comptes sans frais"},"content":{"rendered":"<h3>Il existe un compte sans frais pour chacun!<\/h3>\n<p>Profitez des transactions gratuites illimit\u00e9es ainsi que d\u2019autres bonis, tels que les tirages de prix en argent comptant pour jeunes et \u00e9tudiants, les ch\u00e8ques gratuits pour l&rsquo;\u00e2ge d\u2019or et encore plus.<\/p>\n<p>Sans frais signifie GRATUIT avec peu d&rsquo;exceptions. Nous d\u00e9testons les frais! Consultez ces Comptes sans frais, il en existe un pour chacune des phases de la vie. Les \u00e9tudiants b\u00e9n\u00e9ficient de tirages de prix en argent comptant et les a\u00een\u00e9s profitent de ch\u00e8ques gratuits. Voyez les avantages que ces comptes peuvent vous apporter.<\/p>\n<p><strong>Questions ?<\/strong><br \/>\n<a href=\"..\/..\/trouvez-un-centre\">Contactez un centre de services pr\u00e8s de chez vous<\/a><\/p>\n","protected":false},"excerpt":{"rendered":"<p>Il existe un compte sans frais pour chacun! Profitez des transactions gratuites illimit\u00e9es ainsi que d\u2019autres bonis, tels que les tirages de prix en argent comptant pour jeunes et \u00e9tudiants, les ch\u00e8ques gratuits pour l&rsquo;\u00e2ge d\u2019or et encore plus. Sans frais signifie GRATUIT avec peu d&rsquo;exceptions. Nous d\u00e9testons les frais! Consultez ces Comptes sans frais, [&hellip;]<\/p>\n","protected":false},"author":13,"featured_media":18065,"parent":157,"menu_order":20,"comment_status":"closed","ping_status":"closed","template":"tpl_accounts_personal.php","meta":{"_acf_changed":false,"footnotes":""},"class_list":["post-4245","page","type-page","status-publish","has-post-thumbnail","hentry"],"acf":[],"_links":{"self":[{"href":"https:\/\/caisse-wordpress-prod.azurewebsites.net\/fr\/wp-json\/wp\/v2\/pages\/4245","targetHints":{"allow":["GET"]}}],"collection":[{"href":"https:\/\/caisse-wordpress-prod.azurewebsites.net\/fr\/wp-json\/wp\/v2\/pages"}],"about":[{"href":"https:\/\/caisse-wordpress-prod.azurewebsites.net\/fr\/wp-json\/wp\/v2\/types\/page"}],"author":[{"embeddable":true,"href":"https:\/\/caisse-wordpress-prod.azurewebsites.net\/fr\/wp-json\/wp\/v2\/users\/13"}],"replies":[{"embeddable":true,"href":"https:\/\/caisse-wordpress-prod.azurewebsites.net\/fr\/wp-json\/wp\/v2\/comments?post=4245"}],"version-history":[{"count":1,"href":"https:\/\/caisse-wordpress-prod.azurewebsites.net\/fr\/wp-json\/wp\/v2\/pages\/4245\/revisions"}],"predecessor-version":[{"id":22349,"href":"https:\/\/caisse-wordpress-prod.azurewebsites.net\/fr\/wp-json\/wp\/v2\/pages\/4245\/revisions\/22349"}],"up":[{"embeddable":true,"href":"https:\/\/caisse-wordpress-prod.azurewebsites.net\/fr\/wp-json\/wp\/v2\/pages\/157"}],"wp:featuredmedia":[{"embeddable":true,"href":"https:\/\/caisse-wordpress-prod.azurewebsites.net\/fr\/wp-json\/wp\/v2\/media\/18065"}],"wp:attachment":[{"href":"https:\/\/caisse-wordpress-prod.azurewebsites.net\/fr\/wp-json\/wp\/v2\/media?parent=4245"}],"curies":[{"name":"wp","href":"https:\/\/api.w.org\/{rel}","templated":true}]}}