{"id":4059,"date":"2016-02-19T19:26:55","date_gmt":"2016-02-19T19:26:55","guid":{"rendered":"http:\/\/www.caisse.biz\/fr\/?page_id=4059"},"modified":"2025-01-20T11:18:07","modified_gmt":"2025-01-20T16:18:07","slug":"offres-speciales","status":"publish","type":"page","link":"https:\/\/caisse-wordpress-prod.azurewebsites.net\/fr\/offres-speciales\/","title":{"rendered":"OFFRES ET SONDAGES"},"content":{"rendered":"<p>Nous avons regroup\u00e9 nos offres sp\u00e9ciales dans cette section pour que vous puissiez les trouver facilement.\u00a0Nous\u00a0r\u00e9visons nos offres sp\u00e9ciales fr\u00e9quemment donc v\u00e9rifiez ici souvent pour ne rien manquer !<\/p>\n<div class=\"row\">\n<div class=\"col-md-4\">\n<div style=\"background-color: #8c8c8c; padding: 1% 8% 8% 8%; height: 635px;\">\n<h3 style=\"color: white;\">Concours<\/h3>\n<p style=\"color: white;\">Suivez-nous sur <b><a style=\"color: white;\" href=\"https:\/\/www.instagram.com\/caissegroupefinancier\/\" target=\"_blank\" rel=\"noopener noreferrer\">Instagram<\/a><\/b> et <b><a style=\"color: white;\" href=\"https:\/\/www.facebook.com\/caissegroupefinancier\" target=\"_blank\" rel=\"noopener noreferrer\">Facebook<\/a><\/b> pour les d\u00e9tails des concours \u00e0 venir.<\/p>\n<\/div>\n<\/div>\n<div class=\"col-md-4\">\n<div style=\"background-color: #2babe2; padding: 1% 8% 8% 8%; height: 635px;\">\n<h3 style=\"color: white;\">Offres sp\u00e9ciales<\/h3>\n<p><b style=\"color: white;\">Taux d&rsquo;investissement &#8211; particuliers<\/b><br \/>\n<small style=\"color: white;\">Taux non-encaissable de 1 an \u00e0<\/small><\/p>\n<p style=\"color: white; font-size: 300%;\"><span class='investment_12m_nonredeemable rate default'>3,40 %<\/span>\n<p style=\"color: white;\">pour les certificats de placement garanti (CPG R\u00e9gulier, CPG REER, CPG FERR &amp; CPG CELI )<\/p>\n<p><a class=\"btn btn-primary\" href=\"..\/personnel\/taux\/\">En savoir plus<\/a><\/p>\n<p>&nbsp;<\/p>\n<p><b style=\"color: white;\">Cartes de cr\u00e9dit<\/b><br \/>\n<small style=\"color: white; font-size: 100%;\">Simplifiez vos finances sans d\u00e9penser : les transferts de solde sont<\/small><\/p>\n<p style=\"color: white; font-size: 300%;\">sans int\u00e9r\u00eat<\/p>\n<p style=\"color: white;\">pendant neuf mois*.<\/p>\n<p style=\"color: white; font-size: 75%;\">*Des frais de transfert ponctuels de 2 % s&rsquo;appliquent. Consultez les modalit\u00e9s pour en savoir plus.<\/p>\n<p><a class=\"btn btn-primary\" href=\"https:\/\/www.collabriacreditcards.ca\/affiliate_caisse-financial-group\/fr\/offres\/transfert2025.aspx\" target=\"_blank\" rel=\"noopener noreferrer\">En savoir plus<\/a><\/p>\n<\/div>\n<\/div>\n<div class=\"col-md-4\">\n<div style=\"background-color: #00364c; padding: 1% 8% 8% 8%; height: 635px;\">\n<h3 style=\"color: white;\">R\u00e9compenses membres<\/h3>\n<p><b style=\"color: white;\">Tirage mensuel Compte Jeunesse<\/b><\/p>\n<p style=\"color: white;\">Les membres avec le compte Jeunesse peuvent gagner 50 $ ( 5 \u00e0 12 ans) ou 100 $ (13 \u00e0 18 ans). Les tirages ont lieu chaque mois.<\/p>\n<p><a class=\"btn btn-primary\" href=\"..\/personnel\/comptes-sans-frais\/tirages-mensuels-compte-jeunesse\/\">En savoir plus<\/a><\/p>\n<p>&nbsp;<\/p>\n<p><b style=\"color: white;\">Tirage Compte \u00c9tudiant<\/b><\/p>\n<p style=\"color: white;\">Les membres avec un compte \u00c9tudiant peuvent gagner 500 $ trois fois chaque ann\u00e9e. Les tirages ont lieu aux mois de mars, juillet et novembre.<\/p>\n<p><a class=\"btn btn-primary\" href=\"..\/personnel\/comptes-sans-frais\/concours-epargne-etudiant\/\">En savoir plus<\/a><\/p>\n<\/div>\n<\/div>\n<\/div>\n","protected":false},"excerpt":{"rendered":"<p>Nous avons regroup\u00e9 nos offres sp\u00e9ciales dans cette section pour que vous puissiez les trouver facilement.\u00a0Nous\u00a0r\u00e9visons nos offres sp\u00e9ciales fr\u00e9quemment donc v\u00e9rifiez ici souvent pour ne rien manquer !<\/p>\n","protected":false},"author":13,"featured_media":0,"parent":0,"menu_order":0,"comment_status":"closed","ping_status":"closed","template":"tpl_page_right_sidebar.php","meta":{"_acf_changed":false,"footnotes":""},"class_list":["post-4059","page","type-page","status-publish","hentry"],"acf":[],"_links":{"self":[{"href":"https:\/\/caisse-wordpress-prod.azurewebsites.net\/fr\/wp-json\/wp\/v2\/pages\/4059","targetHints":{"allow":["GET"]}}],"collection":[{"href":"https:\/\/caisse-wordpress-prod.azurewebsites.net\/fr\/wp-json\/wp\/v2\/pages"}],"about":[{"href":"https:\/\/caisse-wordpress-prod.azurewebsites.net\/fr\/wp-json\/wp\/v2\/types\/page"}],"author":[{"embeddable":true,"href":"https:\/\/caisse-wordpress-prod.azurewebsites.net\/fr\/wp-json\/wp\/v2\/users\/13"}],"replies":[{"embeddable":true,"href":"https:\/\/caisse-wordpress-prod.azurewebsites.net\/fr\/wp-json\/wp\/v2\/comments?post=4059"}],"version-history":[{"count":83,"href":"https:\/\/caisse-wordpress-prod.azurewebsites.net\/fr\/wp-json\/wp\/v2\/pages\/4059\/revisions"}],"predecessor-version":[{"id":29691,"href":"https:\/\/caisse-wordpress-prod.azurewebsites.net\/fr\/wp-json\/wp\/v2\/pages\/4059\/revisions\/29691"}],"wp:attachment":[{"href":"https:\/\/caisse-wordpress-prod.azurewebsites.net\/fr\/wp-json\/wp\/v2\/media?parent=4059"}],"curies":[{"name":"wp","href":"https:\/\/api.w.org\/{rel}","templated":true}]}}