{"id":3630,"date":"2016-02-09T22:35:49","date_gmt":"2016-02-10T03:35:49","guid":{"rendered":"http:\/\/www.caisse.biz\/fr\/?page_id=3630"},"modified":"2024-11-27T10:33:44","modified_gmt":"2024-11-27T15:33:44","slug":"acceder-a-votre-compte","status":"publish","type":"page","link":"https:\/\/caisse-wordpress-prod.azurewebsites.net\/fr\/acceder-a-votre-compte\/","title":{"rendered":"Acc\u00e9der \u00e0 votre compte"},"content":{"rendered":"<h3>Nos membres peuvent acc\u00e9der \u00e0 leurs comptes et \u00e0 nos services par nos divers canaux.<\/h3>\n<p>Utilisez ces canaux pour:<br \/>\nVoir les d\u00e9tails de votre compte et de vos transactions<br \/>\n\u2022 Envoyer des virements \u00e9lectroniques<br \/>\n\u2022 Payer vos factures<br \/>\n\u2022 D\u00e9poser vos ch\u00e8ques<br \/>\n\u2022 Retirer des fonds<\/p>\n<p>Si vous n\u2019avez pas pr\u00e9sentement acc\u00e8s \u00e0 e-Caisse, veuillez <a href=\"https:\/\/caisse.biz\/fr\/trouvez-un-centre\/\">contacter votre centre de services<\/a><\/p>\n<p><img loading=\"lazy\" decoding=\"async\" class=\"alignnone size-full wp-image-8311\" src=\"\/wp-content\/uploads\/2023\/07\/pdf-2023.jpg\" alt=\"\" width=\"32\" height=\"32\" \/><a href=\"\/wp-content\/uploads\/2024\/11\/Caisse-compare-sheet-2024-11-FR-web.pdf\">Comparez les diff\u00e9rents modalit\u00e9s de e-Caisse et de l&rsquo;appli mobile Caisse.<\/a><\/p>\n","protected":false},"excerpt":{"rendered":"<p>Nos membres peuvent acc\u00e9der \u00e0 leurs comptes et \u00e0 nos services par nos divers canaux. Utilisez ces canaux pour: Voir les d\u00e9tails de votre compte et de vos transactions \u2022 Envoyer des virements \u00e9lectroniques \u2022 Payer vos factures \u2022 D\u00e9poser vos ch\u00e8ques \u2022 Retirer des fonds Si vous n\u2019avez pas pr\u00e9sentement acc\u00e8s \u00e0 e-Caisse, veuillez [&hellip;]<\/p>\n","protected":false},"author":13,"featured_media":18037,"parent":0,"menu_order":0,"comment_status":"closed","ping_status":"closed","template":"tpl_accounts_personal.php","meta":{"_acf_changed":false,"footnotes":""},"class_list":["post-3630","page","type-page","status-publish","has-post-thumbnail","hentry"],"acf":[],"_links":{"self":[{"href":"https:\/\/caisse-wordpress-prod.azurewebsites.net\/fr\/wp-json\/wp\/v2\/pages\/3630","targetHints":{"allow":["GET"]}}],"collection":[{"href":"https:\/\/caisse-wordpress-prod.azurewebsites.net\/fr\/wp-json\/wp\/v2\/pages"}],"about":[{"href":"https:\/\/caisse-wordpress-prod.azurewebsites.net\/fr\/wp-json\/wp\/v2\/types\/page"}],"author":[{"embeddable":true,"href":"https:\/\/caisse-wordpress-prod.azurewebsites.net\/fr\/wp-json\/wp\/v2\/users\/13"}],"replies":[{"embeddable":true,"href":"https:\/\/caisse-wordpress-prod.azurewebsites.net\/fr\/wp-json\/wp\/v2\/comments?post=3630"}],"version-history":[{"count":11,"href":"https:\/\/caisse-wordpress-prod.azurewebsites.net\/fr\/wp-json\/wp\/v2\/pages\/3630\/revisions"}],"predecessor-version":[{"id":29570,"href":"https:\/\/caisse-wordpress-prod.azurewebsites.net\/fr\/wp-json\/wp\/v2\/pages\/3630\/revisions\/29570"}],"wp:featuredmedia":[{"embeddable":true,"href":"https:\/\/caisse-wordpress-prod.azurewebsites.net\/fr\/wp-json\/wp\/v2\/media\/18037"}],"wp:attachment":[{"href":"https:\/\/caisse-wordpress-prod.azurewebsites.net\/fr\/wp-json\/wp\/v2\/media?parent=3630"}],"curies":[{"name":"wp","href":"https:\/\/api.w.org\/{rel}","templated":true}]}}