{"id":335,"date":"2015-11-04T16:45:03","date_gmt":"2015-11-04T21:45:03","guid":{"rendered":"http:\/\/www.caisse.biz\/fr\/?page_id=335"},"modified":"2020-08-16T11:24:50","modified_gmt":"2020-08-16T16:24:50","slug":"cheques","status":"publish","type":"page","link":"https:\/\/caisse-wordpress-prod.azurewebsites.net\/fr\/personnel\/cheques\/","title":{"rendered":"Comptes ch\u00e8ques"},"content":{"rendered":"<h3>Nous vous proposons une vari\u00e9t\u00e9 de comptes ch\u00e8ques qui vous permettent d&rsquo;acc\u00e9der \u00e0 vos fonds pour vos transactions et achats quotidiens. Trouvez celui qui correspond \u00e0 vos besoins!<\/h3>\n<p>Les comptes ch\u00e8ques sont l&rsquo;endroit id\u00e9al pour placer les fonds que vous d\u00e9sirez acc\u00e9der facilement. Il est possible que vous n&rsquo;\u00e9crivez plus de ch\u00e8ques, mais les virements Interac devraient provenir de votre compte ch\u00e8ques afin d&rsquo;\u00e9viter les frais plus \u00e9lev\u00e9s s&rsquo;ils proviennent de votre compte \u00e9pargne.<\/p>\n<p>Tous nos comptes ch\u00e8ques sont <a href=\"..\/..\/assurance-depots\/\">garantis sans limite<\/a>\u00a0par la <a href=\"https:\/\/sadm.ca\/\" target=\"_blank\" rel=\"noopener noreferrer\">Soci\u00e9t\u00e9 d\u2019assurance-d\u00e9p\u00f4ts du Manitoba<\/a>.<\/p>\n<p><strong>Questions ?<\/strong><br \/>\n<a href=\"..\/..\/trouvez-un-centre\">Contactez un centre de services pr\u00e8s de chez vous<\/a><br \/>\n&emsp;<br \/>\n<a href=\"..\/..\/foire-aux-questions\/\"><img loading=\"lazy\" decoding=\"async\" src=\"..\/..\/..\/wp-content\/uploads\/2020\/07\/FAQ-Btn-FR.png\" alt=\"Cliquez ici pour consulter la FAQ\" width=\"207\" height=\"39\" class=\"alignleft size-full wp-image-18665\" \/><\/a><\/p>\n","protected":false},"excerpt":{"rendered":"<p>Nous vous proposons une vari\u00e9t\u00e9 de comptes ch\u00e8ques qui vous permettent d&rsquo;acc\u00e9der \u00e0 vos fonds pour vos transactions et achats quotidiens. Trouvez celui qui correspond \u00e0 vos besoins! Les comptes ch\u00e8ques sont l&rsquo;endroit id\u00e9al pour placer les fonds que vous d\u00e9sirez acc\u00e9der facilement. Il est possible que vous n&rsquo;\u00e9crivez plus de ch\u00e8ques, mais les virements [&hellip;]<\/p>\n","protected":false},"author":13,"featured_media":18047,"parent":157,"menu_order":10,"comment_status":"closed","ping_status":"closed","template":"tpl_accounts_personal.php","meta":{"_acf_changed":false,"footnotes":""},"class_list":["post-335","page","type-page","status-publish","has-post-thumbnail","hentry"],"acf":[],"_links":{"self":[{"href":"https:\/\/caisse-wordpress-prod.azurewebsites.net\/fr\/wp-json\/wp\/v2\/pages\/335","targetHints":{"allow":["GET"]}}],"collection":[{"href":"https:\/\/caisse-wordpress-prod.azurewebsites.net\/fr\/wp-json\/wp\/v2\/pages"}],"about":[{"href":"https:\/\/caisse-wordpress-prod.azurewebsites.net\/fr\/wp-json\/wp\/v2\/types\/page"}],"author":[{"embeddable":true,"href":"https:\/\/caisse-wordpress-prod.azurewebsites.net\/fr\/wp-json\/wp\/v2\/users\/13"}],"replies":[{"embeddable":true,"href":"https:\/\/caisse-wordpress-prod.azurewebsites.net\/fr\/wp-json\/wp\/v2\/comments?post=335"}],"version-history":[{"count":0,"href":"https:\/\/caisse-wordpress-prod.azurewebsites.net\/fr\/wp-json\/wp\/v2\/pages\/335\/revisions"}],"up":[{"embeddable":true,"href":"https:\/\/caisse-wordpress-prod.azurewebsites.net\/fr\/wp-json\/wp\/v2\/pages\/157"}],"wp:featuredmedia":[{"embeddable":true,"href":"https:\/\/caisse-wordpress-prod.azurewebsites.net\/fr\/wp-json\/wp\/v2\/media\/18047"}],"wp:attachment":[{"href":"https:\/\/caisse-wordpress-prod.azurewebsites.net\/fr\/wp-json\/wp\/v2\/media?parent=335"}],"curies":[{"name":"wp","href":"https:\/\/api.w.org\/{rel}","templated":true}]}}