{"id":333,"date":"2015-11-04T16:45:54","date_gmt":"2015-11-04T22:45:54","guid":{"rendered":"http:\/\/www.caisse.biz\/fr\/?page_id=333"},"modified":"2025-04-14T13:07:43","modified_gmt":"2025-04-14T19:07:43","slug":"hypotheques","status":"publish","type":"page","link":"https:\/\/caisse-wordpress-prod.azurewebsites.net\/fr\/personnel\/hypotheques\/","title":{"rendered":"Hypoth\u00e8ques"},"content":{"rendered":"<h2>La bonne hypoth\u00e8que pour vous, c\u2019est chez nous !<\/h2>\n<h3>Lorsque vous trouvez la bonne maison, vous n&rsquo;avez pas \u00e0 chercher bien loin pour trouver l&rsquo;hypoth\u00e8que qui vous convient.Caisse vous offre une expertise locale, des taux comp\u00e9titifs et des conditions flexibles, et ce, tout pr\u00e8s de chez vous.<\/h3>\n<p>Nos hypoth\u00e8ques vous offrent la flexibilit\u00e9 que vous recherchez, y compris:<\/p>\n<ul>\n<li>rembourser votre hypoth\u00e8que plus rapidement<\/li>\n<li>reporter un paiement si vous avez besoin (des conditions s&rsquo;appliquent)<\/li>\n<li>ajouter \u00e0 votre hypoth\u00e8que pour financer une voiture, des r\u00e9novations de maison ou d&rsquo;autres achats<\/li>\n<li>transf\u00e9rer votre hypoth\u00e8que \u00e0 une nouvelle maison dans le futur<\/li>\n<li>et d&rsquo;autres options flexibles.<\/li>\n<\/ul>\n<p>De plus, nos bas taux hypoth\u00e9caires font que c\u2019est un choix abordable de devenir propri\u00e9taire d\u2019une maison.<\/p>\n<p>Laissez-nous vous aider \u00e0 choisir la bonne hypoth\u00e8que pour vous afin que vous puissiez vous concentrer \u00e0 jouir de votre nouvelle maison.<\/p>\n<p><strong>Combien puis-je me permettre?<\/strong><br \/>\n<a class=\"bold-link\" href=\"https:\/\/caisse.biz\/fr\/outils\/calculatrice-de-pret-hypothecaire\/\">Calculer<\/a><\/p>\n<p>&nbsp;<\/p>\n<p><strong>Questions ?<\/strong><br \/>\n<a href=\"..\/..\/trouvez-un-centre\">Contactez un centre de services pr\u00e8s de chez vous<\/a><\/p>\n<p><a href=\"..\/..\/foire-aux-questions\/\"><img loading=\"lazy\" decoding=\"async\" src=\"..\/..\/..\/wp-content\/uploads\/2020\/07\/FAQ-Btn-FR.png\" alt=\"Cliquez ici pour consulter la FAQ\" width=\"207\" height=\"39\" class=\"alignleft size-full wp-image-18665\" \/><\/a><\/p>\n","protected":false},"excerpt":{"rendered":"<p>La bonne hypoth\u00e8que pour vous, c\u2019est chez nous ! Lorsque vous trouvez la bonne maison, vous n&rsquo;avez pas \u00e0 chercher bien loin pour trouver l&rsquo;hypoth\u00e8que qui vous convient.Caisse vous offre une expertise locale, des taux comp\u00e9titifs et des conditions flexibles, et ce, tout pr\u00e8s de chez vous. Nos hypoth\u00e8ques vous offrent la flexibilit\u00e9 que vous [&hellip;]<\/p>\n","protected":false},"author":13,"featured_media":29932,"parent":157,"menu_order":30,"comment_status":"closed","ping_status":"closed","template":"tpl_accounts_personal.php","meta":{"_acf_changed":false,"footnotes":""},"class_list":["post-333","page","type-page","status-publish","has-post-thumbnail","hentry"],"acf":[],"_links":{"self":[{"href":"https:\/\/caisse-wordpress-prod.azurewebsites.net\/fr\/wp-json\/wp\/v2\/pages\/333","targetHints":{"allow":["GET"]}}],"collection":[{"href":"https:\/\/caisse-wordpress-prod.azurewebsites.net\/fr\/wp-json\/wp\/v2\/pages"}],"about":[{"href":"https:\/\/caisse-wordpress-prod.azurewebsites.net\/fr\/wp-json\/wp\/v2\/types\/page"}],"author":[{"embeddable":true,"href":"https:\/\/caisse-wordpress-prod.azurewebsites.net\/fr\/wp-json\/wp\/v2\/users\/13"}],"replies":[{"embeddable":true,"href":"https:\/\/caisse-wordpress-prod.azurewebsites.net\/fr\/wp-json\/wp\/v2\/comments?post=333"}],"version-history":[{"count":16,"href":"https:\/\/caisse-wordpress-prod.azurewebsites.net\/fr\/wp-json\/wp\/v2\/pages\/333\/revisions"}],"predecessor-version":[{"id":29939,"href":"https:\/\/caisse-wordpress-prod.azurewebsites.net\/fr\/wp-json\/wp\/v2\/pages\/333\/revisions\/29939"}],"up":[{"embeddable":true,"href":"https:\/\/caisse-wordpress-prod.azurewebsites.net\/fr\/wp-json\/wp\/v2\/pages\/157"}],"wp:featuredmedia":[{"embeddable":true,"href":"https:\/\/caisse-wordpress-prod.azurewebsites.net\/fr\/wp-json\/wp\/v2\/media\/29932"}],"wp:attachment":[{"href":"https:\/\/caisse-wordpress-prod.azurewebsites.net\/fr\/wp-json\/wp\/v2\/media?parent=333"}],"curies":[{"name":"wp","href":"https:\/\/api.w.org\/{rel}","templated":true}]}}