{"id":323,"date":"2015-11-04T16:40:18","date_gmt":"2015-11-04T21:40:18","guid":{"rendered":"http:\/\/www.caisse.biz\/fr\/?page_id=323"},"modified":"2020-08-16T17:37:50","modified_gmt":"2020-08-16T22:37:50","slug":"hypotheques-et-prets","status":"publish","type":"page","link":"https:\/\/caisse-wordpress-prod.azurewebsites.net\/fr\/services-affaires-et-agricoles\/hypotheques-et-prets\/","title":{"rendered":"Hypoth\u00e8ques et pr\u00eats"},"content":{"rendered":"<h3>Nous offrons le financement \u00e0 court terme et \u00e0 long terme pour les petites, moyennes et grandes entreprises et fermes qui \u0153uvrent dans une vari\u00e9t\u00e9 d\u2019industries.<\/h3>\n<p><strong>Financement des op\u00e9rations et propri\u00e9t\u00e9s<\/strong><\/p>\n<ul>\n<li>Immobilier commercial<\/li>\n<li>R\u00e9sidences \u00e0 logements multiples<\/li>\n<li>Baux viagers<\/li>\n<li>Op\u00e9rations agricoles comprenant les fermes c\u00e9r\u00e9ali\u00e8res, laiti\u00e8res et d\u2019\u00e9levage de b\u00e9tail ainsi que les entreprises agroalimentaires<\/li>\n<\/ul>\n<p><strong>Financement pour les op\u00e9rations quotidiennes et l\u2019achat des \u00e9quipements<\/strong><\/p>\n<ul>\n<li>Marges de cr\u00e9dit<\/li>\n<li>Pr\u00eat \u00e0 terme<\/li>\n<li>Bail<\/li>\n<li>Lettre de cr\u00e9dit<\/li>\n<\/ul>\n<p>Les approbations des hypoth\u00e8ques et des pr\u00eats sont effectu\u00e9es localement. Caisse Groupe Financier participe aux programmes de garantie de pr\u00eats du gouvernement f\u00e9d\u00e9ral et provincial qui appuient les entreprises \u00e9ligibles avec les co\u00fbts de d\u00e9marrage ou d\u2019expansion.<\/p>\n<p><strong>Questions ?<\/strong><br \/>\n<a href=\"..\/..\/trouvez-un-centre\">Contactez un G\u00e9rant de comptes affaires et agricoles.<\/a><br \/>\n&emsp;<br \/>\n<a href=\"..\/..\/foire-aux-questions\/\"><img loading=\"lazy\" decoding=\"async\" src=\"..\/..\/..\/wp-content\/uploads\/2020\/07\/FAQ-Btn-FR.png\" alt=\"Cliquez ici pour consulter la FAQ\" width=\"207\" height=\"39\" class=\"alignleft size-full wp-image-18665\" \/><\/a><\/p>\n","protected":false},"excerpt":{"rendered":"<p>Nous offrons le financement \u00e0 court terme et \u00e0 long terme pour les petites, moyennes et grandes entreprises et fermes qui \u0153uvrent dans une vari\u00e9t\u00e9 d\u2019industries. Financement des op\u00e9rations et propri\u00e9t\u00e9s Immobilier commercial R\u00e9sidences \u00e0 logements multiples Baux viagers Op\u00e9rations agricoles comprenant les fermes c\u00e9r\u00e9ali\u00e8res, laiti\u00e8res et d\u2019\u00e9levage de b\u00e9tail ainsi que les entreprises agroalimentaires [&hellip;]<\/p>\n","protected":false},"author":13,"featured_media":18043,"parent":155,"menu_order":30,"comment_status":"closed","ping_status":"closed","template":"tpl_accounts_business.php","meta":{"_acf_changed":false,"footnotes":""},"class_list":["post-323","page","type-page","status-publish","has-post-thumbnail","hentry"],"acf":[],"_links":{"self":[{"href":"https:\/\/caisse-wordpress-prod.azurewebsites.net\/fr\/wp-json\/wp\/v2\/pages\/323","targetHints":{"allow":["GET"]}}],"collection":[{"href":"https:\/\/caisse-wordpress-prod.azurewebsites.net\/fr\/wp-json\/wp\/v2\/pages"}],"about":[{"href":"https:\/\/caisse-wordpress-prod.azurewebsites.net\/fr\/wp-json\/wp\/v2\/types\/page"}],"author":[{"embeddable":true,"href":"https:\/\/caisse-wordpress-prod.azurewebsites.net\/fr\/wp-json\/wp\/v2\/users\/13"}],"replies":[{"embeddable":true,"href":"https:\/\/caisse-wordpress-prod.azurewebsites.net\/fr\/wp-json\/wp\/v2\/comments?post=323"}],"version-history":[{"count":0,"href":"https:\/\/caisse-wordpress-prod.azurewebsites.net\/fr\/wp-json\/wp\/v2\/pages\/323\/revisions"}],"up":[{"embeddable":true,"href":"https:\/\/caisse-wordpress-prod.azurewebsites.net\/fr\/wp-json\/wp\/v2\/pages\/155"}],"wp:featuredmedia":[{"embeddable":true,"href":"https:\/\/caisse-wordpress-prod.azurewebsites.net\/fr\/wp-json\/wp\/v2\/media\/18043"}],"wp:attachment":[{"href":"https:\/\/caisse-wordpress-prod.azurewebsites.net\/fr\/wp-json\/wp\/v2\/media?parent=323"}],"curies":[{"name":"wp","href":"https:\/\/api.w.org\/{rel}","templated":true}]}}