{"id":319,"date":"2015-11-04T16:39:18","date_gmt":"2015-11-04T21:39:18","guid":{"rendered":"http:\/\/www.caisse.biz\/fr\/?page_id=319"},"modified":"2022-08-31T09:32:56","modified_gmt":"2022-08-31T14:32:56","slug":"comptes-epargne-affaires-et-agricole","status":"publish","type":"page","link":"https:\/\/caisse-wordpress-prod.azurewebsites.net\/fr\/services-affaires-et-agricoles\/comptes-epargne-affaires-et-agricole\/","title":{"rendered":"Comptes \u00e9pargne"},"content":{"rendered":"<h3>Nos comptes \u00e9pargne sans frais mensuel aident les entreprises et les fermiers \u00e0 fructifier leurs \u00e9pargnes plus rapidement.<\/h3>\n<p>Tous les comptes \u00e9pargne de Caisse Groupe Financier sont <a href=\"..\/..\/legal\/assurance-depots\/\">garantis sans limite<\/a> par la <a href=\"https:\/\/sadm.ca\/\" target=\"_blank\" rel=\"noopener noreferrer\">Soci\u00e9t\u00e9 d\u2019assurance-d\u00e9p\u00f4ts du Manitoba<\/a>.<\/p>\n<p><strong>Questions ?<\/strong><br \/>\n<a href=\"..\/..\/trouvez-un-centre\">Contactez un G\u00e9rant de comptes affaires et agricoles.<\/a><\/p>\n","protected":false},"excerpt":{"rendered":"<p>Nos comptes \u00e9pargne sans frais mensuel aident les entreprises et les fermiers \u00e0 fructifier leurs \u00e9pargnes plus rapidement. Tous les comptes \u00e9pargne de Caisse Groupe Financier sont garantis sans limite par la Soci\u00e9t\u00e9 d\u2019assurance-d\u00e9p\u00f4ts du Manitoba. Questions ? Contactez un G\u00e9rant de comptes affaires et agricoles.<\/p>\n","protected":false},"author":13,"featured_media":18045,"parent":155,"menu_order":20,"comment_status":"closed","ping_status":"closed","template":"tpl_accounts_business.php","meta":{"_acf_changed":false,"footnotes":""},"class_list":["post-319","page","type-page","status-publish","has-post-thumbnail","hentry"],"acf":[],"_links":{"self":[{"href":"https:\/\/caisse-wordpress-prod.azurewebsites.net\/fr\/wp-json\/wp\/v2\/pages\/319","targetHints":{"allow":["GET"]}}],"collection":[{"href":"https:\/\/caisse-wordpress-prod.azurewebsites.net\/fr\/wp-json\/wp\/v2\/pages"}],"about":[{"href":"https:\/\/caisse-wordpress-prod.azurewebsites.net\/fr\/wp-json\/wp\/v2\/types\/page"}],"author":[{"embeddable":true,"href":"https:\/\/caisse-wordpress-prod.azurewebsites.net\/fr\/wp-json\/wp\/v2\/users\/13"}],"replies":[{"embeddable":true,"href":"https:\/\/caisse-wordpress-prod.azurewebsites.net\/fr\/wp-json\/wp\/v2\/comments?post=319"}],"version-history":[{"count":1,"href":"https:\/\/caisse-wordpress-prod.azurewebsites.net\/fr\/wp-json\/wp\/v2\/pages\/319\/revisions"}],"predecessor-version":[{"id":25732,"href":"https:\/\/caisse-wordpress-prod.azurewebsites.net\/fr\/wp-json\/wp\/v2\/pages\/319\/revisions\/25732"}],"up":[{"embeddable":true,"href":"https:\/\/caisse-wordpress-prod.azurewebsites.net\/fr\/wp-json\/wp\/v2\/pages\/155"}],"wp:featuredmedia":[{"embeddable":true,"href":"https:\/\/caisse-wordpress-prod.azurewebsites.net\/fr\/wp-json\/wp\/v2\/media\/18045"}],"wp:attachment":[{"href":"https:\/\/caisse-wordpress-prod.azurewebsites.net\/fr\/wp-json\/wp\/v2\/media?parent=319"}],"curies":[{"name":"wp","href":"https:\/\/api.w.org\/{rel}","templated":true}]}}