{"id":310,"date":"2015-11-04T16:37:05","date_gmt":"2015-11-04T21:37:05","guid":{"rendered":"http:\/\/www.caisse.biz\/fr\/?page_id=310"},"modified":"2020-07-11T22:21:19","modified_gmt":"2020-07-12T03:21:19","slug":"cheques","status":"publish","type":"page","link":"https:\/\/caisse-wordpress-prod.azurewebsites.net\/fr\/services-affaires-et-agricoles\/cheques\/","title":{"rendered":"Comptes ch\u00e8ques"},"content":{"rendered":"<h3>Nos comptes ch\u00e8ques conviennent aux besoins sp\u00e9cifiques des entreprises et des fermiers.<\/h3>\n<p>Nos g\u00e9rants de comptes prennent le temps de bien conna\u00eetre les caract\u00e9ristiques de votre entreprise ou de votre ferme pour vous fournir le meilleur compte ainsi que des bons conseils financiers.<\/p>\n<p>Tous les comptes\u00a0ch\u00e8ques de Caisse Groupe Financier sont <a href=\"..\/..\/assurance-depots\/\">garantis sans limite<\/a> par la <a href=\"https:\/\/sadm.ca\/\" target=\"_blank\" rel=\"noopener noreferrer\">Soci\u00e9t\u00e9 d\u2019assurance-d\u00e9p\u00f4ts du Manitoba<\/a>.<\/p>\n<p><strong>Questions ?<\/strong><br \/>\nContactez un <a href=\"..\/..\/trouvez-un-centre\">G\u00e9rant de comptes affaires et agricoles.<\/a><\/p>\n","protected":false},"excerpt":{"rendered":"<p>Nos comptes ch\u00e8ques conviennent aux besoins sp\u00e9cifiques des entreprises et des fermiers. Nos g\u00e9rants de comptes prennent le temps de bien conna\u00eetre les caract\u00e9ristiques de votre entreprise ou de votre ferme pour vous fournir le meilleur compte ainsi que des bons conseils financiers. Tous les comptes\u00a0ch\u00e8ques de Caisse Groupe Financier sont garantis sans limite par [&hellip;]<\/p>\n","protected":false},"author":13,"featured_media":18039,"parent":155,"menu_order":10,"comment_status":"closed","ping_status":"closed","template":"tpl_accounts_business.php","meta":{"_acf_changed":false,"footnotes":""},"class_list":["post-310","page","type-page","status-publish","has-post-thumbnail","hentry"],"acf":[],"_links":{"self":[{"href":"https:\/\/caisse-wordpress-prod.azurewebsites.net\/fr\/wp-json\/wp\/v2\/pages\/310","targetHints":{"allow":["GET"]}}],"collection":[{"href":"https:\/\/caisse-wordpress-prod.azurewebsites.net\/fr\/wp-json\/wp\/v2\/pages"}],"about":[{"href":"https:\/\/caisse-wordpress-prod.azurewebsites.net\/fr\/wp-json\/wp\/v2\/types\/page"}],"author":[{"embeddable":true,"href":"https:\/\/caisse-wordpress-prod.azurewebsites.net\/fr\/wp-json\/wp\/v2\/users\/13"}],"replies":[{"embeddable":true,"href":"https:\/\/caisse-wordpress-prod.azurewebsites.net\/fr\/wp-json\/wp\/v2\/comments?post=310"}],"version-history":[{"count":0,"href":"https:\/\/caisse-wordpress-prod.azurewebsites.net\/fr\/wp-json\/wp\/v2\/pages\/310\/revisions"}],"up":[{"embeddable":true,"href":"https:\/\/caisse-wordpress-prod.azurewebsites.net\/fr\/wp-json\/wp\/v2\/pages\/155"}],"wp:featuredmedia":[{"embeddable":true,"href":"https:\/\/caisse-wordpress-prod.azurewebsites.net\/fr\/wp-json\/wp\/v2\/media\/18039"}],"wp:attachment":[{"href":"https:\/\/caisse-wordpress-prod.azurewebsites.net\/fr\/wp-json\/wp\/v2\/media?parent=310"}],"curies":[{"name":"wp","href":"https:\/\/api.w.org\/{rel}","templated":true}]}}