{"id":28195,"date":"2024-01-18T12:02:41","date_gmt":"2024-01-18T17:02:41","guid":{"rendered":"https:\/\/caisse-wordpress-prod.azurewebsites.net\/?page_id=28195"},"modified":"2024-01-18T12:03:39","modified_gmt":"2024-01-18T17:03:39","slug":"blogue","status":"publish","type":"page","link":"https:\/\/caisse-wordpress-prod.azurewebsites.net\/fr\/blogue\/","title":{"rendered":"Blogue"},"content":{"rendered":"\r\n<div style=\"height:10px\" aria-hidden=\"true\" class=\"wp-block-spacer\"><\/div>\r\n\r\n\r\n\r\n<figure class=\"wp-block-image size-full is-resized\"><img decoding=\"async\" src=\"\/wp-content\/uploads\/2024\/01\/Logo-Communi-Caisse.png\" alt=\"\" class=\"wp-image-2471\" width=\"350\"\/><\/figure>\r\n\r\n\r\n\r\n<div style=\"height:20px\" aria-hidden=\"true\" class=\"wp-block-spacer\"><\/div>\r\n\r\n\r\n\r\n<p>Explorez le blogue Communi-Caisse pour \u00eatre au courant des derni\u00e8res nouveaut\u00e9s \u00e0 la Caisse et pour obtenir des conseils financiers.<\/p>\r\n\r\n\r\n\r\n<div style=\"height:53px\" aria-hidden=\"true\" class=\"wp-block-spacer\"><\/div>\r\n\r\n\r\n\r\n<div style=\"height:53px\" aria-hidden=\"true\" class=\"wp-block-spacer\"><\/div>\r\n\r\n\r\n\r\n<div class=\"wp-block-query is-layout-flow wp-block-query-is-layout-flow\"><ul class=\"is-flex-container columns-2 wp-block-post-template is-layout-flow wp-block-post-template-is-layout-flow\"><li class=\"wp-block-post post-30772 post type-post status-publish format-standard has-post-thumbnail hentry category-non-classifiee tag-alert tag-cybersecurity tag-notice tag-scam\">\r\n<figure class=\"alignwide wp-block-post-featured-image\"><a href=\"https:\/\/caisse-wordpress-prod.azurewebsites.net\/fr\/alerte-a-larnaque-par-hameconnage\/\" target=\"_self\"  ><img loading=\"lazy\" decoding=\"async\" width=\"1401\" height=\"801\" src=\"\/wp-content\/uploads\/2026\/02\/LinkedIn_FR.jpg\" class=\"attachment-post-thumbnail size-post-thumbnail wp-post-image\" alt=\"Alerte de fraude par hame\u00e7onnage\" style=\"object-fit:cover;\" srcset=\"\/wp-content\/uploads\/2026\/02\/LinkedIn_FR.jpg 1401w, \/wp-content\/uploads\/2026\/02\/LinkedIn_FR-300x172.jpg 300w, \/wp-content\/uploads\/2026\/02\/LinkedIn_FR-1024x585.jpg 1024w, \/wp-content\/uploads\/2026\/02\/LinkedIn_FR-768x439.jpg 768w\" sizes=\"auto, (max-width: 1401px) 100vw, 1401px\" \/><\/a><\/figure>\r\n\r\n<h2 class=\"wp-block-post-title\"><a href=\"https:\/\/caisse-wordpress-prod.azurewebsites.net\/fr\/alerte-a-larnaque-par-hameconnage\/\" target=\"_self\" >Alerte de fraude par hame\u00e7onnage<\/a><\/h2>\r\n\r\n<div class=\"wp-block-post-excerpt\"><p class=\"wp-block-post-excerpt__excerpt\">Avis important &nbsp; Nous sommes au courant d\u2019une publicit\u00e9 frauduleuse qui circule actuellement en anglais sur les m\u00e9dias sociaux et qui pr\u00e9tend \u00e0 tort que Caisse Assiniboine offre un MacBook Air \u00ab exclusivement \u00e0 nos pr\u00e9cieux membres \u00bb. Cette publicit\u00e9 n\u2019a pas \u00e9t\u00e9 cr\u00e9\u00e9e ni autoris\u00e9e par nous. Il s\u2019agit d\u2019une tentative d\u2019hame\u00e7onnage \u2014 veuillez\u2026<\/p><p class=\"wp-block-post-excerpt__more-text\"><a class=\"wp-block-post-excerpt__more-link\" href=\"https:\/\/caisse-wordpress-prod.azurewebsites.net\/fr\/alerte-a-larnaque-par-hameconnage\/\">LIRE PLUS<\/a><\/p><\/div>\r\n<\/li><li class=\"wp-block-post post-29988 post type-post status-publish format-standard has-post-thumbnail hentry category-non-classifiee\">\r\n<figure class=\"alignwide wp-block-post-featured-image\"><a href=\"https:\/\/caisse-wordpress-prod.azurewebsites.net\/fr\/caisse-assiniboine-annonce-le-depart-a-la-retraite-de-deux-cadres-superieurs\/\" target=\"_self\"  ><img loading=\"lazy\" decoding=\"async\" width=\"722\" height=\"397\" src=\"\/wp-content\/uploads\/2025\/05\/3750-Joel-Rondeau_cut-corner.png\" class=\"attachment-post-thumbnail size-post-thumbnail wp-post-image\" alt=\"Caisse Assiniboine annonce le d\u00e9part \u00e0 la retraite de deux cadres sup\u00e9rieurs\" style=\"object-fit:cover;\" srcset=\"\/wp-content\/uploads\/2025\/05\/3750-Joel-Rondeau_cut-corner.png 722w, \/wp-content\/uploads\/2025\/05\/3750-Joel-Rondeau_cut-corner-300x165.png 300w\" sizes=\"auto, (max-width: 722px) 100vw, 722px\" \/><\/a><\/figure>\r\n\r\n<h2 class=\"wp-block-post-title\"><a href=\"https:\/\/caisse-wordpress-prod.azurewebsites.net\/fr\/caisse-assiniboine-annonce-le-depart-a-la-retraite-de-deux-cadres-superieurs\/\" target=\"_self\" >Caisse Assiniboine annonce le d\u00e9part \u00e0 la retraite de deux cadres sup\u00e9rieurs<\/a><\/h2>\r\n\r\n<div class=\"wp-block-post-excerpt\"><p class=\"wp-block-post-excerpt__excerpt\">Kevin Sitka, Pr\u00e9sident-directeur g\u00e9n\u00e9ral de Caisse Assiniboine, a annonc\u00e9 aujourd&rsquo;hui le d\u00e9part \u00e0 la retraite de Jim Rediger et de J\u00f6el Rondeau. Nos deux coll\u00e8gues se sont joints \u00e0 Caisse Assiniboine \u00e0 titre de chefs de projet strat\u00e9gique \u00e0 la suite de la fusion, le 1 janvier 2025, entre Caisse Groupe Financier, Westoba Credit Union\u2026<\/p><p class=\"wp-block-post-excerpt__more-text\"><a class=\"wp-block-post-excerpt__more-link\" href=\"https:\/\/caisse-wordpress-prod.azurewebsites.net\/fr\/caisse-assiniboine-annonce-le-depart-a-la-retraite-de-deux-cadres-superieurs\/\">LIRE PLUS<\/a><\/p><\/div>\r\n<\/li><li class=\"wp-block-post post-29481 post type-post status-publish format-standard has-post-thumbnail hentry category-non-classifiee\">\r\n<figure class=\"alignwide wp-block-post-featured-image\"><a href=\"https:\/\/caisse-wordpress-prod.azurewebsites.net\/fr\/annonce-de-lequipe-de-leadership-collaboration-mb\/\" target=\"_self\"  ><img loading=\"lazy\" decoding=\"async\" width=\"960\" height=\"550\" src=\"\/wp-content\/uploads\/2024\/11\/CMB_OrgLeadershipAnnou_BlogPostThumbnail_FR_960x550.png\" class=\"attachment-post-thumbnail size-post-thumbnail wp-post-image\" alt=\"Annonce de l\u2019\u00e9quipe de leadership &#8211; Collaboration MB\" style=\"object-fit:cover;\" srcset=\"\/wp-content\/uploads\/2024\/11\/CMB_OrgLeadershipAnnou_BlogPostThumbnail_FR_960x550.png 960w, \/wp-content\/uploads\/2024\/11\/CMB_OrgLeadershipAnnou_BlogPostThumbnail_FR_960x550-300x172.png 300w, \/wp-content\/uploads\/2024\/11\/CMB_OrgLeadershipAnnou_BlogPostThumbnail_FR_960x550-768x440.png 768w\" sizes=\"auto, (max-width: 960px) 100vw, 960px\" \/><\/a><\/figure>\r\n\r\n<h2 class=\"wp-block-post-title\"><a href=\"https:\/\/caisse-wordpress-prod.azurewebsites.net\/fr\/annonce-de-lequipe-de-leadership-collaboration-mb\/\" target=\"_self\" >Annonce de l\u2019\u00e9quipe de leadership &#8211; Collaboration MB<\/a><\/h2>\r\n\r\n<div class=\"wp-block-post-excerpt\"><p class=\"wp-block-post-excerpt__excerpt\">&nbsp; &nbsp; WINNIPEG, le 14 novembre 2024 \u2013 Trois coop\u00e9ratives financi\u00e8res manitobaines dont les membres ont vot\u00e9 massivement en faveur de la fusion en juin ont annonc\u00e9 aujourd&rsquo;hui les noms des membres du conseil d&rsquo;administration, de l\u2019\u00e9quipe ex\u00e9cutive et des cadres sup\u00e9rieurs pour la nouvelle entit\u00e9. Il n\u2019est pas surprenant que la nouvelle structure refl\u00e8te\u2026<\/p><p class=\"wp-block-post-excerpt__more-text\"><a class=\"wp-block-post-excerpt__more-link\" href=\"https:\/\/caisse-wordpress-prod.azurewebsites.net\/fr\/annonce-de-lequipe-de-leadership-collaboration-mb\/\">LIRE PLUS<\/a><\/p><\/div>\r\n<\/li><li class=\"wp-block-post post-29124 post type-post status-publish format-standard has-post-thumbnail hentry category-non-classifiee\">\r\n<figure class=\"alignwide wp-block-post-featured-image\"><a href=\"https:\/\/caisse-wordpress-prod.azurewebsites.net\/fr\/merci-davoir-dit-oui-et-yes-a-la-fusion\/\" target=\"_self\"  ><img loading=\"lazy\" decoding=\"async\" width=\"726\" height=\"400\" src=\"\/wp-content\/uploads\/2024\/06\/Caisse_blog_feature-image_Senario-1_All-3-merge-FR.jpg\" class=\"attachment-post-thumbnail size-post-thumbnail wp-post-image\" alt=\"Merci d&rsquo;avoir dit \u00ab Oui et Yes \u00bb \u00e0 la fusion\" style=\"object-fit:cover;\" srcset=\"\/wp-content\/uploads\/2024\/06\/Caisse_blog_feature-image_Senario-1_All-3-merge-FR.jpg 726w, \/wp-content\/uploads\/2024\/06\/Caisse_blog_feature-image_Senario-1_All-3-merge-FR-300x165.jpg 300w\" sizes=\"auto, (max-width: 726px) 100vw, 726px\" \/><\/a><\/figure>\r\n\r\n<h2 class=\"wp-block-post-title\"><a href=\"https:\/\/caisse-wordpress-prod.azurewebsites.net\/fr\/merci-davoir-dit-oui-et-yes-a-la-fusion\/\" target=\"_self\" >Merci d&rsquo;avoir dit \u00ab Oui et Yes \u00bb \u00e0 la fusion<\/a><\/h2>\r\n\r\n<div class=\"wp-block-post-excerpt\"><p class=\"wp-block-post-excerpt__excerpt\">Aujourd&rsquo;hui, les membres-propri\u00e9taires d&rsquo;Assiniboine Credit Union, Caisse Groupe Financier et Westoba Credit Union ont vot\u00e9 \u00ab Oui et Yes \u00bb \u00e0 un avenir plein de possibilit\u00e9s lorsqu&rsquo;ils ont vot\u00e9 en faveur de la cr\u00e9ation d&rsquo;une coop\u00e9rative financi\u00e8re unique en son genre au Manitoba. Merci. Merci de faire confiance \u00e0 votre conseil d&rsquo;administration qui a recommand\u00e9\u2026<\/p><p class=\"wp-block-post-excerpt__more-text\"><a class=\"wp-block-post-excerpt__more-link\" href=\"https:\/\/caisse-wordpress-prod.azurewebsites.net\/fr\/merci-davoir-dit-oui-et-yes-a-la-fusion\/\">LIRE PLUS<\/a><\/p><\/div>\r\n<\/li><li class=\"wp-block-post post-28500 post type-post status-publish format-standard has-post-thumbnail hentry category-non-classifiee\">\r\n<figure class=\"alignwide wp-block-post-featured-image\"><a href=\"https:\/\/caisse-wordpress-prod.azurewebsites.net\/fr\/protegez-vous-contre-la-fraude-un-guide-pour-les-membres-dune-institution-financiere\/\" target=\"_self\"  ><img loading=\"lazy\" decoding=\"async\" width=\"2560\" height=\"1378\" src=\"\/wp-content\/uploads\/2024\/03\/iStock-1291541351-scaled.jpg\" class=\"attachment-post-thumbnail size-post-thumbnail wp-post-image\" alt=\"Prot\u00e9gez-vous contre la fraude : Un guide pour les membres d\u2019une institution financi\u00e8re\" style=\"object-fit:cover;\" srcset=\"\/wp-content\/uploads\/2024\/03\/iStock-1291541351-scaled.jpg 2560w, \/wp-content\/uploads\/2024\/03\/iStock-1291541351-300x162.jpg 300w, \/wp-content\/uploads\/2024\/03\/iStock-1291541351-1024x551.jpg 1024w, \/wp-content\/uploads\/2024\/03\/iStock-1291541351-768x414.jpg 768w, \/wp-content\/uploads\/2024\/03\/iStock-1291541351-1536x827.jpg 1536w, \/wp-content\/uploads\/2024\/03\/iStock-1291541351-2048x1103.jpg 2048w\" sizes=\"auto, (max-width: 2560px) 100vw, 2560px\" \/><\/a><\/figure>\r\n\r\n<h2 class=\"wp-block-post-title\"><a href=\"https:\/\/caisse-wordpress-prod.azurewebsites.net\/fr\/protegez-vous-contre-la-fraude-un-guide-pour-les-membres-dune-institution-financiere\/\" target=\"_self\" >Prot\u00e9gez-vous contre la fraude : Un guide pour les membres d\u2019une institution financi\u00e8re<\/a><\/h2>\r\n\r\n<div class=\"wp-block-post-excerpt\"><p class=\"wp-block-post-excerpt__excerpt\">Le monde num\u00e9rique d&rsquo;aujourd&rsquo;hui permet aux fraudeurs de trouver sans cesse de nouveaux moyens d&rsquo;exploiter les personnes qui ne se doutent de rien. Des courriels d&rsquo;hame\u00e7onnage au vol d&rsquo;identit\u00e9, la fraude se pr\u00e9sente sous de nombreuses formes et peut faire des ravages sur vos finances et vos informations personnelles. C&rsquo;est pourquoi il est essentiel d&rsquo;\u00eatre\u2026<\/p><p class=\"wp-block-post-excerpt__more-text\"><a class=\"wp-block-post-excerpt__more-link\" href=\"https:\/\/caisse-wordpress-prod.azurewebsites.net\/fr\/protegez-vous-contre-la-fraude-un-guide-pour-les-membres-dune-institution-financiere\/\">LIRE PLUS<\/a><\/p><\/div>\r\n<\/li><li class=\"wp-block-post post-28203 post type-post status-publish format-standard has-post-thumbnail hentry category-non-classifiee\">\r\n<figure class=\"alignwide wp-block-post-featured-image\"><a href=\"https:\/\/caisse-wordpress-prod.azurewebsites.net\/fr\/brandy-elliott-en-gestion-de-patrimoine\/\" target=\"_self\"  ><img loading=\"lazy\" decoding=\"async\" width=\"726\" height=\"400\" src=\"\/wp-content\/uploads\/2024\/01\/Brandy-Elliott-Wealth-Management-thumbnail.jpg\" class=\"attachment-post-thumbnail size-post-thumbnail wp-post-image\" alt=\"Brandy Elliott en gestion de patrimoine\" style=\"object-fit:cover;\" srcset=\"\/wp-content\/uploads\/2024\/01\/Brandy-Elliott-Wealth-Management-thumbnail.jpg 726w, \/wp-content\/uploads\/2024\/01\/Brandy-Elliott-Wealth-Management-thumbnail-300x165.jpg 300w\" sizes=\"auto, (max-width: 726px) 100vw, 726px\" \/><\/a><\/figure>\r\n\r\n<h2 class=\"wp-block-post-title\"><a href=\"https:\/\/caisse-wordpress-prod.azurewebsites.net\/fr\/brandy-elliott-en-gestion-de-patrimoine\/\" target=\"_self\" >Brandy Elliott en gestion de patrimoine<\/a><\/h2>\r\n\r\n<div class=\"wp-block-post-excerpt\"><p class=\"wp-block-post-excerpt__excerpt\">La passion de Brandy Elliott pour la finance l&rsquo;a amen\u00e9e \u00e0 se lancer dans une nouvelle aventure avec l&rsquo;\u00e9quipe de C Finance. En tant qu&rsquo;ancienne directrice des services aux centres pour les r\u00e9gions de l&rsquo;ouest \u00e0 la Caisse, Brandy apporte un \u00e9ventail de connaissances et d&rsquo;expertise \u00e0 son nouveau r\u00f4le. Son enthousiasme et son d\u00e9vouement\u2026<\/p><p class=\"wp-block-post-excerpt__more-text\"><a class=\"wp-block-post-excerpt__more-link\" href=\"https:\/\/caisse-wordpress-prod.azurewebsites.net\/fr\/brandy-elliott-en-gestion-de-patrimoine\/\">LIRE PLUS<\/a><\/p><\/div>\r\n<\/li><li class=\"wp-block-post post-28211 post type-post status-publish format-standard has-post-thumbnail hentry category-non-classifiee\">\r\n<figure class=\"alignwide wp-block-post-featured-image\"><a href=\"https:\/\/caisse-wordpress-prod.azurewebsites.net\/fr\/article-changements-au-systeme-bancaire-en-ligne\/\" target=\"_self\"  ><img loading=\"lazy\" decoding=\"async\" width=\"726\" height=\"400\" src=\"\/wp-content\/uploads\/2024\/01\/Changes-Online-Banking-thumbnail.jpg\" class=\"attachment-post-thumbnail size-post-thumbnail wp-post-image\" alt=\"Changements au syst\u00e8me bancaire en ligne\" style=\"object-fit:cover;\" srcset=\"\/wp-content\/uploads\/2024\/01\/Changes-Online-Banking-thumbnail.jpg 726w, \/wp-content\/uploads\/2024\/01\/Changes-Online-Banking-thumbnail-300x165.jpg 300w\" sizes=\"auto, (max-width: 726px) 100vw, 726px\" \/><\/a><\/figure>\r\n\r\n<h2 class=\"wp-block-post-title\"><a href=\"https:\/\/caisse-wordpress-prod.azurewebsites.net\/fr\/article-changements-au-systeme-bancaire-en-ligne\/\" target=\"_self\" >Changements au syst\u00e8me bancaire en ligne<\/a><\/h2>\r\n\r\n<div class=\"wp-block-post-excerpt\"><p class=\"wp-block-post-excerpt__excerpt\">\ud83d\udce2 Excellente nouvelle ! \ud83c\udf89&nbsp;&nbsp; \u00c0 compter du 15\u202f juin, le syst\u00e8me bancaire en ligne de Caisse Groupe Financier, e-Caisse, fera peau neuve ! Votre exp\u00e9rience sur e-Caisse, offrira de nouvelles options, sera plus intuitif et intuitive, plus accessible et inclura des caract\u00e9ristiques de s\u00e9curit\u00e9 am\u00e9lior\u00e9es qui conduiront par la suite \u00e0 des fonctionnalit\u00e9s suppl\u00e9mentaires&#8230;en\u2026<\/p><p class=\"wp-block-post-excerpt__more-text\"><a class=\"wp-block-post-excerpt__more-link\" href=\"https:\/\/caisse-wordpress-prod.azurewebsites.net\/fr\/article-changements-au-systeme-bancaire-en-ligne\/\">LIRE PLUS<\/a><\/p><\/div>\r\n<\/li><li class=\"wp-block-post post-28231 post type-post status-publish format-standard has-post-thumbnail hentry category-non-classifiee\">\r\n<figure class=\"alignwide wp-block-post-featured-image\"><a href=\"https:\/\/caisse-wordpress-prod.azurewebsites.net\/fr\/festival-du-voyageur-un-retour-en-force\/\" target=\"_self\"  ><img loading=\"lazy\" decoding=\"async\" width=\"726\" height=\"400\" src=\"\/wp-content\/uploads\/2024\/01\/Festival-Voyageur-thumbnail.jpg\" class=\"attachment-post-thumbnail size-post-thumbnail wp-post-image\" alt=\"Festival du Voyageur \u2013 Un retour en force !\" style=\"object-fit:cover;\" srcset=\"\/wp-content\/uploads\/2024\/01\/Festival-Voyageur-thumbnail.jpg 726w, \/wp-content\/uploads\/2024\/01\/Festival-Voyageur-thumbnail-300x165.jpg 300w\" sizes=\"auto, (max-width: 726px) 100vw, 726px\" \/><\/a><\/figure>\r\n\r\n<h2 class=\"wp-block-post-title\"><a href=\"https:\/\/caisse-wordpress-prod.azurewebsites.net\/fr\/festival-du-voyageur-un-retour-en-force\/\" target=\"_self\" >Festival du Voyageur \u2013 Un retour en force !<\/a><\/h2>\r\n\r\n<div class=\"wp-block-post-excerpt\"><p class=\"wp-block-post-excerpt__excerpt\">Si vous \u00eates Manitobain &#8211; surtout Franco-Manitobain ! &#8211; et penser au Festival du Voyageur, le plus grand festival d&rsquo;hiver de l&rsquo;Ouest canadien, \u00e7a \u00e9voque instantan\u00e9ment des souvenirs nostalgiques de sculptures de neige, de tire d&rsquo;\u00e9rable, de musique entra\u00eenante, de ceintures fl\u00e9ch\u00e9es et de caribou.&nbsp; Nous ne tenons plus en place; apr\u00e8s 2 ans d\u2019attente,\u2026<\/p><p class=\"wp-block-post-excerpt__more-text\"><a class=\"wp-block-post-excerpt__more-link\" href=\"https:\/\/caisse-wordpress-prod.azurewebsites.net\/fr\/festival-du-voyageur-un-retour-en-force\/\">LIRE PLUS<\/a><\/p><\/div>\r\n<\/li><li class=\"wp-block-post post-28242 post type-post status-publish format-standard has-post-thumbnail hentry category-non-classifiee\">\r\n<figure class=\"alignwide wp-block-post-featured-image\"><a href=\"https:\/\/caisse-wordpress-prod.azurewebsites.net\/fr\/en-ce-dernier-jour-du-mois-de-la-cybersecurite\/\" target=\"_self\"  ><img loading=\"lazy\" decoding=\"async\" width=\"726\" height=\"400\" src=\"\/wp-content\/uploads\/2024\/01\/Cybersecurite-thumbnail.jpg\" class=\"attachment-post-thumbnail size-post-thumbnail wp-post-image\" alt=\"En ce dernier jour du mois de la cybers\u00e9curit\u00e9&#8230;\" style=\"object-fit:cover;\" srcset=\"\/wp-content\/uploads\/2024\/01\/Cybersecurite-thumbnail.jpg 726w, \/wp-content\/uploads\/2024\/01\/Cybersecurite-thumbnail-300x165.jpg 300w\" sizes=\"auto, (max-width: 726px) 100vw, 726px\" \/><\/a><\/figure>\r\n\r\n<h2 class=\"wp-block-post-title\"><a href=\"https:\/\/caisse-wordpress-prod.azurewebsites.net\/fr\/en-ce-dernier-jour-du-mois-de-la-cybersecurite\/\" target=\"_self\" >En ce dernier jour du mois de la cybers\u00e9curit\u00e9&#8230;<\/a><\/h2>\r\n\r\n<div class=\"wp-block-post-excerpt\"><p class=\"wp-block-post-excerpt__excerpt\">\u00c0 un moment ou \u00e0 un autre, la plupart d&rsquo;entre nous sont tomb\u00e9s sur une arnaque d&rsquo;hame\u00e7onnage. Il s&rsquo;agit d&rsquo;une tentative par un cybercriminel de vous inciter \u00e0 r\u00e9v\u00e9ler vos informations personnelles en envoyant des courriels, des textos, des messages vocaux et des messages directs \u00e0 l&rsquo;apparence convaincante, qui semblent provenir d&rsquo;une organisation l\u00e9gitime. Il\u2026<\/p><p class=\"wp-block-post-excerpt__more-text\"><a class=\"wp-block-post-excerpt__more-link\" href=\"https:\/\/caisse-wordpress-prod.azurewebsites.net\/fr\/en-ce-dernier-jour-du-mois-de-la-cybersecurite\/\">LIRE PLUS<\/a><\/p><\/div>\r\n<\/li><li class=\"wp-block-post post-28272 post type-post status-publish format-standard has-post-thumbnail hentry category-non-classifiee\">\r\n<figure class=\"alignwide wp-block-post-featured-image\"><a href=\"https:\/\/caisse-wordpress-prod.azurewebsites.net\/fr\/lancement-de-la-biere-caisse-85\/\" target=\"_self\"  ><img loading=\"lazy\" decoding=\"async\" width=\"726\" height=\"400\" src=\"\/wp-content\/uploads\/2024\/01\/Lancement-Biere-thumbnail.jpg\" class=\"attachment-post-thumbnail size-post-thumbnail wp-post-image\" alt=\"Lancement de la bi\u00e8re Caisse 85\" style=\"object-fit:cover;\" srcset=\"\/wp-content\/uploads\/2024\/01\/Lancement-Biere-thumbnail.jpg 726w, \/wp-content\/uploads\/2024\/01\/Lancement-Biere-thumbnail-300x165.jpg 300w\" sizes=\"auto, (max-width: 726px) 100vw, 726px\" \/><\/a><\/figure>\r\n\r\n<h2 class=\"wp-block-post-title\"><a href=\"https:\/\/caisse-wordpress-prod.azurewebsites.net\/fr\/lancement-de-la-biere-caisse-85\/\" target=\"_self\" >Lancement de la bi\u00e8re Caisse 85<\/a><\/h2>\r\n\r\n<div class=\"wp-block-post-excerpt\"><p class=\"wp-block-post-excerpt__excerpt\">Dans le cadre de la c\u00e9l\u00e9bration de son 85e d\u2019anniversaire, Caisse Groupe Financier s\u2019est associ\u00e9e fi\u00e8rement \u00e0 la Brasserie Nonsuch, membre de la Caisse, pour produire \u00ab Caisse 85 \u00bb; une bi\u00e8re s\u00fbre aux framboises, avec un design d&rsquo;\u00e9tiquette en \u00e9dition limit\u00e9e. Cette bi\u00e8re en \u00e9dition limit\u00e9e (pr\u00e9sentement disponible \u00e0 la Brasserie Nonsuch et en\u2026<\/p><p class=\"wp-block-post-excerpt__more-text\"><a class=\"wp-block-post-excerpt__more-link\" href=\"https:\/\/caisse-wordpress-prod.azurewebsites.net\/fr\/lancement-de-la-biere-caisse-85\/\">LIRE PLUS<\/a><\/p><\/div>\r\n<\/li><\/ul>\r\n\r\n<nav class=\"wp-block-query-pagination is-layout-flex wp-block-query-pagination-is-layout-flex\" aria-label=\"Pagination\">\r\n<div class=\"wp-block-query-pagination-numbers\"><span aria-current=\"page\" class=\"page-numbers current\">1<\/span>\n<a class=\"page-numbers\" href=\"?query-16-page=2\">2<\/a><\/div>\r\n<\/nav><\/div>\r\n","protected":false},"excerpt":{"rendered":"<p>Explorez le blogue Communi-Caisse pour \u00eatre au courant des derni\u00e8res nouveaut\u00e9s \u00e0 la Caisse et pour obtenir des conseils financiers.<\/p>\n","protected":false},"author":13,"featured_media":0,"parent":0,"menu_order":0,"comment_status":"closed","ping_status":"closed","template":"","meta":{"_acf_changed":false,"footnotes":""},"class_list":["post-28195","page","type-page","status-publish","hentry"],"acf":[],"_links":{"self":[{"href":"https:\/\/caisse-wordpress-prod.azurewebsites.net\/fr\/wp-json\/wp\/v2\/pages\/28195","targetHints":{"allow":["GET"]}}],"collection":[{"href":"https:\/\/caisse-wordpress-prod.azurewebsites.net\/fr\/wp-json\/wp\/v2\/pages"}],"about":[{"href":"https:\/\/caisse-wordpress-prod.azurewebsites.net\/fr\/wp-json\/wp\/v2\/types\/page"}],"author":[{"embeddable":true,"href":"https:\/\/caisse-wordpress-prod.azurewebsites.net\/fr\/wp-json\/wp\/v2\/users\/13"}],"replies":[{"embeddable":true,"href":"https:\/\/caisse-wordpress-prod.azurewebsites.net\/fr\/wp-json\/wp\/v2\/comments?post=28195"}],"version-history":[{"count":1,"href":"https:\/\/caisse-wordpress-prod.azurewebsites.net\/fr\/wp-json\/wp\/v2\/pages\/28195\/revisions"}],"predecessor-version":[{"id":28196,"href":"https:\/\/caisse-wordpress-prod.azurewebsites.net\/fr\/wp-json\/wp\/v2\/pages\/28195\/revisions\/28196"}],"wp:attachment":[{"href":"https:\/\/caisse-wordpress-prod.azurewebsites.net\/fr\/wp-json\/wp\/v2\/media?parent=28195"}],"curies":[{"name":"wp","href":"https:\/\/api.w.org\/{rel}","templated":true}]}}