{"id":2798,"date":"2015-12-12T17:27:46","date_gmt":"2015-12-12T17:27:46","guid":{"rendered":"http:\/\/www.caisse.biz\/fr\/?page_id=2798"},"modified":"2026-01-15T11:01:11","modified_gmt":"2026-01-15T17:01:11","slug":"programme-dappui-communautaire","status":"publish","type":"page","link":"https:\/\/caisse-wordpress-prod.azurewebsites.net\/fr\/communaute\/programme-dappui-communautaire\/","title":{"rendered":"Programme d\u2019appui \u00e0 la communaut\u00e9"},"content":{"rendered":"<p><span data-contrast=\"auto\">Nous appr\u00e9cions votre engagement \u00e0 soutenir nos communaut\u00e9s !<\/span><span data-ccp-props=\"{&quot;335559685&quot;:1440}\">\u00a0<\/span><\/p>\n<p><span data-contrast=\"auto\">Veuillez noter qu&rsquo;\u00e0 compter du 1 janvier 2025, Assiniboine\u00a0Credit\u00a0Union, Caisse\u00a0Groupe Financier\u00a0et\u00a0Westoba\u00a0Credit\u00a0Union ont fusionn\u00e9. Toutes les demandes de commandite, de don et de subvention peuvent \u00eatre soumises via notre formulaire en ligne.\u00a0<\/span><span data-ccp-props=\"{&quot;335559685&quot;:1440}\">\u00a0<\/span><span data-ccp-props=\"{&quot;335559685&quot;:1440}\"><\/span><span data-contrast=\"auto\">Cliquez<a href=\"https:\/\/www.acu.ca\/about\/our-community\/community-grants-and-sponsorships\"> ici<\/a> pour plus de d\u00e9tails et pour postuler.\u00a0<\/span><span data-contrast=\"auto\"><\/p>\n<p><span data-contrast=\"auto\">Veuillez noter que le portail ACU et les informations connexes ne sont actuellement disponibles qu&rsquo;en anglais. Notre \u00e9quipe travaille activement \u00e0 leur traduction en fran\u00e7ais. Nous vous remercions de votre patience et de votre compr\u00e9hension.<\/span><span data-ccp-props=\"{&quot;335559685&quot;:1416}\">\u00a0<\/span><\/p>\n<p><span data-contrast=\"auto\">Des questions ? Contactez-nous \u00e0\u00a0<\/span><a href=\"mailto:sponsorships@acu.ca\"><span data-contrast=\"none\">sponsorships@acu.ca<\/span><\/a><span data-contrast=\"auto\">.<\/span><span data-ccp-props=\"{&quot;335559685&quot;:1440}\">\u00a0<\/span><\/p>\n","protected":false},"excerpt":{"rendered":"<p>Nous appr\u00e9cions votre engagement \u00e0 soutenir nos communaut\u00e9s !\u00a0 Veuillez noter qu&rsquo;\u00e0 compter du 1 janvier 2025, Assiniboine\u00a0Credit\u00a0Union, Caisse\u00a0Groupe Financier\u00a0et\u00a0Westoba\u00a0Credit\u00a0Union ont fusionn\u00e9. Toutes les demandes de commandite, de don et de subvention peuvent \u00eatre soumises via notre formulaire en ligne.\u00a0\u00a0Cliquez ici pour plus de d\u00e9tails et pour postuler.\u00a0 Veuillez noter que le portail ACU et [&hellip;]<\/p>\n","protected":false},"author":13,"featured_media":0,"parent":2791,"menu_order":0,"comment_status":"closed","ping_status":"closed","template":"tpl_page_right_sidebar.php","meta":{"_acf_changed":false,"footnotes":""},"class_list":["post-2798","page","type-page","status-publish","hentry"],"acf":[],"_links":{"self":[{"href":"https:\/\/caisse-wordpress-prod.azurewebsites.net\/fr\/wp-json\/wp\/v2\/pages\/2798","targetHints":{"allow":["GET"]}}],"collection":[{"href":"https:\/\/caisse-wordpress-prod.azurewebsites.net\/fr\/wp-json\/wp\/v2\/pages"}],"about":[{"href":"https:\/\/caisse-wordpress-prod.azurewebsites.net\/fr\/wp-json\/wp\/v2\/types\/page"}],"author":[{"embeddable":true,"href":"https:\/\/caisse-wordpress-prod.azurewebsites.net\/fr\/wp-json\/wp\/v2\/users\/13"}],"replies":[{"embeddable":true,"href":"https:\/\/caisse-wordpress-prod.azurewebsites.net\/fr\/wp-json\/wp\/v2\/comments?post=2798"}],"version-history":[{"count":33,"href":"https:\/\/caisse-wordpress-prod.azurewebsites.net\/fr\/wp-json\/wp\/v2\/pages\/2798\/revisions"}],"predecessor-version":[{"id":30710,"href":"https:\/\/caisse-wordpress-prod.azurewebsites.net\/fr\/wp-json\/wp\/v2\/pages\/2798\/revisions\/30710"}],"up":[{"embeddable":true,"href":"https:\/\/caisse-wordpress-prod.azurewebsites.net\/fr\/wp-json\/wp\/v2\/pages\/2791"}],"wp:attachment":[{"href":"https:\/\/caisse-wordpress-prod.azurewebsites.net\/fr\/wp-json\/wp\/v2\/media?parent=2798"}],"curies":[{"name":"wp","href":"https:\/\/api.w.org\/{rel}","templated":true}]}}