{"id":2746,"date":"2015-11-24T17:39:58","date_gmt":"2015-11-24T22:39:58","guid":{"rendered":"http:\/\/www.caisse.biz\/fr\/?page_id=2746"},"modified":"2022-06-07T10:14:13","modified_gmt":"2022-06-07T15:14:13","slug":"investissements","status":"publish","type":"page","link":"https:\/\/caisse-wordpress-prod.azurewebsites.net\/fr\/personnel\/investissements\/","title":{"rendered":"Investissements"},"content":{"rendered":"<h3>Nous offrons une pleine gamme d\u2019investissements qui vous aidera \u00e0 r\u00e9aliser vos objectifs, que ce soit vos \u00e9tudes, votre retraite, un voyage ou autres aspirations.<\/h3>\n<p>D\u00e9couvrez des options pour tous les go\u00fbts, tels que les placements garantis \u00e0 court terme\u00a0et \u00e0 long terme, le compte \u00e9pargne libre d\u2019imp\u00f4t\u00a0ainsi que\u00a0les r\u00e9gimes d\u2019\u00e9pargnes de retraite\u00a0et d\u2019\u00e9ducation.<\/p>\n<p><strong>Questions ?<\/strong><br \/>\nNos conseillers en finances personnelles peuvent vous aider \u00e0 choisir les investissements qui vous conviennent le mieux. <a href=\"..\/..\/trouvez-un-centre\">Contactez un centre de services pr\u00e8s de chez vous<\/a>.<\/p>\n","protected":false},"excerpt":{"rendered":"<p>Nous offrons une pleine gamme d\u2019investissements qui vous aidera \u00e0 r\u00e9aliser vos objectifs, que ce soit vos \u00e9tudes, votre retraite, un voyage ou autres aspirations. D\u00e9couvrez des options pour tous les go\u00fbts, tels que les placements garantis \u00e0 court terme\u00a0et \u00e0 long terme, le compte \u00e9pargne libre d\u2019imp\u00f4t\u00a0ainsi que\u00a0les r\u00e9gimes d\u2019\u00e9pargnes de retraite\u00a0et d\u2019\u00e9ducation. Questions [&hellip;]<\/p>\n","protected":false},"author":13,"featured_media":25319,"parent":157,"menu_order":0,"comment_status":"closed","ping_status":"closed","template":"tpl_dual_editor.php","meta":{"_acf_changed":false,"footnotes":""},"class_list":["post-2746","page","type-page","status-publish","has-post-thumbnail","hentry"],"acf":[],"_links":{"self":[{"href":"https:\/\/caisse-wordpress-prod.azurewebsites.net\/fr\/wp-json\/wp\/v2\/pages\/2746","targetHints":{"allow":["GET"]}}],"collection":[{"href":"https:\/\/caisse-wordpress-prod.azurewebsites.net\/fr\/wp-json\/wp\/v2\/pages"}],"about":[{"href":"https:\/\/caisse-wordpress-prod.azurewebsites.net\/fr\/wp-json\/wp\/v2\/types\/page"}],"author":[{"embeddable":true,"href":"https:\/\/caisse-wordpress-prod.azurewebsites.net\/fr\/wp-json\/wp\/v2\/users\/13"}],"replies":[{"embeddable":true,"href":"https:\/\/caisse-wordpress-prod.azurewebsites.net\/fr\/wp-json\/wp\/v2\/comments?post=2746"}],"version-history":[{"count":1,"href":"https:\/\/caisse-wordpress-prod.azurewebsites.net\/fr\/wp-json\/wp\/v2\/pages\/2746\/revisions"}],"predecessor-version":[{"id":25321,"href":"https:\/\/caisse-wordpress-prod.azurewebsites.net\/fr\/wp-json\/wp\/v2\/pages\/2746\/revisions\/25321"}],"up":[{"embeddable":true,"href":"https:\/\/caisse-wordpress-prod.azurewebsites.net\/fr\/wp-json\/wp\/v2\/pages\/157"}],"wp:featuredmedia":[{"embeddable":true,"href":"https:\/\/caisse-wordpress-prod.azurewebsites.net\/fr\/wp-json\/wp\/v2\/media\/25319"}],"wp:attachment":[{"href":"https:\/\/caisse-wordpress-prod.azurewebsites.net\/fr\/wp-json\/wp\/v2\/media?parent=2746"}],"curies":[{"name":"wp","href":"https:\/\/api.w.org\/{rel}","templated":true}]}}