{"id":2589,"date":"2015-12-10T21:16:57","date_gmt":"2015-12-11T02:16:57","guid":{"rendered":"http:\/\/www.caisse.biz\/fr\/?page_id=2589"},"modified":"2022-04-01T09:35:24","modified_gmt":"2022-04-01T14:35:24","slug":"frais-de-service","status":"publish","type":"page","link":"https:\/\/caisse-wordpress-prod.azurewebsites.net\/fr\/services-affaires-et-agricoles\/frais-de-service\/","title":{"rendered":"Frais de services &#8211; affaires et agricoles"},"content":{"rendered":"<p>Les frais de services suivants s\u2019appliquent \u00e0 tous les comptes, sauf si indiqu\u00e9 autrement dans les modalit\u00e9s de votre compte.<\/p>\n\r\n        <div class=\"table\">\r\n\r\n            <h6 class=\"table_head\"><a class=\"table_head collapsed\" role=\"button\" data-toggle=\"collapse\" href=\"#table_93\" aria-expanded=\"false\" aria-controls=\"answer_93\">Ch\u00e8ques<\/a><\/h6>\r\n\r\n            <div class=\"collapse\" id=\"table_93\">\r\n                \n<table id=\"tablepress-93\" class=\"tablepress tablepress-id-93 cfg-twocolumn tp_twentyfive\">\n<tbody class=\"row-striping\">\n<tr class=\"row-1\">\n\t<td class=\"column-1\">Arr\u00eat de paiement <\/td><td class=\"column-2\">10,00 $<\/td>\n<\/tr>\n<tr class=\"row-2\">\n\t<td class=\"column-1\">Ch\u00e8que \u00e0 d\u00e9couvert (traitement du ch\u00e8que)<\/td><td class=\"column-2\">5,00 $<\/td>\n<\/tr>\n<tr class=\"row-3\">\n\t<td class=\"column-1\">Ch\u00e8que certifi\u00e9  (membre)<\/td><td class=\"column-2\">6,00 $<\/td>\n<\/tr>\n<tr class=\"row-4\">\n\t<td class=\"column-1\">Ch\u00e8que certifi\u00e9 (non-membre)<\/td><td class=\"column-2\">12,00 $<\/td>\n<\/tr>\n<tr class=\"row-5\">\n\t<td class=\"column-1\">Ch\u00e8que en devise am\u00e9ricaine tir\u00e9 sur un compte en devise canadienne<\/td><td class=\"column-2\">10,00 $<\/td>\n<\/tr>\n<tr class=\"row-6\">\n\t<td class=\"column-1\">Ch\u00e8que envoy\u00e9 en collection<\/td><td class=\"column-2\">10,00 $<\/td>\n<\/tr>\n<tr class=\"row-7\">\n\t<td class=\"column-1\">Ch\u00e8que post-dat\u00e9 (traitement du ch\u00e8que)<\/td><td class=\"column-2\">3,00 $<\/td>\n<\/tr>\n<tr class=\"row-8\">\n\t<td class=\"column-1\">Ch\u00e8que re\u00e7u en collection (prises hors produit)<\/td><td class=\"column-2\">20,00 $<\/td>\n<\/tr>\n<tr class=\"row-9\">\n\t<td class=\"column-1\">Ch\u00e8que refus\u00e9 (r\u00e9trofacturation au compte)<\/td><td class=\"column-2\">5,00 $<\/td>\n<\/tr>\n<tr class=\"row-10\">\n\t<td class=\"column-1\">Ch\u00e8que refus\u00e9 (r\u00e9trofacturation au pr\u00eat)<\/td><td class=\"column-2\">20,00 $<\/td>\n<\/tr>\n<tr class=\"row-11\">\n\t<td class=\"column-1\">Ch\u00e8que retourn\u00e9 sans provision (NSF)\t<\/td><td class=\"column-2\">35,00 $<\/td>\n<\/tr>\n<tr class=\"row-12\">\n\t<td class=\"column-1\">Commande de ch\u00e8ques (quantit\u00e9s de 12, 50, 100, 200, 400 ou 600)<\/td><td class=\"column-2\">Consultez votre centre<\/td>\n<\/tr>\n<tr class=\"row-13\">\n\t<td class=\"column-1\">Mandat de poste\/ch\u00e8que officiel (fonds canadien)<\/td><td class=\"column-2\">6,00 $<\/td>\n<\/tr>\n<tr class=\"row-14\">\n\t<td class=\"column-1\">Traite bancaire (fonds am\u00e9ricain)<\/td><td class=\"column-2\">10,00 $<\/td>\n<\/tr>\n<\/tbody>\n<\/table>\n<!-- #tablepress-93 from cache -->\r\n            <\/div>\r\n\r\n        <\/div>\r\n\n\r\n        <div class=\"table\">\r\n\r\n            <h6 class=\"table_head\"><a class=\"table_head collapsed\" role=\"button\" data-toggle=\"collapse\" href=\"#table_95\" aria-expanded=\"false\" aria-controls=\"answer_95\">Coffret de s\u00fbret\u00e9 <\/a><\/h6>\r\n\r\n            <div class=\"collapse\" id=\"table_95\">\r\n                \n<table id=\"tablepress-95\" class=\"tablepress tablepress-id-95 cfg-twocolumn tp_twentyfive\">\n<tbody class=\"row-striping\">\n<tr class=\"row-1\">\n\t<td class=\"column-1\">Frais annuel<\/td><td class=\"column-2\">30,00 $ \u00e0 90,00 $ (plus la TPS)<\/td>\n<\/tr>\n<tr class=\"row-2\">\n\t<td class=\"column-1\">Ouverture \u00e0 la perceuse  et Cl\u00e9 suppl\u00e9mentaire<\/td><td class=\"column-2\">Selon la facture<\/td>\n<\/tr>\n<\/tbody>\n<\/table>\n<!-- #tablepress-95 from cache -->\r\n            <\/div>\r\n\r\n        <\/div>\r\n\n\r\n        <div class=\"table\">\r\n\r\n            <h6 class=\"table_head\"><a class=\"table_head collapsed\" role=\"button\" data-toggle=\"collapse\" href=\"#table_92\" aria-expanded=\"false\" aria-controls=\"answer_92\">Paiement de facture<\/a><\/h6>\r\n\r\n            <div class=\"collapse\" id=\"table_92\">\r\n                \n<table id=\"tablepress-92\" class=\"tablepress tablepress-id-92 cfg-twocolumn tp_twentyfive\">\n<tbody class=\"row-striping\">\n<tr class=\"row-1\">\n\t<td class=\"column-1\">Au comptoir - pour les membres seulement<\/td><td class=\"column-2\"> 1,50 $<\/td>\n<\/tr>\n<\/tbody>\n<\/table>\n<!-- #tablepress-92 from cache -->\r\n            <\/div>\r\n\r\n        <\/div>\r\n\n\r\n        <div class=\"table\">\r\n\r\n            <h6 class=\"table_head\"><a class=\"table_head collapsed\" role=\"button\" data-toggle=\"collapse\" href=\"#table_91\" aria-expanded=\"false\" aria-controls=\"answer_91\">Fermeture de compte<\/a><\/h6>\r\n\r\n            <div class=\"collapse\" id=\"table_91\">\r\n                \n<table id=\"tablepress-91\" class=\"tablepress tablepress-id-91 cfg-twocolumn tp_twentyfive\">\n<tbody class=\"row-striping\">\n<tr class=\"row-1\">\n\t<td class=\"column-1\">Compte transf\u00e9r\u00e9 \u00e0 une autre institution financi\u00e8re<\/td><td class=\"column-2\">30,00 $<\/td>\n<\/tr>\n<tr class=\"row-2\">\n\t<td class=\"column-1\">\u00c0 l\u2019int\u00e9rieur de 180 jours de la date d\u2019ouverture<\/td><td class=\"column-2\">15,00 $<\/td>\n<\/tr>\n<\/tbody>\n<\/table>\n<!-- #tablepress-91 from cache -->\r\n            <\/div>\r\n\r\n        <\/div>\r\n\n\r\n        <div class=\"table\">\r\n\r\n            <h6 class=\"table_head\"><a class=\"table_head collapsed\" role=\"button\" data-toggle=\"collapse\" href=\"#table_96\" aria-expanded=\"false\" aria-controls=\"answer_96\">Relev\u00e9s de compte<\/a><\/h6>\r\n\r\n            <div class=\"collapse\" id=\"table_96\">\r\n                \n<table id=\"tablepress-96\" class=\"tablepress tablepress-id-96 cfg-twocolumn tp_twentyfive\">\n<tbody class=\"row-striping\">\n<tr class=\"row-1\">\n\t<td class=\"column-1\">Relev\u00e9 en ligne via service bancaire en ligne<\/td><td class=\"column-2\">Gratuit<\/td>\n<\/tr>\n<tr class=\"row-2\">\n\t<td class=\"column-1\">Photocopie du relev\u00e9 de compte (historique)<\/td><td class=\"column-2\">  2,00 $ par page<\/td>\n<\/tr>\n<\/tbody>\n<\/table>\n<!-- #tablepress-96 from cache -->\r\n            <\/div>\r\n\r\n        <\/div>\r\n\n\r\n        <div class=\"table\">\r\n\r\n            <h6 class=\"table_head\"><a class=\"table_head collapsed\" role=\"button\" data-toggle=\"collapse\" href=\"#table_97\" aria-expanded=\"false\" aria-controls=\"answer_97\">Transferts<\/a><\/h6>\r\n\r\n            <div class=\"collapse\" id=\"table_97\">\r\n                \n<table id=\"tablepress-97\" class=\"tablepress tablepress-id-97 cfg-twocolumn tp_twentyfive\">\n<tbody class=\"row-striping\">\n<tr class=\"row-1\">\n\t<td class=\"column-1\">Transfert automatis\u00e9 pour couvrir un ch\u00e8que sans provision (NSF)<\/td><td class=\"column-2\">  1,50 $<\/td>\n<\/tr>\n<tr class=\"row-2\">\n\t<td class=\"column-1\">Transfert manuel (demande du membre par t\u00e9l\u00e9phone)<\/td><td class=\"column-2\">  3,00 $<\/td>\n<\/tr>\n<tr class=\"row-3\">\n\t<td class=\"column-1\">Virement \u00e9lectronique - D\u00e9p\u00f4ts<\/td><td class=\"column-2\">Co\u00fbt &#43; 15,00 $<\/td>\n<\/tr>\n<tr class=\"row-4\">\n\t<td class=\"column-1\">Virement \u00e9lectronique envoy\u00e9<br \/>\n\u00e0 une institution canadienne<\/td><td class=\"column-2\">Co\u00fbt &#43; 15,00 $<\/td>\n<\/tr>\n<tr class=\"row-5\">\n\t<td class=\"column-1\">Virement \u00e9lectronique envoy\u00e9<br \/>\n\u00e0 une institution am\u00e9ricaine<\/td><td class=\"column-2\">Co\u00fbt &#43; 25,00 $<\/td>\n<\/tr>\n<tr class=\"row-6\">\n\t<td class=\"column-1\">Virement \u00e9lectronique international<\/td><td class=\"column-2\">Co\u00fbt &#43; 35,00 $<\/td>\n<\/tr>\n<\/tbody>\n<\/table>\n<!-- #tablepress-97 from cache -->\r\n            <\/div>\r\n\r\n        <\/div>\r\n\n\r\n        <div class=\"table\">\r\n\r\n            <h6 class=\"table_head\"><a class=\"table_head collapsed\" role=\"button\" data-toggle=\"collapse\" href=\"#table_98\" aria-expanded=\"false\" aria-controls=\"answer_98\">Divers<\/a><\/h6>\r\n\r\n            <div class=\"collapse\" id=\"table_98\">\r\n                \n<table id=\"tablepress-98\" class=\"tablepress tablepress-id-98 cfg-twocolumn tp_twentyfive\">\n<tbody class=\"row-striping\">\n<tr class=\"row-1\">\n\t<td class=\"column-1\">Compte inactif<\/td><td class=\"column-2\">5,00 $ par mois<\/td>\n<\/tr>\n<tr class=\"row-2\">\n\t<td class=\"column-1\">Confirmation bancaire<\/td><td class=\"column-2\">35,00 $<\/td>\n<\/tr>\n<tr class=\"row-3\">\n\t<td class=\"column-1\">D\u00e9activer ou r\u00e9activer Flash Interac - carte de d\u00e9bit<\/td><td class=\"column-2\">15,00 $<\/td>\n<\/tr>\n<tr class=\"row-4\">\n\t<td class=\"column-1\">T\u00e9l\u00e9copie (fax)<\/td><td class=\"column-2\">  2,00 $ par page<\/td>\n<\/tr>\n<tr class=\"row-5\">\n\t<td class=\"column-1\">Sac de d\u00e9p\u00f4t de nuit  (en plastique seulement)<\/td><td class=\"column-2\">Gratuit<\/td>\n<\/tr>\n<tr class=\"row-6\">\n\t<td class=\"column-1\">Photocopie\t<\/td><td class=\"column-2\">  0,50 $ par page<\/td>\n<\/tr>\n<tr class=\"row-7\">\n\t<td class=\"column-1\">Recherche (historique, transactions, etc.)<\/td><td class=\"column-2\">40,00 $ par heure<\/td>\n<\/tr>\n<\/tbody>\n<\/table>\n<!-- #tablepress-98 from cache -->\r\n            <\/div>\r\n\r\n        <\/div>\r\n\n","protected":false},"excerpt":{"rendered":"<p>Les frais de services suivants s\u2019appliquent \u00e0 tous les comptes, sauf si indiqu\u00e9 autrement dans les modalit\u00e9s de votre compte.<\/p>\n","protected":false},"author":13,"featured_media":0,"parent":155,"menu_order":0,"comment_status":"closed","ping_status":"closed","template":"tpl_page_right_sidebar.php","meta":{"_acf_changed":false,"footnotes":""},"class_list":["post-2589","page","type-page","status-publish","hentry"],"acf":[],"_links":{"self":[{"href":"https:\/\/caisse-wordpress-prod.azurewebsites.net\/fr\/wp-json\/wp\/v2\/pages\/2589","targetHints":{"allow":["GET"]}}],"collection":[{"href":"https:\/\/caisse-wordpress-prod.azurewebsites.net\/fr\/wp-json\/wp\/v2\/pages"}],"about":[{"href":"https:\/\/caisse-wordpress-prod.azurewebsites.net\/fr\/wp-json\/wp\/v2\/types\/page"}],"author":[{"embeddable":true,"href":"https:\/\/caisse-wordpress-prod.azurewebsites.net\/fr\/wp-json\/wp\/v2\/users\/13"}],"replies":[{"embeddable":true,"href":"https:\/\/caisse-wordpress-prod.azurewebsites.net\/fr\/wp-json\/wp\/v2\/comments?post=2589"}],"version-history":[{"count":1,"href":"https:\/\/caisse-wordpress-prod.azurewebsites.net\/fr\/wp-json\/wp\/v2\/pages\/2589\/revisions"}],"predecessor-version":[{"id":24786,"href":"https:\/\/caisse-wordpress-prod.azurewebsites.net\/fr\/wp-json\/wp\/v2\/pages\/2589\/revisions\/24786"}],"up":[{"embeddable":true,"href":"https:\/\/caisse-wordpress-prod.azurewebsites.net\/fr\/wp-json\/wp\/v2\/pages\/155"}],"wp:attachment":[{"href":"https:\/\/caisse-wordpress-prod.azurewebsites.net\/fr\/wp-json\/wp\/v2\/media?parent=2589"}],"curies":[{"name":"wp","href":"https:\/\/api.w.org\/{rel}","templated":true}]}}