{"id":2520,"date":"2015-11-24T16:53:39","date_gmt":"2015-11-24T21:53:39","guid":{"rendered":"http:\/\/www.caisse.biz\/fr\/?page_id=2520"},"modified":"2022-04-01T09:32:41","modified_gmt":"2022-04-01T14:32:41","slug":"frais-de-service","status":"publish","type":"page","link":"https:\/\/caisse-wordpress-prod.azurewebsites.net\/fr\/personnel\/frais-de-service\/","title":{"rendered":"Frais de services &#8211; particuliers"},"content":{"rendered":"<p>Les frais de services suivants s\u2019appliquent \u00e0 tous les comptes, sauf si indiqu\u00e9 autrement dans les modalit\u00e9s de votre compte.<\/p>\n    <p style=\"width: 60%\" class=\"open_close\"><a class=\"openalltables openall\"> Tout ouvrir<\/a><a class=\"closealltables closeall\"> Tout fermer<\/a><\/p>\n\r\n        <div class=\"table\">\r\n\r\n            <h6 class=\"table_head\"><a class=\"table_head collapsed\" role=\"button\" data-toggle=\"collapse\" href=\"#table_63\" aria-expanded=\"false\" aria-controls=\"answer_63\">Ch\u00e8ques<\/a><\/h6>\r\n\r\n            <div class=\"collapse\" id=\"table_63\">\r\n                \n<table id=\"tablepress-63\" class=\"tablepress tablepress-id-63 cfg-twocolumn tp_twentyfive\">\n<tbody class=\"row-striping\">\n<tr class=\"row-1\">\n\t<td class=\"column-1\">Arr\u00eat de paiement <\/td><td class=\"column-2\">10,00 $<\/td>\n<\/tr>\n<tr class=\"row-2\">\n\t<td class=\"column-1\">Ch\u00e8que \u00e0 d\u00e9couvert (traitement du ch\u00e8que)<\/td><td class=\"column-2\">  5,00 $<\/td>\n<\/tr>\n<tr class=\"row-3\">\n\t<td class=\"column-1\">Ch\u00e8que certifi\u00e9  (membre)<\/td><td class=\"column-2\">  6,00 $<\/td>\n<\/tr>\n<tr class=\"row-4\">\n\t<td class=\"column-1\">Ch\u00e8que certifi\u00e9 (non-membre)<\/td><td class=\"column-2\">12,00 $<\/td>\n<\/tr>\n<tr class=\"row-5\">\n\t<td class=\"column-1\">Ch\u00e8que en fonds U.S. tir\u00e9 sur un compte en fonds canadiens<\/td><td class=\"column-2\">10,00 $<\/td>\n<\/tr>\n<tr class=\"row-6\">\n\t<td class=\"column-1\">Ch\u00e8que envoy\u00e9 en collection<\/td><td class=\"column-2\">10,00 $<\/td>\n<\/tr>\n<tr class=\"row-7\">\n\t<td class=\"column-1\">Ch\u00e8que post-dat\u00e9 (traitement du ch\u00e8que)<\/td><td class=\"column-2\">  3,00 $<\/td>\n<\/tr>\n<tr class=\"row-8\">\n\t<td class=\"column-1\">Ch\u00e8que re\u00e7u en collection (prises hors produit)<\/td><td class=\"column-2\">20,00 $<\/td>\n<\/tr>\n<tr class=\"row-9\">\n\t<td class=\"column-1\">Ch\u00e8que refus\u00e9 (r\u00e9trofacturation au compte)<\/td><td class=\"column-2\">  5,00 $<\/td>\n<\/tr>\n<tr class=\"row-10\">\n\t<td class=\"column-1\">Ch\u00e8que refus\u00e9 (r\u00e9trofacturation au pr\u00eat)<\/td><td class=\"column-2\">10,00 $<\/td>\n<\/tr>\n<tr class=\"row-11\">\n\t<td class=\"column-1\">Ch\u00e8que retourn\u00e9 sans provision (NSF)\t<\/td><td class=\"column-2\">35,00 $<\/td>\n<\/tr>\n<tr class=\"row-12\">\n\t<td class=\"column-1\">Commande de ch\u00e8ques (quantit\u00e9s de 4, 12, 24, 48, 100 ou 144)<\/td><td class=\"column-2\">Consultez votre centre<\/td>\n<\/tr>\n<tr class=\"row-13\">\n\t<td class=\"column-1\">Mandat de poste\/ch\u00e8que officiel (fonds canadiens)<\/td><td class=\"column-2\"> \u00a06,00 $<\/td>\n<\/tr>\n<tr class=\"row-14\">\n\t<td class=\"column-1\">Traite bancaire (fonds am\u00e9ricains)<\/td><td class=\"column-2\">10,00 $<\/td>\n<\/tr>\n<\/tbody>\n<\/table>\n<!-- #tablepress-63 from cache -->\r\n            <\/div>\r\n\r\n        <\/div>\r\n\n\r\n        <div class=\"table\">\r\n\r\n            <h6 class=\"table_head\"><a class=\"table_head collapsed\" role=\"button\" data-toggle=\"collapse\" href=\"#table_65\" aria-expanded=\"false\" aria-controls=\"answer_65\">Coffret de s\u00fbret\u00e9 <\/a><\/h6>\r\n\r\n            <div class=\"collapse\" id=\"table_65\">\r\n                \n<table id=\"tablepress-65\" class=\"tablepress tablepress-id-65 cfg-twocolumn tp_twentyfive\">\n<tbody class=\"row-striping\">\n<tr class=\"row-1\">\n\t<td class=\"column-1\">Frais annuel<\/td><td class=\"column-2\">30,00 $ \u00e0 90,00 $ (plus la TPS)<\/td>\n<\/tr>\n<tr class=\"row-2\">\n\t<td class=\"column-1\">Ouverture \u00e0 la perceuse  et cl\u00e9 suppl\u00e9mentaire<\/td><td class=\"column-2\">Selon la facture<\/td>\n<\/tr>\n<\/tbody>\n<\/table>\n<!-- #tablepress-65 from cache -->\r\n            <\/div>\r\n\r\n        <\/div>\r\n\n\r\n        <div class=\"table\">\r\n\r\n            <h6 class=\"table_head\"><a class=\"table_head collapsed\" role=\"button\" data-toggle=\"collapse\" href=\"#table_61\" aria-expanded=\"false\" aria-controls=\"answer_61\">Fermeture de compte<\/a><\/h6>\r\n\r\n            <div class=\"collapse\" id=\"table_61\">\r\n                \n<table id=\"tablepress-61\" class=\"tablepress tablepress-id-61 cfg-twocolumn tp_twentyfive\">\n<tbody class=\"row-striping\">\n<tr class=\"row-1\">\n\t<td class=\"column-1\">\u00c0 l\u2019int\u00e9rieur de 180 jours de la date d\u2019ouverture<\/td><td class=\"column-2\">15,00 $<\/td>\n<\/tr>\n<tr class=\"row-2\">\n\t<td class=\"column-1\">Compte transf\u00e9r\u00e9 \u00e0 une autre institution financi\u00e8re<\/td><td class=\"column-2\">30,00 $<\/td>\n<\/tr>\n<\/tbody>\n<\/table>\n<!-- #tablepress-61 from cache -->\r\n            <\/div>\r\n\r\n        <\/div>\r\n\n\r\n        <div class=\"table\">\r\n\r\n            <h6 class=\"table_head\"><a class=\"table_head collapsed\" role=\"button\" data-toggle=\"collapse\" href=\"#table_82\" aria-expanded=\"false\" aria-controls=\"answer_82\">Guichet automatique (G.A.) - autres institutions financi\u00e8res<\/a><\/h6>\r\n\r\n            <div class=\"collapse\" id=\"table_82\">\r\n                \n<table id=\"tablepress-82\" class=\"tablepress tablepress-id-82 cfg-twocolumn tp_twentyfive tbody-has-connected-cells\">\n<tbody class=\"row-striping\">\n<tr class=\"row-1\">\n\t<td colspan=\"2\" class=\"column-1\">Ces frais sont suppl\u00e9mentaires aux frais de transactions associ\u00e9s \u00e0 votre compte. <\/td>\n<\/tr>\n<tr class=\"row-2\">\n\t<td class=\"column-1\">Retrait au G.A. Credit Union AccuLink\u00ae<\/td><td class=\"column-2\">Pas de frais suppl\u00e9mentaires<\/td>\n<\/tr>\n<tr class=\"row-3\">\n\t<td class=\"column-1\">Retrait au G.A. Interac\u00ae\t<\/td><td class=\"column-2\"> 1,50 $<\/td>\n<\/tr>\n<tr class=\"row-4\">\n\t<td class=\"column-1\">Retrait au G.A. Maestro\/Cirrus<\/td><td class=\"column-2\"> 3,00 $<\/td>\n<\/tr>\n<\/tbody>\n<\/table>\n<!-- #tablepress-82 from cache -->\r\n            <\/div>\r\n\r\n        <\/div>\r\n\n\r\n        <div class=\"table\">\r\n\r\n            <h6 class=\"table_head\"><a class=\"table_head collapsed\" role=\"button\" data-toggle=\"collapse\" href=\"#table_62\" aria-expanded=\"false\" aria-controls=\"answer_62\">Paiement de facture<\/a><\/h6>\r\n\r\n            <div class=\"collapse\" id=\"table_62\">\r\n                \n<table id=\"tablepress-62\" class=\"tablepress tablepress-id-62 cfg-twocolumn tp_twentyfive\">\n<tbody class=\"row-striping\">\n<tr class=\"row-1\">\n\t<td class=\"column-1\">Au comptoir - pour les membres seulement (gratuit pour compte \u00c2ge d\u2019or)<\/td><td class=\"column-2\"> 1,50 $<\/td>\n<\/tr>\n<\/tbody>\n<\/table>\n<!-- #tablepress-62 from cache -->\r\n            <\/div>\r\n\r\n        <\/div>\r\n\n\r\n        <div class=\"table\">\r\n\r\n            <h6 class=\"table_head\"><a class=\"table_head collapsed\" role=\"button\" data-toggle=\"collapse\" href=\"#table_64\" aria-expanded=\"false\" aria-controls=\"answer_64\">Transfert de CELI, REER et FERR<\/a><\/h6>\r\n\r\n            <div class=\"collapse\" id=\"table_64\">\r\n                \n<table id=\"tablepress-64\" class=\"tablepress tablepress-id-64 cfg-twocolumn tp_twentyfive\">\n<tbody class=\"row-striping\">\n<tr class=\"row-1\">\n\t<td class=\"column-1\">Transfert \u00e0 C Finance<\/td><td class=\"column-2\">Gratuit<\/td>\n<\/tr>\n<tr class=\"row-2\">\n\t<td class=\"column-1\">Transfert \u00e0 une autre institution financi\u00e8re<\/td><td class=\"column-2\">75,00 $<\/td>\n<\/tr>\n<\/tbody>\n<\/table>\n<!-- #tablepress-64 from cache -->\r\n            <\/div>\r\n\r\n        <\/div>\r\n\n\r\n        <div class=\"table\">\r\n\r\n            <h6 class=\"table_head\"><a class=\"table_head collapsed\" role=\"button\" data-toggle=\"collapse\" href=\"#table_66\" aria-expanded=\"false\" aria-controls=\"answer_66\">Relev\u00e9s de compte<\/a><\/h6>\r\n\r\n            <div class=\"collapse\" id=\"table_66\">\r\n                \n<table id=\"tablepress-66\" class=\"tablepress tablepress-id-66 cfg-twocolumn tp_twentyfive\">\n<tbody class=\"row-striping\">\n<tr class=\"row-1\">\n\t<td class=\"column-1\">Relev\u00e9 en ligne via service bancaire en ligne<\/td><td class=\"column-2\">Gratuit<\/td>\n<\/tr>\n<tr class=\"row-2\">\n\t<td class=\"column-1\">Photocopie du relev\u00e9 de compte<\/td><td class=\"column-2\">  2,00 $ par page<\/td>\n<\/tr>\n<\/tbody>\n<\/table>\n<!-- #tablepress-66 from cache -->\r\n            <\/div>\r\n\r\n        <\/div>\r\n\n\r\n        <div class=\"table\">\r\n\r\n            <h6 class=\"table_head\"><a class=\"table_head collapsed\" role=\"button\" data-toggle=\"collapse\" href=\"#table_67\" aria-expanded=\"false\" aria-controls=\"answer_67\">Transferts<\/a><\/h6>\r\n\r\n            <div class=\"collapse\" id=\"table_67\">\r\n                \n<table id=\"tablepress-67\" class=\"tablepress tablepress-id-67 cfg-twocolumn tp_twentyfive\">\n<tbody class=\"row-striping\">\n<tr class=\"row-1\">\n\t<td class=\"column-1\">Transfert automatis\u00e9 pour couvrir un ch\u00e8que sans provision (NSF)<\/td><td class=\"column-2\">  1,50 $<\/td>\n<\/tr>\n<tr class=\"row-2\">\n\t<td class=\"column-1\">Transfert manuel (demande du membre par t\u00e9l\u00e9phone)<\/td><td class=\"column-2\">  3,00 $<\/td>\n<\/tr>\n<tr class=\"row-3\">\n\t<td class=\"column-1\">Virement \u00e9lectronique - D\u00e9p\u00f4ts<\/td><td class=\"column-2\">Co\u00fbt &#43; 15,00 $<\/td>\n<\/tr>\n<tr class=\"row-4\">\n\t<td class=\"column-1\">Virement \u00e9lectronique envoy\u00e9<br \/>\n\u00e0 une institution canadienne<\/td><td class=\"column-2\">Co\u00fbt &#43; 15,00 $<\/td>\n<\/tr>\n<tr class=\"row-5\">\n\t<td class=\"column-1\">Virement \u00e9lectronique envoy\u00e9<br \/>\n\u00e0 une institution am\u00e9ricaine<\/td><td class=\"column-2\">Co\u00fbt &#43; 25,00 $<\/td>\n<\/tr>\n<tr class=\"row-6\">\n\t<td class=\"column-1\">Virement \u00e9lectronique international<\/td><td class=\"column-2\">Co\u00fbt &#43; 35,00 $<\/td>\n<\/tr>\n<\/tbody>\n<\/table>\n<!-- #tablepress-67 from cache -->\r\n            <\/div>\r\n\r\n        <\/div>\r\n\n\r\n        <div class=\"table\">\r\n\r\n            <h6 class=\"table_head\"><a class=\"table_head collapsed\" role=\"button\" data-toggle=\"collapse\" href=\"#table_68\" aria-expanded=\"false\" aria-controls=\"answer_68\">Divers<\/a><\/h6>\r\n\r\n            <div class=\"collapse\" id=\"table_68\">\r\n                \n<table id=\"tablepress-68\" class=\"tablepress tablepress-id-68 cfg-twocolumn tp_twentyfive\">\n<tbody class=\"row-striping\">\n<tr class=\"row-1\">\n\t<td class=\"column-1\">Compte inactif<\/td><td class=\"column-2\">5,00 $ par mois<\/td>\n<\/tr>\n<tr class=\"row-2\">\n\t<td class=\"column-1\">Confirmation bancaire<\/td><td class=\"column-2\">35,00 $<\/td>\n<\/tr>\n<tr class=\"row-3\">\n\t<td class=\"column-1\">Photocopie\t<\/td><td class=\"column-2\">  0,50 $ par page<\/td>\n<\/tr>\n<tr class=\"row-4\">\n\t<td class=\"column-1\">Recherche (historique, transactions, etc.)<\/td><td class=\"column-2\">40,00 $ par heure<\/td>\n<\/tr>\n<tr class=\"row-5\">\n\t<td class=\"column-1\">Sac de d\u00e9p\u00f4t de nuit  (en plastique seulement)<\/td><td class=\"column-2\">Gratuit<\/td>\n<\/tr>\n<tr class=\"row-6\">\n\t<td class=\"column-1\">T\u00e9l\u00e9copie (fax)<\/td><td class=\"column-2\">  2,00 $ par page<\/td>\n<\/tr>\n<\/tbody>\n<\/table>\n<!-- #tablepress-68 from cache -->\r\n            <\/div>\r\n\r\n        <\/div>\r\n\n","protected":false},"excerpt":{"rendered":"<p>Les frais de services suivants s\u2019appliquent \u00e0 tous les comptes, sauf si indiqu\u00e9 autrement dans les modalit\u00e9s de votre compte.<\/p>\n","protected":false},"author":13,"featured_media":0,"parent":157,"menu_order":0,"comment_status":"closed","ping_status":"closed","template":"tpl_page_right_sidebar.php","meta":{"_acf_changed":false,"footnotes":""},"class_list":["post-2520","page","type-page","status-publish","hentry"],"acf":[],"_links":{"self":[{"href":"https:\/\/caisse-wordpress-prod.azurewebsites.net\/fr\/wp-json\/wp\/v2\/pages\/2520","targetHints":{"allow":["GET"]}}],"collection":[{"href":"https:\/\/caisse-wordpress-prod.azurewebsites.net\/fr\/wp-json\/wp\/v2\/pages"}],"about":[{"href":"https:\/\/caisse-wordpress-prod.azurewebsites.net\/fr\/wp-json\/wp\/v2\/types\/page"}],"author":[{"embeddable":true,"href":"https:\/\/caisse-wordpress-prod.azurewebsites.net\/fr\/wp-json\/wp\/v2\/users\/13"}],"replies":[{"embeddable":true,"href":"https:\/\/caisse-wordpress-prod.azurewebsites.net\/fr\/wp-json\/wp\/v2\/comments?post=2520"}],"version-history":[{"count":1,"href":"https:\/\/caisse-wordpress-prod.azurewebsites.net\/fr\/wp-json\/wp\/v2\/pages\/2520\/revisions"}],"predecessor-version":[{"id":24782,"href":"https:\/\/caisse-wordpress-prod.azurewebsites.net\/fr\/wp-json\/wp\/v2\/pages\/2520\/revisions\/24782"}],"up":[{"embeddable":true,"href":"https:\/\/caisse-wordpress-prod.azurewebsites.net\/fr\/wp-json\/wp\/v2\/pages\/157"}],"wp:attachment":[{"href":"https:\/\/caisse-wordpress-prod.azurewebsites.net\/fr\/wp-json\/wp\/v2\/media?parent=2520"}],"curies":[{"name":"wp","href":"https:\/\/api.w.org\/{rel}","templated":true}]}}