{"id":2326,"date":"2015-12-08T20:27:36","date_gmt":"2015-12-09T02:27:36","guid":{"rendered":"http:\/\/www.caisse.biz\/fr\/?page_id=2326"},"modified":"2025-12-17T10:05:15","modified_gmt":"2025-12-17T16:05:15","slug":"concours-epargne-etudiant","status":"publish","type":"page","link":"https:\/\/caisse-wordpress-prod.azurewebsites.net\/fr\/personnel\/comptes-sans-frais\/concours-epargne-etudiant\/","title":{"rendered":"Tirages &#8211; compte \u00c9pargne \u00e9tudiant"},"content":{"rendered":"<p>&nbsp;<\/p>\n<div id=\"callout-box\">\n<b>F\u00e9licitations \u00e0 <strong>J. Collet<\/strong> qui a gagn\u00e9 500 $ dans le tirage du mois de novembre 2025 !<\/b><\/p>\n<p>Vous voulez ouvrir un compte \u00e9tudiant ? Communiquez d\u00e8s aujourd&rsquo;hui avec l&rsquo;<a href=\"https:\/\/caisse.biz\/fr\/trouvez-un-centre\/\">un de nos centres de services<\/a>.<\/p>\n<\/div>\n<p>&nbsp;<\/p>\n<p>Les tirages de 500 $\u00a0ont lieux\u00a0le 31 mars, le 31 juillet et le 30 novembre chaque ann\u00e9e.<\/p>\n<p>&nbsp;<\/p>\n<ul>\n<li>Pour \u00eatre admissible \u00e0 participer aux tirages :\n<ul>\n<li>Ouvrez un compte \u00c9pargne\u00a0\u00c9tudiant (des crit\u00e8res d\u2019\u00e9ligibilit\u00e9 s\u2019appliquent).<\/li>\n<li>Assurez-vous d&rsquo;avoir\u00a0un minimum de 500 $ dans votre compte \u00c9pargne \u00e9tudiant par la fin de journ\u00e9e de la date du tirage.<\/li>\n<\/ul>\n<\/li>\n<\/ul>\n<ul>\n<li>Les membres avec un compte \u00c9pargne \u00e9tudiant seront automatiquement inscrits aux tirages pour lesquels ils sont admissibles.<\/li>\n<li>Le membre\u00a0sera inscrit qu\u2019une seule fois aux tirages pour lesquels il est admissible, n\u2019importe le nombre de comptes \u00c9pargne \u00e9tudiant qu&rsquo;il d\u00e9tient.<\/li>\n<\/ul>\n<h2>R\u00e8gles et r\u00e8glements officiels<\/h2>\n<h4>Tirage<\/h4>\n<ul>\n<li>Les membres avec un compte\u00a0\u00c9pargne \u00e9tudiant\u00a0seront automatiquement entr\u00e9s dans les tirages\u00a0 pour lesquels ils sont admissibles.<\/li>\n<li>Un tirage aura lieu en date du\u00a031 mars, 31 juillet et 30 novembre de chaque ann\u00e9e.<\/li>\n<li>Le prix remis sera de 500 $.<\/li>\n<\/ul>\n<h4>Admissibilit\u00e9<\/h4>\n<p>Pour \u00eatre admissible au tirage, \u00e0 la fin de journ\u00e9e de la date du tirage :<\/p>\n<ul>\n<li>le participant doit \u00eatre \u00e2g\u00e9 de 18 \u00e0 25 ans;<\/li>\n<li>le participant doit avoir un compte \u00c9pargne \u00e9tudiant ;<\/li>\n<li>le participant doit avoir un solde minimum de 500 $ dans son compte \u00c9pargne \u00e9tudiant.<\/li>\n<\/ul>\n<p>&nbsp;<\/p>\n<h4>Comment participer<\/h4>\n<ul>\n<li>Les participants qui ont le solde minimum requis de 500 $ dans leur compte \u00c9pargne \u00e9tudiant seront automatiquement inscrits aux tirages pour lesquels ils sont admissibles.<\/li>\n<li>Le nom d&rsquo;un participant sera seulement soumis une fois par tirage, n&rsquo;importe le nombre admissible de comptes \u00c9pargne\u00a0\u00e9tudiant qu&rsquo;il d\u00e9tient.<\/li>\n<\/ul>\n<h4>S\u00e9lection et avis aux gagnants<\/h4>\n<ul>\n<li>Les gagnants seront s\u00e9lectionn\u00e9s au hasard par tirage \u00e9lectronique, \u00e0 partir de la liste des participants admissibles.<\/li>\n<li>Le gagnant sera avis\u00e9 par courriel, \u00e0 l\u2019adresse courriel qui nous aura \u00e9t\u00e9 fournie.<\/li>\n<li>Le prix en argent sera directement d\u00e9pos\u00e9 dans le compte \u00c9pargne\u00a0\u00e9tudiant du gagnant.<\/li>\n<li>Le nom des gagnants et leur village\/ville seront affich\u00e9s sur nos r\u00e9seaux sociaux tels que Facebook et Instagram.<\/li>\n<\/ul>\n<p>&nbsp;<\/p>\n<p><strong>R\u00e8glements<\/strong><br \/>\n<small>Caisse Groupe Financier se r\u00e9serve le droit de mettre fin aux tirages en tout temps, pour n\u2019importe quelle raison. Le concours est ouvert \u00e0 toute personne \u00e2g\u00e9e entre 18 \u00e0 25 ans qui r\u00e9pond aux crit\u00e8res d\u2019admissibilit\u00e9. Le gagnant doit accepter le prix remis tel qu\u2019indiqu\u00e9 ci-dessus; le prix ne peut \u00eatre transf\u00e9r\u00e9 ni assign\u00e9. Les tirages sont administr\u00e9s par Caisse Groupe Financier, au 205, boulevard Provencher, Winnipeg (MB) R2H 0G4. Les d\u00e9cisions se rapportant \u00e0 la promotion et \u00e0 la remise des prix sont finales et ne peuvent \u00eatre contest\u00e9es. Le gagnant consent \u00e0 l\u2019utilisation de son nom et\/ou \u00e2ge et\/ou adresse \u00e0 tout endroit public d\u00e9sign\u00e9 par Caisse Groupe Financier et\/ou son agence de publicit\u00e9, sans aucune compensation suppl\u00e9mentaire. Si requis, le gagnant doit consentir \u00e0 faire prendre sa photo et\/ou vid\u00e9o et\/ou tout autre m\u00e9dia requis \u00e0 cette fin, sans aucune compensation suppl\u00e9mentaire. Les tirages sont assujettis aux lois f\u00e9d\u00e9rales, provinciales et municipales s\u2019y rapportant. Caisse Groupe Financier ne peut \u00eatre tenue responsable pour l\u2019information incorrecte ou inexacte d\u00e9coulant des utilisateurs du site Web ou de tout \u00e9quipement ou programmation associ\u00e9e ou utilis\u00e9e au cours du tirage, ni pour toute erreur technique ou humaine qui aurait pu se produire lors du traitement des soumissions pour le tirage. Elle ne peut \u00eatre non plus tenue responsable de toute erreur, omission, interruption, suppression, d\u00e9faut, d\u00e9lai dans l\u2019op\u00e9ration ou la transmission, panne de lignes de communication, vol ou destruction ou acc\u00e8s non autoris\u00e9 \u00e0 une entr\u00e9e ou modification \u00e0 une entr\u00e9e. Elle ne peut \u00eatre tenue responsable d\u2019une panne technique d\u2019un r\u00e9seau ou lignes t\u00e9l\u00e9phoniques, des syst\u00e8mes informatis\u00e9s en ligne, d\u2019un serveur ou fournisseur de service, de l\u2019\u00e9quipement informatique, logiciels, panne de courriels ou probl\u00e8mes de transmission d\u2019une entr\u00e9e en raison de probl\u00e8mes techniques ou congestion de l\u2019Internet, \u00e0 tout site Web ou combinaison de ces \u00e9v\u00e9nements, y compris blessure ou dommage aux participants \u00e0 partir de n\u2019importe quel ordinateur, se rapportant ou d\u00e9coulant de la participation ou au t\u00e9l\u00e9chargement de mat\u00e9riaux pour les tirages, ou les participations tardives. Si, pour quelque raison que ce soit, les tirages ne peuvent avoir lieu tel que pr\u00e9vu, y compris l\u2019infection ou un virus informatique, bogues, falsification, intervention non autoris\u00e9e, fraude, pannes techniques ou n\u2019importe quelle autre cause hors du contr\u00f4le de Caisse Groupe Financier et qui, selon nous, affecterait l\u2019administration, la s\u00e9curit\u00e9, l\u2019\u00e9quit\u00e9, l\u2019int\u00e9grit\u00e9 ou la tenue ad\u00e9quate des tirages mensuels, Caisse Groupe Financier se r\u00e9serve le droit, \u00e0 son enti\u00e8re discr\u00e9tion, d\u2019annuler, mettre fin, modifier ou suspendre les tirages en publiant un avis au site Web Caisse.biz.<\/small><\/p>\n","protected":false},"excerpt":{"rendered":"<p>&nbsp; &nbsp; Les tirages de 500 $\u00a0ont lieux\u00a0le 31 mars, le 31 juillet et le 30 novembre chaque ann\u00e9e. &nbsp; Pour \u00eatre admissible \u00e0 participer aux tirages : Ouvrez un compte \u00c9pargne\u00a0\u00c9tudiant (des crit\u00e8res d\u2019\u00e9ligibilit\u00e9 s\u2019appliquent). Assurez-vous d&rsquo;avoir\u00a0un minimum de 500 $ dans votre compte \u00c9pargne \u00e9tudiant par la fin de journ\u00e9e de la date [&hellip;]<\/p>\n","protected":false},"author":13,"featured_media":0,"parent":4245,"menu_order":0,"comment_status":"closed","ping_status":"closed","template":"tpl_page_right_sidebar.php","meta":{"_acf_changed":false,"footnotes":""},"class_list":["post-2326","page","type-page","status-publish","hentry"],"acf":[],"_links":{"self":[{"href":"https:\/\/caisse-wordpress-prod.azurewebsites.net\/fr\/wp-json\/wp\/v2\/pages\/2326","targetHints":{"allow":["GET"]}}],"collection":[{"href":"https:\/\/caisse-wordpress-prod.azurewebsites.net\/fr\/wp-json\/wp\/v2\/pages"}],"about":[{"href":"https:\/\/caisse-wordpress-prod.azurewebsites.net\/fr\/wp-json\/wp\/v2\/types\/page"}],"author":[{"embeddable":true,"href":"https:\/\/caisse-wordpress-prod.azurewebsites.net\/fr\/wp-json\/wp\/v2\/users\/13"}],"replies":[{"embeddable":true,"href":"https:\/\/caisse-wordpress-prod.azurewebsites.net\/fr\/wp-json\/wp\/v2\/comments?post=2326"}],"version-history":[{"count":17,"href":"https:\/\/caisse-wordpress-prod.azurewebsites.net\/fr\/wp-json\/wp\/v2\/pages\/2326\/revisions"}],"predecessor-version":[{"id":30542,"href":"https:\/\/caisse-wordpress-prod.azurewebsites.net\/fr\/wp-json\/wp\/v2\/pages\/2326\/revisions\/30542"}],"up":[{"embeddable":true,"href":"https:\/\/caisse-wordpress-prod.azurewebsites.net\/fr\/wp-json\/wp\/v2\/pages\/4245"}],"wp:attachment":[{"href":"https:\/\/caisse-wordpress-prod.azurewebsites.net\/fr\/wp-json\/wp\/v2\/media?parent=2326"}],"curies":[{"name":"wp","href":"https:\/\/api.w.org\/{rel}","templated":true}]}}