{"id":22877,"date":"2021-04-14T13:54:08","date_gmt":"2021-04-14T18:54:08","guid":{"rendered":"https:\/\/www.caisse.biz\/?page_id=22877"},"modified":"2026-03-02T15:04:17","modified_gmt":"2026-03-02T21:04:17","slug":"demande-de-pret-en-ligne","status":"publish","type":"page","link":"https:\/\/caisse-wordpress-prod.azurewebsites.net\/fr\/demande-de-pret-en-ligne\/","title":{"rendered":"OUVRIR UN COMPTE \/ FAIRE DEMANDE"},"content":{"rendered":"<p>Utilisez ce formulaire pour demander un pr\u00eat \u00e0 terme, un pr\u00eat hypoth\u00e9caire ou une marge de cr\u00e9dit.<\/p>\n<p>Un menu d\u00e9roulant vous demandera de pr\u00e9ciser le produit qui vous int\u00e9resse.<\/p>\n<p>Si vous demandez une marge de cr\u00e9dit, veuillez s\u00e9lectionner \u00ab\u00a0d\u00e9couvert autoris\u00e9\u00a0\u00bb. Un sp\u00e9cialiste du cr\u00e9dit vous aidera ensuite \u00e0 d\u00e9terminer la solution de cr\u00e9dit qui r\u00e9pond le mieux \u00e0 vos besoins.<\/p>\n<p>Veuillez lire attentivement :<br \/>\nCette demande de cr\u00e9dit vous permet d&rsquo;estimer les paiements et de soumettre votre demande de cr\u00e9dit \u00e0 Caisse Groupe Financier du Manitoba.<\/p>\n<p>VEUILLEZ NOTER que les co\u00fbts de pr\u00eat sont sujets \u00e0 une vari\u00e9t\u00e9 de facteurs, tels que la garantie du pr\u00eat, votre cote de cr\u00e9dit, etc., qui seront d\u00e9termin\u00e9s plus tard lors d&rsquo;une conversation avec un sp\u00e9cialiste de cr\u00e9dit de la Caisse.<\/p>\n<p>Tous les calculs effectu\u00e9s dans ce formulaire de demande ne sont que des estimations.<\/p>\n<div id=\"weblos\"><\/div>\n","protected":false},"excerpt":{"rendered":"<p>Utilisez ce formulaire pour demander un pr\u00eat \u00e0 terme, un pr\u00eat hypoth\u00e9caire ou une marge de cr\u00e9dit. Un menu d\u00e9roulant vous demandera de pr\u00e9ciser le produit qui vous int\u00e9resse. Si vous demandez une marge de cr\u00e9dit, veuillez s\u00e9lectionner \u00ab\u00a0d\u00e9couvert autoris\u00e9\u00a0\u00bb. Un sp\u00e9cialiste du cr\u00e9dit vous aidera ensuite \u00e0 d\u00e9terminer la solution de cr\u00e9dit qui r\u00e9pond [&hellip;]<\/p>\n","protected":false},"author":13,"featured_media":0,"parent":0,"menu_order":0,"comment_status":"closed","ping_status":"closed","template":"","meta":{"_acf_changed":false,"footnotes":""},"class_list":["post-22877","page","type-page","status-publish","hentry"],"acf":[],"_links":{"self":[{"href":"https:\/\/caisse-wordpress-prod.azurewebsites.net\/fr\/wp-json\/wp\/v2\/pages\/22877","targetHints":{"allow":["GET"]}}],"collection":[{"href":"https:\/\/caisse-wordpress-prod.azurewebsites.net\/fr\/wp-json\/wp\/v2\/pages"}],"about":[{"href":"https:\/\/caisse-wordpress-prod.azurewebsites.net\/fr\/wp-json\/wp\/v2\/types\/page"}],"author":[{"embeddable":true,"href":"https:\/\/caisse-wordpress-prod.azurewebsites.net\/fr\/wp-json\/wp\/v2\/users\/13"}],"replies":[{"embeddable":true,"href":"https:\/\/caisse-wordpress-prod.azurewebsites.net\/fr\/wp-json\/wp\/v2\/comments?post=22877"}],"version-history":[{"count":7,"href":"https:\/\/caisse-wordpress-prod.azurewebsites.net\/fr\/wp-json\/wp\/v2\/pages\/22877\/revisions"}],"predecessor-version":[{"id":30828,"href":"https:\/\/caisse-wordpress-prod.azurewebsites.net\/fr\/wp-json\/wp\/v2\/pages\/22877\/revisions\/30828"}],"wp:attachment":[{"href":"https:\/\/caisse-wordpress-prod.azurewebsites.net\/fr\/wp-json\/wp\/v2\/media?parent=22877"}],"curies":[{"name":"wp","href":"https:\/\/api.w.org\/{rel}","templated":true}]}}