{"id":2228,"date":"2015-12-08T14:56:57","date_gmt":"2015-12-08T19:56:57","guid":{"rendered":"http:\/\/www.caisse.biz\/fr\/?page_id=2228"},"modified":"2020-08-16T12:28:05","modified_gmt":"2020-08-16T17:28:05","slug":"ma-petite-caisse","status":"publish","type":"page","link":"https:\/\/caisse-wordpress-prod.azurewebsites.net\/fr\/outils\/ma-petite-caisse\/","title":{"rendered":"Programme \u00ab Ma petite Caisse \u00bb"},"content":{"rendered":"<p>Ma petite Caisse est un programme d&rsquo;\u00e9ducation financi\u00e8re offert gratuitement aux enfants \u00e2g\u00e9s de 3 \u00e0 5 ans et leurs parents dans les <a href=\"http:\/\/www.cpefmb.org\/\" target=\"_blank\" rel=\"noopener noreferrer\">Centres de la petite enfance et de la famille (CPEF)<\/a> au Manitoba, en partenariat avec Caisse Groupe Financier.<\/p>\n<p>L\u2019objectif du programme est d\u2019introduire le concept d\u2019argent aux jeunes et d\u2019\u00e9duquer leurs parents pour qu\u2019ils puissent enseigner des bonnes pratiques financi\u00e8res \u00e0 leurs enfants.<br \/>\n<strong>Le programme est une s\u00e9rie de cinq sessions offertes en fran\u00e7ais seulement aux enfants \u00e2g\u00e9s de 3 \u00e0 5 ans et leurs parents.<\/strong><\/p>\n<p>\u00c0 chaque session:<\/p>\n<ul>\n<li>l\u2019animatrice du CPEF anime des jeux et des activit\u00e9s avec les jeunes et leurs parents au sujet de l\u2019argent<\/li>\n<li>les parents re\u00e7oivent des informations utiles au sujet des finances (voir ici-bas les vid\u00e9os et mat\u00e9riels &#8211; en fran\u00e7ais seulement)<\/li>\n<\/ul>\n<p>Nous remercions <a href=\"https:\/\/www.concentra.ca\/Pages\/index.aspx\" target=\"_blank\" rel=\"noopener noreferrer\">Concentra Bank<\/a> pour l\u2019appui financier accord\u00e9 au d\u00e9veloppement de ce programme.<\/p>\n<p><strong>Les ressources suivantes ont \u00e9t\u00e9 produites pour les parents dans le cadre du programme Ma petite Caisse.<\/strong><\/p>\n<h3>PLANIFIER SES FINANCES<\/h3>\n<p>Visionnez la vid\u00e9o et le feuillet d&rsquo;information pour chacune des \u00e9tapes suivantes afin de mieux planifier vos finances.<\/p>\n<div class=\"row\"><div class=\"col-md-6\">\n<h5>\u00c9tape 1<br \/>\nD\u00e9finir vos buts et priorit\u00e9s<\/h5>\n<p><a href=\"..\/..\/..\/wp-content\/uploads\/2018\/02\/Ma-petite-Caisse-Etape-no-1.pdf\"><img loading=\"lazy\" decoding=\"async\" class=\"alignleft size-full wp-image-8311\" src=\"..\/..\/..\/wp-content\/uploads\/2016\/10\/pdf.jpg\" alt=\"\" width=\"32\" height=\"32\" \/>Feuillet d&rsquo;information<\/a><\/p>\n<p><iframe loading=\"lazy\" class=\"vimeo-video-frame\" src=\"https:\/\/player.vimeo.com\/video\/185506037\" width=\"534\" height=\"300\" frameborder=\"0\" allowfullscreen=\"allowfullscreen\"><\/iframe><\/p>\n<\/div>\n<div class=\"col-md-6\">\n<h5>\u00c9tape 2<br \/>\nFaire un plan<\/h5>\n<p><a href=\"..\/..\/..\/wp-content\/uploads\/2018\/02\/Ma-petite-Caisse-Etape-no-2.pdf\"><img loading=\"lazy\" decoding=\"async\" class=\"alignleft size-full wp-image-8311\" src=\"..\/..\/..\/wp-content\/uploads\/2016\/10\/pdf.jpg\" alt=\"\" width=\"32\" height=\"32\" \/>Feuillet d&rsquo;information<\/a><\/p>\n<p><iframe loading=\"lazy\" class=\"vimeo-video-frame\" src=\"https:\/\/player.vimeo.com\/video\/187000194\" width=\"534\" height=\"300\" frameborder=\"0\" allowfullscreen=\"allowfullscreen\"><\/iframe><\/p>\n<\/div>\n<\/div>\n<div class=\"row\"><div class=\"col-md-6\">\n<h5>\u00c9tape 3<br \/>\nFaire un budget<\/h5>\n<p><a href=\"..\/..\/..\/wp-content\/uploads\/2018\/02\/Ma-petite-Caisse-Etape-no-3.pdf\"><img loading=\"lazy\" decoding=\"async\" class=\"alignleft size-full wp-image-8311\" src=\"..\/..\/..\/wp-content\/uploads\/2016\/10\/pdf.jpg\" alt=\"\" width=\"32\" height=\"32\" \/>Feuillet d&rsquo;information<\/a><\/p>\n<p><iframe loading=\"lazy\" class=\"vimeo-video-frame\" src=\"https:\/\/player.vimeo.com\/video\/187667992\" width=\"534\" height=\"300\" frameborder=\"0\" allowfullscreen=\"allowfullscreen\"><\/iframe><\/p>\n<\/div>\n<div class=\"col-md-6\">\n<h5>\u00c9tape 4<br \/>\nSuivre le plan<\/h5>\n<p><a href=\"..\/..\/..\/wp-content\/uploads\/2018\/02\/Ma-petite-Caisse-Etape-no-4.pdf\"><img loading=\"lazy\" decoding=\"async\" class=\"alignleft size-full wp-image-8311\" src=\"..\/..\/..\/wp-content\/uploads\/2016\/10\/pdf.jpg\" alt=\"\" width=\"32\" height=\"32\" \/>Feuillet d&rsquo;information<\/a><\/p>\n<p><iframe loading=\"lazy\" class=\"vimeo-video-frame\" src=\"https:\/\/player.vimeo.com\/video\/188324176\" width=\"534\" height=\"300\" frameborder=\"0\" allowfullscreen=\"allowfullscreen\"><\/iframe><\/p>\n<\/div>\n<\/div>\n","protected":false},"excerpt":{"rendered":"<p>Ma petite Caisse est un programme d&rsquo;\u00e9ducation financi\u00e8re offert gratuitement aux enfants \u00e2g\u00e9s de 3 \u00e0 5 ans et leurs parents dans les Centres de la petite enfance et de la famille (CPEF) au Manitoba, en partenariat avec Caisse Groupe Financier. L\u2019objectif du programme est d\u2019introduire le concept d\u2019argent aux jeunes et d\u2019\u00e9duquer leurs parents [&hellip;]<\/p>\n","protected":false},"author":13,"featured_media":0,"parent":150,"menu_order":0,"comment_status":"closed","ping_status":"closed","template":"tpl_page_right_sidebar.php","meta":{"_acf_changed":false,"footnotes":""},"class_list":["post-2228","page","type-page","status-publish","hentry"],"acf":[],"_links":{"self":[{"href":"https:\/\/caisse-wordpress-prod.azurewebsites.net\/fr\/wp-json\/wp\/v2\/pages\/2228","targetHints":{"allow":["GET"]}}],"collection":[{"href":"https:\/\/caisse-wordpress-prod.azurewebsites.net\/fr\/wp-json\/wp\/v2\/pages"}],"about":[{"href":"https:\/\/caisse-wordpress-prod.azurewebsites.net\/fr\/wp-json\/wp\/v2\/types\/page"}],"author":[{"embeddable":true,"href":"https:\/\/caisse-wordpress-prod.azurewebsites.net\/fr\/wp-json\/wp\/v2\/users\/13"}],"replies":[{"embeddable":true,"href":"https:\/\/caisse-wordpress-prod.azurewebsites.net\/fr\/wp-json\/wp\/v2\/comments?post=2228"}],"version-history":[{"count":0,"href":"https:\/\/caisse-wordpress-prod.azurewebsites.net\/fr\/wp-json\/wp\/v2\/pages\/2228\/revisions"}],"up":[{"embeddable":true,"href":"https:\/\/caisse-wordpress-prod.azurewebsites.net\/fr\/wp-json\/wp\/v2\/pages\/150"}],"wp:attachment":[{"href":"https:\/\/caisse-wordpress-prod.azurewebsites.net\/fr\/wp-json\/wp\/v2\/media?parent=2228"}],"curies":[{"name":"wp","href":"https:\/\/api.w.org\/{rel}","templated":true}]}}