{"id":2224,"date":"2015-12-08T14:51:39","date_gmt":"2015-12-08T19:51:39","guid":{"rendered":"http:\/\/www.caisse.biz\/fr\/?page_id=2224"},"modified":"2022-05-13T09:26:38","modified_gmt":"2022-05-13T14:26:38","slug":"aucourantdelargent","status":"publish","type":"page","link":"https:\/\/caisse-wordpress-prod.azurewebsites.net\/fr\/aucourantdelargent\/","title":{"rendered":"Programme \u00ab Au courant de l&rsquo;argent \u00bb"},"content":{"rendered":"<p>Par l\u2019entremise du programme \u00ab Au courant de l\u2019argent \u00bb d\u00e9velopp\u00e9 par Caisse Groupe Financier, les \u00e9l\u00e8ves de 9<sup>e<\/sup> \u00e0 12<sup>e<\/sup> ann\u00e9e dans les \u00e9coles francophones et les \u00e9coles d\u2019immersion au Manitoba apprennent au sujet d\u2019\u00e9pargner leur argent, le budget, les int\u00e9r\u00eats, les investissements, les pr\u00eats et cartes de cr\u00e9dit, les cotes de cr\u00e9dit, la gestion financi\u00e8re, la fraude financi\u00e8re et autres.<\/p>\n<p>L\u2019objectif du programme est d\u2019assurer que les jeunes puissent prendre des bonnes d\u00e9cisions financi\u00e8res d\u00e8s un jeune \u00e2ge et surtout dans leur vie d\u2019adulte.<\/p>\n<p>Depuis 2013, Caisse Groupe Financier collabore avec le Conseil de d\u00e9veloppement \u00e9conomique des municipalit\u00e9s bilingues du Manitoba et Junior Achievement Manitoba pour assurer la disponibilit\u00e9 des ressources en litt\u00e9ratie financi\u00e8re en fran\u00e7ais pour les \u00e9coles au Manitoba.<\/p>\n<p>Les pr\u00e9sentations du programme \u00ab Au courant de l\u2019argent \u00bb sont offertes gratuitement par des employ\u00e9s de Caisse Groupe Financier et du CDEM qui sont form\u00e9s dans le domaine des finances et de l\u2019entrepreneuriat.<\/p>\n<p>Si vous \u00eates int\u00e9ress\u00e9 \u00e0 c\u00e9duler une pr\u00e9sentation dans votre \u00e9cole ou vous voulez plus de renseignements, visitez <a href=\"http:\/\/www.affairesaplus.com\/litteratie-financiere\">www.affairesaplus.com\/litteratie-financiere<\/a>.<br \/>\n&emsp;<br \/>\n<div class=\"row\"><div class=\"col-md-3\">\n<iframe loading=\"lazy\" width=\"270\" height=\"152\" src=\"https:\/\/www.youtube.com\/embed\/LcHEBgXptZA\" frameborder=\"1\" allow=\"autoplay; encrypted-media\" allowfullscreen><\/iframe><br \/>\n&emsp;<br \/>\n<\/div>\n<div class=\"col-md-3\">\n<a href=\"..\/la-litteratie-financiere-un-investissement-a-long-terme\/\"><img loading=\"lazy\" decoding=\"async\" src=\"..\/..\/wp-content\/uploads\/2015\/12\/LitteracieInvestissementLongTermeFR.png\" alt=\"\" width=\"320\" height=\"180\" class=\"aligncenter size-full wp-image-14344\" srcset=\"\/wp-content\/uploads\/2015\/12\/LitteracieInvestissementLongTermeFR.png 320w, \/wp-content\/uploads\/2015\/12\/LitteracieInvestissementLongTermeFR-300x169.png 300w\" sizes=\"auto, (max-width: 320px) 100vw, 320px\" \/><\/a><br \/>\n&emsp;<br \/>\n<\/div>\n<div class=\"col-md-3\">\n<a href=\"http:\/\/affairesaplus.com\/litteratie-financiere\"><img loading=\"lazy\" decoding=\"async\" src=\"..\/..\/wp-content\/uploads\/2015\/12\/PlanifierPresentationFR.png\" alt=\"\" width=\"320\" height=\"180\" class=\"aligncenter size-full wp-image-14340\" srcset=\"\/wp-content\/uploads\/2015\/12\/PlanifierPresentationFR.png 320w, \/wp-content\/uploads\/2015\/12\/PlanifierPresentationFR-300x169.png 300w\" sizes=\"auto, (max-width: 320px) 100vw, 320px\" \/><\/a><br \/>\n&emsp;<br \/>\n<\/div>\n<\/div>\n&emsp;<br \/>\n<img loading=\"lazy\" decoding=\"async\" src=\"..\/..\/wp-content\/uploads\/2018\/10\/AuCourantDeLArgent-bandeau-logosFR.png\" alt=\"\" width=\"880\" height=\"100\" class=\"aligncenter size-full wp-image-14346\" srcset=\"\/wp-content\/uploads\/2018\/10\/AuCourantDeLArgent-bandeau-logosFR.png 880w, \/wp-content\/uploads\/2018\/10\/AuCourantDeLArgent-bandeau-logosFR-300x34.png 300w, \/wp-content\/uploads\/2018\/10\/AuCourantDeLArgent-bandeau-logosFR-768x87.png 768w\" sizes=\"auto, (max-width: 880px) 100vw, 880px\" \/><\/p>\n","protected":false},"excerpt":{"rendered":"<p>Par l\u2019entremise du programme \u00ab Au courant de l\u2019argent \u00bb d\u00e9velopp\u00e9 par Caisse Groupe Financier, les \u00e9l\u00e8ves de 9e \u00e0 12e ann\u00e9e dans les \u00e9coles francophones et les \u00e9coles d\u2019immersion au Manitoba apprennent au sujet d\u2019\u00e9pargner leur argent, le budget, les int\u00e9r\u00eats, les investissements, les pr\u00eats et cartes de cr\u00e9dit, les cotes de cr\u00e9dit, la [&hellip;]<\/p>\n","protected":false},"author":13,"featured_media":0,"parent":0,"menu_order":0,"comment_status":"closed","ping_status":"closed","template":"tpl_page_right_sidebar.php","meta":{"_acf_changed":false,"footnotes":""},"class_list":["post-2224","page","type-page","status-publish","hentry"],"acf":[],"_links":{"self":[{"href":"https:\/\/caisse-wordpress-prod.azurewebsites.net\/fr\/wp-json\/wp\/v2\/pages\/2224","targetHints":{"allow":["GET"]}}],"collection":[{"href":"https:\/\/caisse-wordpress-prod.azurewebsites.net\/fr\/wp-json\/wp\/v2\/pages"}],"about":[{"href":"https:\/\/caisse-wordpress-prod.azurewebsites.net\/fr\/wp-json\/wp\/v2\/types\/page"}],"author":[{"embeddable":true,"href":"https:\/\/caisse-wordpress-prod.azurewebsites.net\/fr\/wp-json\/wp\/v2\/users\/13"}],"replies":[{"embeddable":true,"href":"https:\/\/caisse-wordpress-prod.azurewebsites.net\/fr\/wp-json\/wp\/v2\/comments?post=2224"}],"version-history":[{"count":1,"href":"https:\/\/caisse-wordpress-prod.azurewebsites.net\/fr\/wp-json\/wp\/v2\/pages\/2224\/revisions"}],"predecessor-version":[{"id":25204,"href":"https:\/\/caisse-wordpress-prod.azurewebsites.net\/fr\/wp-json\/wp\/v2\/pages\/2224\/revisions\/25204"}],"wp:attachment":[{"href":"https:\/\/caisse-wordpress-prod.azurewebsites.net\/fr\/wp-json\/wp\/v2\/media?parent=2224"}],"curies":[{"name":"wp","href":"https:\/\/api.w.org\/{rel}","templated":true}]}}