{"id":2212,"date":"2015-12-08T14:44:25","date_gmt":"2015-12-08T20:44:25","guid":{"rendered":"http:\/\/www.caisse.biz\/fr\/?page_id=2212"},"modified":"2025-12-02T09:59:20","modified_gmt":"2025-12-02T15:59:20","slug":"tirages-mensuels-compte-jeunesse","status":"publish","type":"page","link":"https:\/\/caisse-wordpress-prod.azurewebsites.net\/fr\/personnel\/comptes-sans-frais\/tirages-mensuels-compte-jeunesse\/","title":{"rendered":"Tirages mensuels \u2013 compte Jeunesse"},"content":{"rendered":"<p>&nbsp;<\/p>\n<div id=\"callout-box\">\n<b>F\u00e9licitations aux gagnants des tirages comptes Jeunesse pour les mois de JUIN, JUILLET et AO\u00dbT !<\/b><\/p>\n<p>Voici nos heureux gagnants :<\/p>\n<p><strong>JUIN 2025<\/strong><br \/>\nN. Rotzien   &#8211; $50 (5 \u00e0 12 ans)<br \/>\nS. Johnston  &#8211; $100 (13 \u00e0 18 ans)<\/p>\n<p><strong>JUILLET 2025<\/strong><br \/>\nZ. HUPE &#8211; $50 (5 \u00e0 12 ans)<br \/>\nJoel. G &#8211; $100 (13 \u00e0 18 ans)<\/p>\n<p><strong>AO\u00dbT 2025<\/strong><br \/>\nSORIN. A  &#8211; $50 (5 \u00e0 12 ans)<br \/>\nCLOUTIER. L &#8211; $100 (13 \u00e0 18 ans)<\/p>\n<p>Vous voulez ouvrir un compte pour votre enfant ou adolescent? Communiquez d\u00e8s aujourd&rsquo;hui avec l&rsquo;<a href=\"https:\/\/caisse.biz\/fr\/trouvez-un-centre\/\">un de nos centres de services<\/a>.<\/p>\n<\/div>\n<p>&nbsp;<\/p>\n<h2>Pour\u00a0participer aux tirages\u00a0:<\/h2>\n<ul>\n<li>Ouvrez un compte Jeunesse en ligne ou \u00e0 n\u2019importe quel centre de services Caisse Groupe Financier<\/li>\n<li>Assurez-vous d\u2019avoir le solde requis dans votre compte le dernier jour du mois\n<ul>\n<li>5 \u00e0 12 ans: vous devez avoir un minimum de 50 $ dans votre compte Jeunesse le dernier jour du mois<\/li>\n<li>13 \u00e0 18 ans: vous devez avoir un minimum de 100 $ dans votre compte Jeunesse le dernier jour du mois.<\/li>\n<\/ul>\n<\/li>\n<li>Si vous avez le solde minimum requis dans votre compte Jeunesse le dernier jour du mois, votre nom est automatiquement inscrit au tirage pour ce mois.<\/li>\n<li>Les gagnants des tirages auront le prix de 50 $ ou 100 $ d\u00e9pos\u00e9 directement dans leur compte Jeunesse et seront notifi\u00e9s par courriel. Les noms des gagnants seront affich\u00e9s sur nos r\u00e9seaux sociaux tels que Facebook et Instagram et autre publicit\u00e9 de Caisse.<\/li>\n<\/ul>\n<h2>R\u00e8gles et r\u00e8glements officiels<\/h2>\n<h4>Tirage mensuel<\/h4>\n<ul>\n<li>Les membres avec un compte Jeunesse\u00a0seront automatiquement entr\u00e9s dans le tirage \u00e0 chaque mois pour lesquels ils sont admissibles.<\/li>\n<li>Un tirage mensuel aura lieu pour les participants \u00e2g\u00e9s de 5 \u00e0 12 ans. Le prix remis sera de 50 $.<\/li>\n<li>Un tirage mensuel aura lieu pour les participants \u00e2g\u00e9s de 13 \u00e0 18 ans. Le prix remis sera de 100 $.<\/li>\n<li>Les tirages auront lieux aux alentours du premier jour ouvrable suivant la fin du mois.<\/li>\n<\/ul>\n<h4>Admissibilit\u00e9<\/h4>\n<p>Pour \u00eatre admissible au tirage, \u00e0 la fermeture du bureau le dernier jour du mois pour lequel le tirage a lieu :<\/p>\n<ul>\n<li>le participant doit \u00eatre \u00e2g\u00e9 de 5 \u00e0 18 ans;<\/li>\n<li>le participant doit r\u00e9sider au Manitoba;<\/li>\n<li>le participant doit avoir un compte Jeunesse \u00e0 un centre de services de Caisse Groupe Financier<\/li>\n<li>le compte Jeunesse doit \u00eatre au nom du jeune; le jeune doit \u00eatre signataire autoris\u00e9 sur le compte;\n<ul>\n<li>le compte doit \u00eatre conjoint avec un parent ou tuteur si le jeune a moins de 13 ans;<\/li>\n<li>les comptes en fiducie ou autres types de comptes ne sont pas admissibles;<\/li>\n<\/ul>\n<\/li>\n<li>le participant doit avoir\u00a0le solde minimum requis dans son compte Jeunesse :\n<ul>\n<li>pour les 5 \u00e0 12 ans : le solde de fermeture minimum \u00e0 la derni\u00e8re journ\u00e9e du mois doit \u00eatre de 50 $;<\/li>\n<li>pour les 13 \u00e0 18 ans : le solde de fermeture minimum \u00e0 la derni\u00e8re journ\u00e9e du mois doit \u00eatre de 100 $<\/li>\n<\/ul>\n<\/li>\n<\/ul>\n<p>&nbsp;<\/p>\n<h4>Comment participer<\/h4>\n<ul>\n<li>Les membres avec un compte Jeunesse\u00a0seront automatiquement entr\u00e9s dans le tirage \u00e0 chaque mois pour lesquels ils sont admissibles.<\/li>\n<li>Pour ouvrir un compte Jeunesse\u00a0:\n<ul>\n<li>Ovrez compte Jeuness en ligne<\/li>\n<li>Ouvrez un compte Jeunesse \u00e0 n\u2019importe quel centre de services Caisse Groupe Financier<\/li>\n<\/ul>\n<\/li>\n<\/ul>\n<h4>S\u00e9lection et avis aux gagnants<\/h4>\n<ul>\n<li>Les gagnants seront s\u00e9lectionn\u00e9s au hasard par tirage \u00e9lectronique, \u00e0 partir de la liste des participants admissibles.<\/li>\n<li>Le gagnant sera avis\u00e9 par courriel, \u00e0 l\u2019adresse courriel qui nous aura \u00e9t\u00e9 fournie.<\/li>\n<li>Le prix en argent sera directement d\u00e9pos\u00e9 dans le compte Jeunesse du gagnant.<\/li>\n<li>Le nom des gagnants et possiblement leur village\/ville seront affich\u00e9s en ligne mensuellement sur r\u00e9seaux sociaux tels que <b><a href=\"https:\/\/www.instagram.com\/caissegroupefinancier\/\" target=\"_blank\" rel=\"noopener noreferrer\">Instagram<\/a><\/b> et <b><a href=\"https:\/\/www.facebook.com\/caissegroupefinancier\" target=\"_blank\" rel=\"noopener noreferrer\">Facebook<\/a><\/b><\/li>\n<\/ul>\n<p>&nbsp;<\/p>\n<p><strong>R\u00e8glements<\/strong><br \/>\n<small>Caisse Groupe Financier se r\u00e9serve le droit de mettre fin aux tirages mensuels en tout temps, pour n\u2019importe quelle raison. Le concours est ouvert \u00e0 toute personne \u00e2g\u00e9e entre 5 \u00e0 18 ans qui r\u00e9pond aux crit\u00e8res d\u2019admissibilit\u00e9. Le\/la gagnant(e) doit accepter le prix remis tel qu\u2019indiqu\u00e9 ci-dessus; le prix ne peut \u00eatre transf\u00e9r\u00e9 ni assign\u00e9. Les tirages mensuels sont administr\u00e9s par Caisse Groupe Financier, au 205, boulevard Provencher, Winnipeg (MB) R2H 0G4. Les d\u00e9cisions se rapportant \u00e0 la promotion et \u00e0 la remise des prix sont finales et ne peuvent \u00eatre contest\u00e9es. Le\/la gagnant(e) consent \u00e0 l\u2019utilisation de son nom et\/ou \u00e2ge et\/ou adresse \u00e0 tout endroit public d\u00e9sign\u00e9 par Caisse Groupe Financier et\/ou son agence de publicit\u00e9, sans aucune compensation suppl\u00e9mentaire. Si requis, le\/la gagnant(e) doit consentir \u00e0 faire prendre sa photo et\/ou vid\u00e9o et\/ou tout autre m\u00e9dia requis \u00e0 cette fin, sans aucune compensation suppl\u00e9mentaire. Les tirages mensuels sont assujettis aux lois f\u00e9d\u00e9rales, provinciales et municipales s\u2019y rapportant. Caisse Groupe Financier ne peut \u00eatre tenue responsable pour l\u2019information incorrecte ou inexacte d\u00e9coulant des utilisateurs du site Web ou de tout \u00e9quipement ou programmation associ\u00e9e ou utilis\u00e9e au cours du tirage mensuel, ni pour toute erreur technique ou humaine qui aurait pu se produire lors du traitement des soumissions pour le tirage mensuel. Elle ne peut \u00eatre non plus tenue responsable de toute erreur, omission, interruption, suppression, d\u00e9faut, d\u00e9lai dans l\u2019op\u00e9ration ou la transmission, panne de lignes de communication, vol ou destruction ou acc\u00e8s non autoris\u00e9 \u00e0 une entr\u00e9e ou modification \u00e0 une entr\u00e9e. Elle ne peut \u00eatre tenue responsable d\u2019une panne technique d\u2019un r\u00e9seau ou lignes t\u00e9l\u00e9phoniques, des syst\u00e8mes informatis\u00e9s en ligne, d\u2019un serveur ou fournisseur de service, de l\u2019\u00e9quipement informatique, logiciels, panne de courriels ou probl\u00e8mes de transmission d\u2019une entr\u00e9e en raison de probl\u00e8mes techniques ou congestion de l\u2019Internet, \u00e0 tout site Web ou combinaison de ces \u00e9v\u00e9nements, y compris blessure ou dommage aux participants \u00e0 partir de n\u2019importe quel ordinateur, se rapportant ou d\u00e9coulant de la participation ou au t\u00e9l\u00e9chargement de mat\u00e9riaux pour les tirages mensuels, ou les participations tardives. Si, pour quelque raison que ce soit, les tirages mensuels ne peuvent avoir lieu tel que pr\u00e9vu, y compris l\u2019infection ou un virus informatique, bogues, falsification, intervention non autoris\u00e9e, fraude, pannes techniques ou n\u2019importe quelle autre cause hors du contr\u00f4le de Caisse Groupe Financier et qui, selon nous, affecterait l\u2019administration, la s\u00e9curit\u00e9, l\u2019\u00e9quit\u00e9, l\u2019int\u00e9grit\u00e9 ou la tenue ad\u00e9quate des tirages mensuels, Caisse Groupe Financier se r\u00e9serve le droit, \u00e0 son enti\u00e8re discr\u00e9tion, d\u2019annuler, mettre fin, modifier ou suspendre les tirages mensuels en publiant un avis \u00e0 notre site Web.<\/small><\/p>\n","protected":false},"excerpt":{"rendered":"<p>&nbsp; &nbsp; Pour\u00a0participer aux tirages\u00a0: Ouvrez un compte Jeunesse en ligne ou \u00e0 n\u2019importe quel centre de services Caisse Groupe Financier Assurez-vous d\u2019avoir le solde requis dans votre compte le dernier jour du mois 5 \u00e0 12 ans: vous devez avoir un minimum de 50 $ dans votre compte Jeunesse le dernier jour du mois [&hellip;]<\/p>\n","protected":false},"author":13,"featured_media":0,"parent":4245,"menu_order":0,"comment_status":"closed","ping_status":"closed","template":"tpl_page_right_sidebar.php","meta":{"_acf_changed":false,"footnotes":""},"class_list":["post-2212","page","type-page","status-publish","hentry"],"acf":[],"_links":{"self":[{"href":"https:\/\/caisse-wordpress-prod.azurewebsites.net\/fr\/wp-json\/wp\/v2\/pages\/2212","targetHints":{"allow":["GET"]}}],"collection":[{"href":"https:\/\/caisse-wordpress-prod.azurewebsites.net\/fr\/wp-json\/wp\/v2\/pages"}],"about":[{"href":"https:\/\/caisse-wordpress-prod.azurewebsites.net\/fr\/wp-json\/wp\/v2\/types\/page"}],"author":[{"embeddable":true,"href":"https:\/\/caisse-wordpress-prod.azurewebsites.net\/fr\/wp-json\/wp\/v2\/users\/13"}],"replies":[{"embeddable":true,"href":"https:\/\/caisse-wordpress-prod.azurewebsites.net\/fr\/wp-json\/wp\/v2\/comments?post=2212"}],"version-history":[{"count":35,"href":"https:\/\/caisse-wordpress-prod.azurewebsites.net\/fr\/wp-json\/wp\/v2\/pages\/2212\/revisions"}],"predecessor-version":[{"id":30449,"href":"https:\/\/caisse-wordpress-prod.azurewebsites.net\/fr\/wp-json\/wp\/v2\/pages\/2212\/revisions\/30449"}],"up":[{"embeddable":true,"href":"https:\/\/caisse-wordpress-prod.azurewebsites.net\/fr\/wp-json\/wp\/v2\/pages\/4245"}],"wp:attachment":[{"href":"https:\/\/caisse-wordpress-prod.azurewebsites.net\/fr\/wp-json\/wp\/v2\/media?parent=2212"}],"curies":[{"name":"wp","href":"https:\/\/api.w.org\/{rel}","templated":true}]}}