{"id":20168,"date":"2020-08-11T15:46:41","date_gmt":"2020-08-11T20:46:41","guid":{"rendered":"http:\/\/caisse-staging.azurewebsites.net\/?page_id=20168"},"modified":"2020-08-11T15:51:10","modified_gmt":"2020-08-11T20:51:10","slug":"politique-anti-pourriel","status":"publish","type":"page","link":"https:\/\/caisse-wordpress-prod.azurewebsites.net\/fr\/politique-anti-pourriel\/","title":{"rendered":"Politique anti-pourriel"},"content":{"rendered":"<p>Afin de prot\u00e9ger nos membres et autres personnes qui re\u00e7oivent nos messages, nous maintenons une politique de tol\u00e9rance z\u00e9ro pour l\u2019usage de pourriels. Nous envoyons uniquement des messages \u00e9lectroniques commerciaux (MEC) \u00e0 partir de nos serveurs conform\u00e9ment \u00e0 cette politique anti-pourriel.<\/p>\n<p><strong>Qu&rsquo;est-ce qu\u2019un pourriel?<\/strong><\/p>\n<p>Un pourriel est un message \u00e9lectronique commercial non sollicit\u00e9, \u00e9galement appel\u00e9 courrier ind\u00e9sirable, g\u00e9n\u00e9ralement envoy\u00e9 en masse. Un MEC est un pourriel si:<br \/>\n\u2022 L\u2019identit\u00e9 et le contexte personnels du destinataire ne sont pas pertinents puis que le message est \u00e9galement applicable \u00e0 de nombreux autres destinataires potentiels; et<br \/>\n\u2022 Le destinataire n&rsquo;a pas accord\u00e9 de mani\u00e8re v\u00e9rifiable l&rsquo;autorisation explicite ou implicite et toujours r\u00e9vocable pour l&rsquo;envoi du message.<br \/>\nDe nombreux messages pourriels contiennent \u00e9galement des informations fausses ou trompeuses.<\/p>\n<p><strong>Quand la Caisse envoie-t-elle des messages \u00e9lectroniques commerciaux?<\/strong><\/p>\n<p>La Caisse envoie des MEC uniquement dans les contextes suivants:<br \/>\n\u2022 Vous nous avez explicitement inform\u00e9 que vous souhaitez recevoir de tels messages<br \/>\n\u2022 La Caisse r\u00e9pond \u00e0 une demande de renseignements de votre part<br \/>\n\u2022 Pour communiquer avec vous au sujet de votre compte, pr\u00eat ou relations semblables avec nous<br \/>\n\u2022 Pour fournir les informations que vous avez le droit de recevoir sur les produits et services que vous avez procur\u00e9s chez nous<br \/>\n\u2022 Vous nous avez fourni votre adresse de courriel, ou avez publi\u00e9 votre adresse de courriel, sans imposer de restrictions sur son utilisation<br \/>\n\u2022 Vous avez une relation d&rsquo;affaires avec la Caisse<br \/>\n\u2022 Vous avez un abonnement avec nous<br \/>\n\u2022 Vous nous avez remis un don ou fourni des services de b\u00e9n\u00e9volat<\/p>\n<p><strong>Comment la Caisse vous prot\u00e8ge-t-elle contre la r\u00e9ception de pourriels?<\/strong><\/p>\n<p>Les MEC envoy\u00e9s ou transmis depuis les serveurs de la Caisse :<br \/>\n\u2022 N\u2019utilisent ou ne contiennent pas des ent\u00eates non valides ou falsifi\u00e9s<br \/>\n\u2022 N\u2019utilisent ou ne contiennent pas des noms de domaine invalides ou inexistants<br \/>\n\u2022 N\u2019emploient aucune technique pour vous repr\u00e9senter faussement<br \/>\n\u2022 Ne dissimulent ou ne masquent pas l\u2019information identifiant le point d&rsquo;origine ou le parcours de transmission<br \/>\n\u2022 N\u2019utilisent pas des pratiques d\u2019adressage trompeuses<br \/>\n\u2022 N\u2019utilisent pas le nom de domaine Internet d&rsquo;un tiers ou ne transmettent pas des messages depuis ou via l&rsquo;\u00e9quipement d&rsquo;un tiers, sans l&rsquo;autorisation du tiers<br \/>\n\u2022 Ne contiennent pas d\u2019informations fausses ou trompeuses dans la ligne d&rsquo;objet ou ne contiennent pas de contenu faux ou trompeur<\/p>\n<p>La Caisse ne fait pas intentionnellement affaire avec des entreprises qui participent \u00e0 l&rsquo;envoi de pourriels. La Caisse ne vend pas et n&rsquo;\u00e9change pas vos informations. Nous ne permettons pas ni n&rsquo;autorisons pas autres entit\u00e9s \u00e0 collecter, compiler ou obtenir des informations sur nos membres, y compris, mais sans s&rsquo;y limiter, les adresses \u00e9lectroniques des membres.<\/p>\n<p><strong>Et si je ne veux plus recevoir de messages de la Caisse?<\/strong><\/p>\n<p>Tous les MEC de la Caisse vous offrent la possibilit\u00e9 de vous d\u00e9sinscrire ou de refuser de recevoir des MEC de la Caisse. Lorsque vous vous d\u00e9sabonnez en utilisant les liens fournis dans nos MEC, votre demande sera trait\u00e9e d\u00e8s que possible et au plus tard 10 jours apr\u00e8s l&rsquo;envoi de la demande.<\/p>\n<p><strong>Que faire si je re\u00e7ois des MEC ind\u00e9sirables de la Caisse?<\/strong><\/p>\n<p>Dans le cas peu probable o\u00f9 vous recevriez des messages de la Caisse ou transmis \u00e0 l&rsquo;aide des serveurs de la Caisse qui pourraient \u00eatre consid\u00e9r\u00e9s comme des pourriels, veuillez nous contacter \u00e0 questions@caisse.biz et la question fera l\u2019objet d\u2019un examen plus approfondi. Nous nous engageons \u00e0 vous assurer que vous ne recevez pas de courriels ind\u00e9sirables de nos serveurs.<\/p>\n<p><strong>Modifications de cette politique anti-pourriel<\/strong><\/p>\n<p>La Caisse peut modifier cette politique en tout temps en publiant une nouvelle version sur ce site Web.<\/p>\n","protected":false},"excerpt":{"rendered":"<p>Afin de prot\u00e9ger nos membres et autres personnes qui re\u00e7oivent nos messages, nous maintenons une politique de tol\u00e9rance z\u00e9ro pour l\u2019usage de pourriels. Nous envoyons uniquement des messages \u00e9lectroniques commerciaux (MEC) \u00e0 partir de nos serveurs conform\u00e9ment \u00e0 cette politique anti-pourriel. Qu&rsquo;est-ce qu\u2019un pourriel? Un pourriel est un message \u00e9lectronique commercial non sollicit\u00e9, \u00e9galement appel\u00e9 [&hellip;]<\/p>\n","protected":false},"author":13,"featured_media":0,"parent":0,"menu_order":0,"comment_status":"closed","ping_status":"closed","template":"tpl_page_right_sidebar.php","meta":{"_acf_changed":false,"footnotes":""},"class_list":["post-20168","page","type-page","status-publish","hentry"],"acf":[],"_links":{"self":[{"href":"https:\/\/caisse-wordpress-prod.azurewebsites.net\/fr\/wp-json\/wp\/v2\/pages\/20168","targetHints":{"allow":["GET"]}}],"collection":[{"href":"https:\/\/caisse-wordpress-prod.azurewebsites.net\/fr\/wp-json\/wp\/v2\/pages"}],"about":[{"href":"https:\/\/caisse-wordpress-prod.azurewebsites.net\/fr\/wp-json\/wp\/v2\/types\/page"}],"author":[{"embeddable":true,"href":"https:\/\/caisse-wordpress-prod.azurewebsites.net\/fr\/wp-json\/wp\/v2\/users\/13"}],"replies":[{"embeddable":true,"href":"https:\/\/caisse-wordpress-prod.azurewebsites.net\/fr\/wp-json\/wp\/v2\/comments?post=20168"}],"version-history":[{"count":0,"href":"https:\/\/caisse-wordpress-prod.azurewebsites.net\/fr\/wp-json\/wp\/v2\/pages\/20168\/revisions"}],"wp:attachment":[{"href":"https:\/\/caisse-wordpress-prod.azurewebsites.net\/fr\/wp-json\/wp\/v2\/media?parent=20168"}],"curies":[{"name":"wp","href":"https:\/\/api.w.org\/{rel}","templated":true}]}}