{"id":189,"date":"2015-10-23T14:33:37","date_gmt":"2015-10-23T20:33:37","guid":{"rendered":"http:\/\/www.caisse.biz\/fr\/?page_id=189"},"modified":"2026-03-02T17:17:29","modified_gmt":"2026-03-02T23:17:29","slug":"ouvrir-un-compte","status":"publish","type":"page","link":"https:\/\/caisse-wordpress-prod.azurewebsites.net\/fr\/a-propos-de-nous\/ouvrir-un-compte\/","title":{"rendered":"Ouvrir un compte"},"content":{"rendered":"<p>Pour devenir membre, pr\u00e9sentez-vous dans l\u2019un de nos <strong><a href=\"https:\/\/caisse.biz\/fr\/trouvez-un-centre\/\">centres de services<\/a> <\/strong>ou communiquez avec notre <strong><a href=\"https:\/\/www.caisse.biz\/fr\/un-nouveau-centre-de-communication-pour-les-membres\/\">Centre de communication des membres<\/a><\/strong> pour prendre rendez-vous.<\/p>\n<p>&nbsp;<\/p>\n<p><strong>Lors de votre rendez-vous<\/strong><\/p>\n<p>Nous pourrions vous demander de fournir les renseignements suivants :<\/p>\n<p>Membres particuliers<\/p>\n<ul>\n<li>Renseignements personnels (adresse, num\u00e9ro de t\u00e9l\u00e9phone, courriel, date de naissance, num\u00e9ro d\u2019assurance sociale, etc.)<\/li>\n<li>Renseignements li\u00e9s \u00e0 l\u2019emploi<\/li>\n<li>Renseignements financiers (revenus, actifs et passifs) si vous pr\u00e9sentez une demande d\u2019hypoth\u00e8que, de pr\u00eat, de marge de cr\u00e9dit ou de carte de cr\u00e9dit<\/li>\n<\/ul>\n<p>Membres entreprises<\/p>\n<ul>\n<li>Renseignements sur l\u2019entreprise ou l\u2019organisation (nom, adresse, num\u00e9ro de t\u00e9l\u00e9phone, courriel, num\u00e9ro d\u2019entreprise, etc.)<\/li>\n<li>Renseignements financiers (actifs, passifs, revenus et d\u00e9penses)<\/li>\n<\/ul>\n<p>&nbsp;<\/p>\n<p>&nbsp;<\/p>\n<div class=\"row\">\n<div class=\"col-md-12\">\n<div style=\"background-color: #8c8c8c; padding: 1% 2% 2% 2%;\">\n<h3 style=\"color: white;\">Les avantages de devenir membre<\/h3>\n<p style=\"color: white;\">Quand vous faites affaires avec Caisse Groupe Financier, vous devenez membre de notre coop\u00e9rative et d\u00e9tenez une part de membre. Collectivement, nos membres sont propri\u00e9taires\u00a0de la coop\u00e9rative et peuvent influencer la fa\u00e7on don&rsquo;t qu\u2019elle g\u00e8re ses op\u00e9rations.<\/p>\n<p style=\"color: white;\">En tant que coop\u00e9rative financi\u00e8re, notre but unique est de satisfaire nos membres en leur offrant le meilleur service \u00e0 la client\u00e8le possible. C&rsquo;est pourquoi ann\u00e9e apr\u00e8s ann\u00e9e, nous m\u00e9ritons un taux de satisfaction de 90 % chez nos membres.<\/p>\n<p><a class=\"btn btn-primary\" href=\"..\/..\/a-propos-de-nous\/la-difference-cooperative\/\">La diff\u00e9rence coop\u00e9rative<\/a><\/p>\n<\/div>\n<\/div>\n<\/div>\n<div class=\"row\">\n<div class=\"col-md-12\">\n<div style=\"background-color: #86d0ec; padding: 1% 2% 2% 2%;\">\n<h3 style=\"color: white;\">Gamme compl\u00e8te de produits et services<\/h3>\n<p style=\"color: white;\">Nous offrons des taux d\u2019int\u00e9r\u00eats concurrentiels, un service personnalis\u00e9 et la flexibilit\u00e9\u00a0d&rsquo;adapter nos produits et services \u00e0 vos besoins financiers individuels.<\/p>\n<p><a class=\"btn btn-primary\" href=\"..\/..\/services-affaires-et-agricoles\/cheques\/\">En savoir plus<\/a><\/p>\n<\/div>\n<\/div>\n<\/div>\n<div class=\"row\">\n<div class=\"col-md-12\">\n<div style=\"background-color: #2babe2; padding: 1% 2% 2% 2%;\">\n<h3 style=\"color: white;\">Partage des b\u00e9n\u00e9fices<\/h3>\n<p style=\"color: white;\">Nous partageons les b\u00e9n\u00e9fices avec les membres sous forme de taux d\u2019int\u00e9r\u00eat tr\u00e8s comp\u00e9titifs et par l\u2019am\u00e9lioration continue de nos produits et services.<\/p>\n<p style=\"color: white;\">Lorsque c&rsquo;est possible, nous partageons les b\u00e9n\u00e9fices avec les membres sous forme de parts de surplus qui sont distribu\u00e9es selon le volume d\u2019affaires que les membres ont avec Caisse Groupe Financier. Les parts de surplus peuvent \u00eatre rachet\u00e9es, \u00e0 la discr\u00e9tion du conseil d\u2019administration, si Caisse Groupe Financier rencontre les exigences de capital.<\/p>\n<p style=\"color: white;\">Par l\u2019entremise de notre programme d\u2019appui \u00e0 la communaut\u00e9, nous accordons jusqu\u2019\u00e0 5 % des b\u00e9n\u00e9fices annuels aux\u00a0activit\u00e9s et projets\u00a0communautaires locaux.\u00a0Gr\u00e2ce \u00e0 notre programme de bourses d\u2019\u00e9tudes, chaque ann\u00e9e nous accordons 22 bourses d\u2019\u00e9tudes aux \u00e9tudiants de niveaux postsecondaires..<\/p>\n<p><a class=\"btn btn-primary\" href=\"..\/..\/communaute\/programme-dappui-communautaire\/\">Programme d&rsquo;appui \u00e0 la communaut\u00e9<\/a><\/p>\n<p><a class=\"btn btn-primary\" href=\"..\/..\/communaute\/programme-de-bourses-detudes\/\">Programme de bourses d&rsquo;\u00e9tudes<\/a><\/p>\n<\/div>\n<\/div>\n<\/div>\n<div class=\"row\">\n<div class=\"col-md-12\">\n<div style=\"background-color: #00364c; padding: 1% 2% 2% 2%;\">\n<h3 style=\"color: white;\">Assurance-d\u00e9p\u00f4t<\/h3>\n<p style=\"color: white;\">Tous les d\u00e9p\u00f4ts \u00e0 Caisse Groupe Financier sont garantis sans limite par la Soci\u00e9t\u00e9 d\u2019assurance-d\u00e9p\u00f4ts du Manitoba. Ceci comprend les comptes ch\u00e8ques et comptes d&rsquo;\u00e9pargne, les certificats de placement garanti (CPG), les comptes enregistr\u00e9s libre d\u2019imp\u00f4t (CELI), les r\u00e9gimes enregistr\u00e9s \u00e9pargne-retraite (REER) et les fonds enregistr\u00e9s de revenu de retraite (FERR).<\/p>\n<p><a class=\"btn btn-primary\" href=\"..\/..\/assurance-depots\/\">Deposit Guarantee<\/a><\/p>\n<p><a class=\"btn btn-primary\" href=\"https:\/\/sadm.ca\/\" target=\"_blank\" rel=\"noopener noreferrer\">Visitez le site Web de la Soci\u00e9t\u00e9 d&rsquo;assurance-d\u00e9p\u00f4ts du Manitoba<\/a><\/p>\n<\/div>\n<\/div>\n<\/div>\n<div class=\"row\">\n<div class=\"col-md-12\">\n<div style=\"background-color: #8c8c8c; padding: 1% 2% 2% 2%;\">\n<h3 style=\"color: white;\">Planification financi\u00e8re et gestion des avoirs<\/h3>\n<p style=\"color: white;\">Notre partenaire, C Finance, peut vous aider avec les investissements, les assurances, la planification fiscal,\u00a0la repartition\u00a0des actifs, la gestion des risques, ainsi que\u00a0la planification de retraite et la planification successorale.<\/p>\n<p><a class=\"btn btn-primary\" href=\"http:\/\/www.cfinance.biz\/francais\/index.html\">Visitez le site Web de C Finance<\/a><\/p>\n<\/div>\n<\/div>\n<\/div>\n<div class=\"row\">\n<div class=\"col-md-12\">\n<div style=\"background-color: #86d0ec; padding: 1% 2% 2% 2%;\">\n<h3 style=\"color: white;\">Guichet automatique \/ paiement d\u00e9bit<\/h3>\n<p style=\"color: white;\">Vous pouvez vous servir de votre carte de d\u00e9bit\/guichet automatique de Caisse Groupe Financier :<\/p>\n<ul style=\"color: white;\">\n<li style=\"color: white;\">\u00e0 nos guichets automatiques au Manitoba<\/li>\n<li style=\"color: white;\">sans frais suppl\u00e9mentaires \u00e0 plus\u00a0de 1 700 guichets automatiques\u00a0Credit Union <em>AccuLink<\/em>\u00ae\u00a0\u00e0 travers le Canada\u00a0pour effectuer des d\u00e9p\u00f4ts, retraits, transf\u00e9rer des fonds et v\u00e9rifier votre solde (consultez le localisateur en cochant les options ATM et Acculink)<\/li>\n<li style=\"color: white;\">aux guichets automatiques\u00a0portant les logos\u00a0<em>Interac<\/em>\u2020,\u00a0 Maestro\u00ae ou Cirrus\u00ae au Canada et \u00e0 travers le monde<\/li>\n<li style=\"color: white;\">pour effectuer vos achats et\u00a0paiements par debit via\u00a0<em>Interac<\/em>\u2020 \u00e0 travers le Canada<\/li>\n<li style=\"color: white;\">pour effectuer vos achats et\u00a0paiements par d\u00e9bit aux terminaux ayant la marque Maestro\u00ae dans plus de 200 pays<\/li>\n<\/ul>\n<p style=\"color: white;\">Des frais de transaction et des frais suppl\u00e9mentaires pourraient s\u2019appliquer.<\/p>\n<p><a class=\"btn btn-primary\" href=\"..\/..\/trouvez-un-centre\/\">Trouvez un centre de services Caisse<\/a><\/p>\n<p><a class=\"btn btn-primary\" href=\"http:\/\/locator.ccua.com\/\">Trouvez un ATM Credit Union (en anglais)<\/a><\/p>\n<\/div>\n<\/div>\n<\/div>\n<p><small>\u00ae Usager licenci\u00e9 des marques<br \/>\n\u2020 Utilisateur autoris\u00e9 des marques<br \/>\n\u00ae <em>AccuLink<\/em> &amp; Design sont des marques de commerce d\u00e9pos\u00e9es de Credit Union Central of Canada et utilis\u00e9es sous licence.<\/small><\/p>\n","protected":false},"excerpt":{"rendered":"<p>Pour devenir membre, pr\u00e9sentez-vous dans l\u2019un de nos centres de services ou communiquez avec notre Centre de communication des membres pour prendre rendez-vous. &nbsp; Lors de votre rendez-vous Nous pourrions vous demander de fournir les renseignements suivants : Membres particuliers Renseignements personnels (adresse, num\u00e9ro de t\u00e9l\u00e9phone, courriel, date de naissance, num\u00e9ro d\u2019assurance sociale, etc.) Renseignements [&hellip;]<\/p>\n","protected":false},"author":13,"featured_media":0,"parent":146,"menu_order":0,"comment_status":"closed","ping_status":"closed","template":"tpl_page_right_sidebar.php","meta":{"_acf_changed":false,"footnotes":""},"class_list":["post-189","page","type-page","status-publish","hentry"],"acf":[],"_links":{"self":[{"href":"https:\/\/caisse-wordpress-prod.azurewebsites.net\/fr\/wp-json\/wp\/v2\/pages\/189","targetHints":{"allow":["GET"]}}],"collection":[{"href":"https:\/\/caisse-wordpress-prod.azurewebsites.net\/fr\/wp-json\/wp\/v2\/pages"}],"about":[{"href":"https:\/\/caisse-wordpress-prod.azurewebsites.net\/fr\/wp-json\/wp\/v2\/types\/page"}],"author":[{"embeddable":true,"href":"https:\/\/caisse-wordpress-prod.azurewebsites.net\/fr\/wp-json\/wp\/v2\/users\/13"}],"replies":[{"embeddable":true,"href":"https:\/\/caisse-wordpress-prod.azurewebsites.net\/fr\/wp-json\/wp\/v2\/comments?post=189"}],"version-history":[{"count":4,"href":"https:\/\/caisse-wordpress-prod.azurewebsites.net\/fr\/wp-json\/wp\/v2\/pages\/189\/revisions"}],"predecessor-version":[{"id":30830,"href":"https:\/\/caisse-wordpress-prod.azurewebsites.net\/fr\/wp-json\/wp\/v2\/pages\/189\/revisions\/30830"}],"up":[{"embeddable":true,"href":"https:\/\/caisse-wordpress-prod.azurewebsites.net\/fr\/wp-json\/wp\/v2\/pages\/146"}],"wp:attachment":[{"href":"https:\/\/caisse-wordpress-prod.azurewebsites.net\/fr\/wp-json\/wp\/v2\/media?parent=189"}],"curies":[{"name":"wp","href":"https:\/\/api.w.org\/{rel}","templated":true}]}}