{"id":1810,"date":"2015-11-26T03:41:58","date_gmt":"2015-11-26T08:41:58","guid":{"rendered":"http:\/\/www.caisse.biz\/fr\/?page_id=1810"},"modified":"2020-08-16T12:13:10","modified_gmt":"2020-08-16T17:13:10","slug":"investissements","status":"publish","type":"page","link":"https:\/\/caisse-wordpress-prod.azurewebsites.net\/fr\/services-affaires-et-agricoles\/investissements\/","title":{"rendered":"Investissements"},"content":{"rendered":"<h3>Nous donnons acc\u00e8s \u00e0 des options d\u2019investissements pour am\u00e9liorer votre rendement ou pour \u00e9pargner pour vos besoins \u00e0 court terme ou \u00e0 long terme.<\/h3>\n<p><strong>Questions ?<\/strong><br \/>\n<a href=\"..\/..\/trouvez-un-centre\">Contactez un G\u00e9rant de comptes affaires et agricoles<\/a> pour vous aider \u00e0 choisir l\u2019investissement qui convient le mieux \u00e0 votre entreprise ou ferme.<br \/>\n&emsp;<br \/>\n<a href=\"..\/..\/foire-aux-questions\/\"><img loading=\"lazy\" decoding=\"async\" src=\"..\/..\/..\/wp-content\/uploads\/2020\/07\/FAQ-Btn-FR.png\" alt=\"Cliquez ici pour consulter la FAQ\" width=\"207\" height=\"39\" class=\"alignleft size-full wp-image-18665\" \/><\/a><\/p>\n","protected":false},"excerpt":{"rendered":"<p>Nous donnons acc\u00e8s \u00e0 des options d\u2019investissements pour am\u00e9liorer votre rendement ou pour \u00e9pargner pour vos besoins \u00e0 court terme ou \u00e0 long terme. Questions ? Contactez un G\u00e9rant de comptes affaires et agricoles pour vous aider \u00e0 choisir l\u2019investissement qui convient le mieux \u00e0 votre entreprise ou ferme. &emsp;<\/p>\n","protected":false},"author":13,"featured_media":18041,"parent":155,"menu_order":0,"comment_status":"closed","ping_status":"closed","template":"tpl_accounts_business.php","meta":{"_acf_changed":false,"footnotes":""},"class_list":["post-1810","page","type-page","status-publish","has-post-thumbnail","hentry"],"acf":[],"_links":{"self":[{"href":"https:\/\/caisse-wordpress-prod.azurewebsites.net\/fr\/wp-json\/wp\/v2\/pages\/1810","targetHints":{"allow":["GET"]}}],"collection":[{"href":"https:\/\/caisse-wordpress-prod.azurewebsites.net\/fr\/wp-json\/wp\/v2\/pages"}],"about":[{"href":"https:\/\/caisse-wordpress-prod.azurewebsites.net\/fr\/wp-json\/wp\/v2\/types\/page"}],"author":[{"embeddable":true,"href":"https:\/\/caisse-wordpress-prod.azurewebsites.net\/fr\/wp-json\/wp\/v2\/users\/13"}],"replies":[{"embeddable":true,"href":"https:\/\/caisse-wordpress-prod.azurewebsites.net\/fr\/wp-json\/wp\/v2\/comments?post=1810"}],"version-history":[{"count":0,"href":"https:\/\/caisse-wordpress-prod.azurewebsites.net\/fr\/wp-json\/wp\/v2\/pages\/1810\/revisions"}],"up":[{"embeddable":true,"href":"https:\/\/caisse-wordpress-prod.azurewebsites.net\/fr\/wp-json\/wp\/v2\/pages\/155"}],"wp:featuredmedia":[{"embeddable":true,"href":"https:\/\/caisse-wordpress-prod.azurewebsites.net\/fr\/wp-json\/wp\/v2\/media\/18041"}],"wp:attachment":[{"href":"https:\/\/caisse-wordpress-prod.azurewebsites.net\/fr\/wp-json\/wp\/v2\/media?parent=1810"}],"curies":[{"name":"wp","href":"https:\/\/api.w.org\/{rel}","templated":true}]}}