{"id":181,"date":"2015-10-23T14:36:51","date_gmt":"2015-10-23T19:36:51","guid":{"rendered":"http:\/\/www.caisse.biz\/fr\/?page_id=181"},"modified":"2024-01-26T11:26:31","modified_gmt":"2024-01-26T16:26:31","slug":"assurance-depots","status":"publish","type":"page","link":"https:\/\/caisse-wordpress-prod.azurewebsites.net\/fr\/assurance-depots\/","title":{"rendered":"Assurance-d\u00e9p\u00f4ts"},"content":{"rendered":"<p>Ceci inclut les suivants:<\/p>\n<ul>\n<li>Compte \u00e9pargne<\/li>\n<li>Compte ch\u00e8ques<\/li>\n<li>Certificat de placement garanti (CPG)<\/li>\n<li>R\u00e9gime enregistr\u00e9 d\u2019\u00e9pargne retraite (REER)<\/li>\n<li>Fonds enregistr\u00e9 de revenu de retraite (FERR)<\/li>\n<li>Compte \u00e9pargne libre d\u2019imp\u00f4t (CELI)<\/li>\n<li>Compte d\u2019\u00e9pargne libre d\u2019imp\u00f4t pour l\u2019achat d\u2019une premi\u00e8re propri\u00e9t\u00e9 (CELIAPP)<\/li>\n<\/ul>\n<p><a href=\"https:\/\/sadm.ca\/\" target=\"_blank\" rel=\"noopener noreferrer\">La Soci\u00e9t\u00e9 d\u2019assurance-d\u00e9p\u00f4ts du Manitoba <\/a>ne garantit pas les produits non-d\u00e9p\u00f4t tels que les parts ordinaires, parts de surplus, parts privil\u00e9gi\u00e9es, fonds communs de placement ainsi que les REER autog\u00e9r\u00e9s qui ne sont pas des d\u00e9p\u00f4ts (ex. parts d\u2019\u00e9quit\u00e9 ou les fonds communs de placement).<\/p>\n","protected":false},"excerpt":{"rendered":"<p>Ceci inclut les suivants: Compte \u00e9pargne Compte ch\u00e8ques Certificat de placement garanti (CPG) R\u00e9gime enregistr\u00e9 d\u2019\u00e9pargne retraite (REER) Fonds enregistr\u00e9 de revenu de retraite (FERR) Compte \u00e9pargne libre d\u2019imp\u00f4t (CELI) Compte d\u2019\u00e9pargne libre d\u2019imp\u00f4t pour l\u2019achat d\u2019une premi\u00e8re propri\u00e9t\u00e9 (CELIAPP) La Soci\u00e9t\u00e9 d\u2019assurance-d\u00e9p\u00f4ts du Manitoba ne garantit pas les produits non-d\u00e9p\u00f4t tels que les parts [&hellip;]<\/p>\n","protected":false},"author":13,"featured_media":0,"parent":0,"menu_order":20,"comment_status":"closed","ping_status":"closed","template":"tpl_page_right_sidebar.php","meta":{"_acf_changed":false,"footnotes":""},"class_list":["post-181","page","type-page","status-publish","hentry"],"acf":[],"_links":{"self":[{"href":"https:\/\/caisse-wordpress-prod.azurewebsites.net\/fr\/wp-json\/wp\/v2\/pages\/181","targetHints":{"allow":["GET"]}}],"collection":[{"href":"https:\/\/caisse-wordpress-prod.azurewebsites.net\/fr\/wp-json\/wp\/v2\/pages"}],"about":[{"href":"https:\/\/caisse-wordpress-prod.azurewebsites.net\/fr\/wp-json\/wp\/v2\/types\/page"}],"author":[{"embeddable":true,"href":"https:\/\/caisse-wordpress-prod.azurewebsites.net\/fr\/wp-json\/wp\/v2\/users\/13"}],"replies":[{"embeddable":true,"href":"https:\/\/caisse-wordpress-prod.azurewebsites.net\/fr\/wp-json\/wp\/v2\/comments?post=181"}],"version-history":[{"count":4,"href":"https:\/\/caisse-wordpress-prod.azurewebsites.net\/fr\/wp-json\/wp\/v2\/pages\/181\/revisions"}],"predecessor-version":[{"id":28324,"href":"https:\/\/caisse-wordpress-prod.azurewebsites.net\/fr\/wp-json\/wp\/v2\/pages\/181\/revisions\/28324"}],"wp:attachment":[{"href":"https:\/\/caisse-wordpress-prod.azurewebsites.net\/fr\/wp-json\/wp\/v2\/media?parent=181"}],"curies":[{"name":"wp","href":"https:\/\/api.w.org\/{rel}","templated":true}]}}