{"id":1790,"date":"2015-11-26T04:36:00","date_gmt":"2015-11-26T10:36:00","guid":{"rendered":"http:\/\/www.caisse.biz\/fr\/?page_id=1790"},"modified":"2026-02-12T09:16:21","modified_gmt":"2026-02-12T15:16:21","slug":"compte-agri-investissement","status":"publish","type":"page","link":"https:\/\/caisse-wordpress-prod.azurewebsites.net\/fr\/services-affaires-et-agricoles\/compte-agri-investissement\/","title":{"rendered":"Compte Agri-investissement"},"content":{"rendered":"<p>Le programme Agri-investissement permet aux producteurs de mettre des fonds de c\u00f4t\u00e9 pour faire face \u00e0 de petites pertes de revenu ou faire des investissements dans le but d&rsquo;att\u00e9nuer les risques \u00e0 la ferme, avec contributions de contrepartie du gouvernement. <a href=\"http:\/\/www.agr.gc.ca\/fra\/?id=1291828779399\" target=\"_blank\" rel=\"noopener noreferrer\">D\u00e9tails du programme<\/a><\/p>\n<p><strong>Taux d\u2019int\u00e9r\u00eat<br \/>\n<\/strong><span class='savings_agri_invest rate default'>1,55 %<\/span>\n<p><strong>Frais mensuel<br \/>\n<\/strong>0 $<\/p>\n<p><strong>Boni<br \/>\n<\/strong>D\u00e9p\u00f4ts, transferts et retraits illimit\u00e9s gratuits.<\/p>\n<p><strong>Conditions<br \/>\n<\/strong>Doit satisfaire aux crit\u00e8res d\u2019\u00e9ligibilit\u00e9 du programme Agri-investissement. <a href=\"http:\/\/www.agr.gc.ca\/fra\/?id=1291836203250\" target=\"_blank\" rel=\"noopener noreferrer\">Voir tous les d\u00e9tails d\u2019\u00e9ligibilit\u00e9.<\/a><\/p>\n<p><small>Le taux d\u2019int\u00e9r\u00eat est variable et est sujet \u00e0 changer sans avis. L\u2019int\u00e9r\u00eat est calcul\u00e9 sur le solde de fermeture quotidien et vers\u00e9 \u00e0 la fin du mois.<\/small><\/p>\n<p><strong>Questions ?<br \/>\n<\/strong><a href=\"..\/..\/trouvez-un-centre\">Contactez un G\u00e9rant de comptes affaires et agricoles.<\/a><br \/>\n&emsp;<br \/>\n<a href=\"..\/..\/foire-aux-questions\/\"><img loading=\"lazy\" decoding=\"async\" src=\"..\/..\/..\/wp-content\/uploads\/2020\/07\/FAQ-Btn-FR.png\" alt=\"Cliquez ici pour consulter la FAQ\" width=\"207\" height=\"39\" class=\"alignleft size-full wp-image-18665\" \/><\/a><\/p>\n","protected":false},"excerpt":{"rendered":"<p>Le programme Agri-investissement permet aux producteurs de mettre des fonds de c\u00f4t\u00e9 pour faire face \u00e0 de petites pertes de revenu ou faire des investissements dans le but d&rsquo;att\u00e9nuer les risques \u00e0 la ferme, avec contributions de contrepartie du gouvernement. D\u00e9tails du programme Taux d\u2019int\u00e9r\u00eat Frais mensuel 0 $ Boni D\u00e9p\u00f4ts, transferts et retraits illimit\u00e9s [&hellip;]<\/p>\n","protected":false},"author":13,"featured_media":882,"parent":155,"menu_order":0,"comment_status":"closed","ping_status":"closed","template":"tpl_page_right_sidebar.php","meta":{"_acf_changed":false,"footnotes":""},"class_list":["post-1790","page","type-page","status-publish","has-post-thumbnail","hentry"],"acf":[],"_links":{"self":[{"href":"https:\/\/caisse-wordpress-prod.azurewebsites.net\/fr\/wp-json\/wp\/v2\/pages\/1790","targetHints":{"allow":["GET"]}}],"collection":[{"href":"https:\/\/caisse-wordpress-prod.azurewebsites.net\/fr\/wp-json\/wp\/v2\/pages"}],"about":[{"href":"https:\/\/caisse-wordpress-prod.azurewebsites.net\/fr\/wp-json\/wp\/v2\/types\/page"}],"author":[{"embeddable":true,"href":"https:\/\/caisse-wordpress-prod.azurewebsites.net\/fr\/wp-json\/wp\/v2\/users\/13"}],"replies":[{"embeddable":true,"href":"https:\/\/caisse-wordpress-prod.azurewebsites.net\/fr\/wp-json\/wp\/v2\/comments?post=1790"}],"version-history":[{"count":2,"href":"https:\/\/caisse-wordpress-prod.azurewebsites.net\/fr\/wp-json\/wp\/v2\/pages\/1790\/revisions"}],"predecessor-version":[{"id":27613,"href":"https:\/\/caisse-wordpress-prod.azurewebsites.net\/fr\/wp-json\/wp\/v2\/pages\/1790\/revisions\/27613"}],"up":[{"embeddable":true,"href":"https:\/\/caisse-wordpress-prod.azurewebsites.net\/fr\/wp-json\/wp\/v2\/pages\/155"}],"wp:featuredmedia":[{"embeddable":true,"href":"https:\/\/caisse-wordpress-prod.azurewebsites.net\/fr\/wp-json\/wp\/v2\/media\/882"}],"wp:attachment":[{"href":"https:\/\/caisse-wordpress-prod.azurewebsites.net\/fr\/wp-json\/wp\/v2\/media?parent=1790"}],"curies":[{"name":"wp","href":"https:\/\/api.w.org\/{rel}","templated":true}]}}