{"id":179,"date":"2015-10-23T14:36:30","date_gmt":"2015-10-23T19:36:30","guid":{"rendered":"http:\/\/www.caisse.biz\/fr\/?page_id=179"},"modified":"2020-08-26T11:21:27","modified_gmt":"2020-08-26T16:21:27","slug":"securite","status":"publish","type":"page","link":"https:\/\/caisse-wordpress-prod.azurewebsites.net\/fr\/securite\/","title":{"rendered":"S\u00e9curit\u00e9"},"content":{"rendered":"<p><strong>Prenez contact avec votre centre de services imm\u00e9diatement :<\/strong><\/p>\n<ul>\n<li>si vous soup\u00e7onnez que quelqu&rsquo;un a d\u00e9couvert votre num\u00e9ro d&rsquo;identit\u00e9 personnel (NIP);<\/li>\n<li>si vous croyez que des erreurs ou des omissions ont \u00e9t\u00e9 commises dans votre compte:<\/li>\n<li>pour avertir du vol, de la perte, du mauvais usage ou de l&rsquo;utilisation non autoris\u00e9e de votre carte debit.<\/li>\n<\/ul>\n<p>&nbsp;<\/p>\n<h4>S\u00e9curit\u00e9 du service bancaire en ligne<\/h4>\n<p>Le service bancaire en ligne de Caisse Groupe Financier offre la meilleure protection qu\u2019il y ait aujourd&rsquo;hui dans un environnement commercial. Cela signifie que le respect de votre vie priv\u00e9e et la protection de vos renseignements confidentiels sont assur\u00e9s.<\/p>\n<p>L&rsquo;integrit\u00e9 des renseignements achemin\u00e9s est garantie. Les sessions d&rsquo;activit\u00e9s des membres, ainsi que toute informations personnelles, sont communiqu\u00e9es sans qu&rsquo;un intrus ne puisse les\u00a0modifier.<\/p>\n<p>Tous les renseignements personnels que vous soumetterez ou toutes les transactions que vous effectuerez sont prot\u00e9g\u00e9s et ne peuvent \u00eatre lus par quiconque.<\/p>\n<p>&nbsp;<\/p>\n<ul>\n<li>Nous faisons en sorte que vos renseignements personnels et vos informations financi\u00e8res sont prot\u00e9g\u00e9s lorsqu&rsquo;ils sont transmis de votre PC au service bancaire en ligne par le biais de l&rsquo;utilisation des normes techniques de s\u00e9curit\u00e9 de l&rsquo;industrie qui comprennent le protocole TSL (<em>Transport Layer Security<\/em>) et le chiffrage. Le chiffrage prot\u00e8ge les informations transmises de sorte que personne ne peut les lire (strictement confidentielles) ni les modifi\u00e9es (int\u00e9grit\u00e9). Seules les personnes qui fournissent le NIP exact peuvent avoir acc\u00e8s aux informations sur votre compte.<\/li>\n<\/ul>\n<p>&nbsp;<\/p>\n<ul>\n<li>Notre service bancaire en ligne a \u00e9t\u00e9 con\u00e7u pour mettre fin \u00e0 votre session automatiquement, apr\u00e8s une p\u00e9riode d&rsquo;inactivit\u00e9 de plus de 10 minutes. Par cons\u00e9quent, si notre syst\u00e8me d\u00e9tecte que vous n&rsquo;avez fourni aucune instruction ni cliqu\u00e9 sur les boutons du navigateur pour utiliser le service pendant 10 minutes, la connexion sera automatiquement rompue et vous devrez fournir votre NIP de nouveau pour effectuer d&rsquo;autres transactions.<\/li>\n<\/ul>\n<p>&nbsp;<\/p>\n<ul>\n<li>Notre service bancaire en ligne fonctionne \u00e0 partir d&rsquo;une technique appel\u00e9e \u00abt\u00e9moins \u00e9lectroniques\u00bb. Un t\u00e9moin \u00e9lectronique est une petite quantit\u00e9 d&rsquo;information, mise en m\u00e9moire dans votre ordinateur sous forme chiffr\u00e9e, qui est envoy\u00e9e par intermittence, \u00e0 destination et en provenance de notre serveur. Le t\u00e9moin \u00e9lectronique nous fournit des informations qui nous permettent de nous assurer que vous \u00eates effectivement l&rsquo;auteur de chacune des op\u00e9rations, et que c&rsquo;est uniquement \u00e0 vous que nous fournissons de l&rsquo;information. Le t\u00e9moin \u00e9lectronique nous permet \u00e9galement de savoir quand il faut rompre la connexion, tel qu&rsquo;il a \u00e9t\u00e9 expliqu\u00e9 ci-dessus.<\/li>\n<\/ul>\n<p>&nbsp;<\/p>\n<h4>Prot\u00e9gez votre NIP<\/h4>\n<p>En vue de nous assurer que vous \u00eates la seule personne ayant le droit d&rsquo;acc\u00e9der \u00e0 vos comptes, nous vous demandons de fournir un num\u00e9ro d&rsquo;identification personnel (NIP) que seulement vous connaissez. Vous pouvez changer votre NIP \u00e0 n\u2019importe quel moment. Ceci garantit que vous seul pouvez acc\u00e9der \u00e0 vos comptes.<\/p>\n<p>Prenez contact avec votre centre de services imm\u00e9diatement si vous soup\u00e7onnez que quelqu&rsquo;un a d\u00e9couvert votre NIP.<\/p>\n<p>Pour prot\u00e9ger votre NIP, nous vous recommandons les mesures de s\u00e9curit\u00e9 suivantes:<\/p>\n<ul>\n<li>Choisissez un NIP dont vous vous souviendrez facilement, mais que les autres ne pourront deviner facilement<\/li>\n<\/ul>\n<p>&nbsp;<\/p>\n<ul>\n<li>Ne choissiez pas un NIP qui est trop facile (ex : 12345) ou qui est fond\u00e9 sur des renseignements personnels (votre date de naissance, adresse, num\u00e9ro de t\u00e9l\u00e9phone, num\u00e9ro d&rsquo;assurance sociale ou des renseignements du m\u00eame type au sujet de votre famille).<\/li>\n<\/ul>\n<p>&nbsp;<\/p>\n<ul>\n<li>Ne divulguez pas votre NIP.\n<ul>\n<li>N&rsquo;\u00e9crivez pas votre NIP et ne le mettez pas en m\u00e9moire dans un fichier de votre ordinateur. Si vous devez absolument en garder une copie, assurez-vous que personne d&rsquo;autre ne conna\u00eet l&rsquo;endroit o\u00f9 elle se trouve.<\/li>\n<li>D\u00e9sactivez la fonction de sauvegarde automatique du mot de passe de votre navigateur Internet que vous utilisez pour acc\u00e9der \u00e0 votre fournisseur de services Internet.<\/li>\n<li>Ne d\u00e9voilez jamais votre NIP dans un message de bo\u00eete vocale ou dans un courrier \u00e9lectronique, et ne le communiquez jamais au t\u00e9l\u00e9phone, puis surtout pas si vous utilisez le t\u00e9l\u00e9phone cellulaire.<\/li>\n<li>Ne partagez votre NIP avec personne.<\/li>\n<li>Ne laissez personne vous observer lorsque vous tapez votre NIP.<\/li>\n<li>Modifiez votre NIP r\u00e9guli\u00e8rement. Nous sugg\u00e9rons \u00e0 chaque 3 \u00e0 4 mois.<\/li>\n<\/ul>\n<\/li>\n<\/ul>\n<p>&nbsp;<\/p>\n<h4>Prot\u00e9gez les renseignements dans votre ordinateur<strong><br \/>\n<\/strong><\/h4>\n<p>Caisse Groupe Financier fournit un moyen de communication s\u00e9curitaire \u00e0 ses membres. Une fois que les renseignements sont mis en m\u00e9moire dans votre ordinateur, il vous incombe de les prot\u00e9ger. Voici les mesures de precaution \u00e0 respecter:<\/p>\n<ul>\n<li>Ne jamais laisser votre ordinateur sans surveillance lorsque vous utilisez les services bancaires \u00e0 domicile.<\/li>\n<\/ul>\n<p>&nbsp;<\/p>\n<ul>\n<li>Quittez toujours votre service bancaire \u00e0 domicile et votre navigateur Internet, si vous vous \u00e9loignez de votre ordinateur.<\/li>\n<\/ul>\n<p>&nbsp;<\/p>\n<ul>\n<li>Votre logiciel de navigateur Internet peut conserver des renseignements que vous avez entr\u00e9s sur la page d&rsquo;accueil, ou ailleurs, jusqu&rsquo;\u00e0 ce que vous quittiez le navigateur. La plupart des navigateurs Internet m\u00e9morisent des renseignements dans des fichiers non prot\u00e9g\u00e9s (non chiffr\u00e9s) dans la m\u00e9moire cache du navigateur pour am\u00e9liorer la performance. Les fichiers y sont conserv\u00e9s jusqu&rsquo;\u00e0 ce qu&rsquo;ils soient effac\u00e9s. Les fichiers peuvent \u00eatre supprim\u00e9s au moyen des fonctionnalit\u00e9s de base de l&rsquo;ordinateur ou de la fonction de votre navigateur qui permet de supprimer les donn\u00e9es dans la m\u00e9moire cache.<\/li>\n<\/ul>\n<p>&nbsp;<\/p>\n<ul>\n<li>D\u00e9sactiver la fonction de sauvegarde automatique du mot de passe de votre navigateur Internet que vous utilisez pour acc\u00e9der \u00e0 votre fournisseur de services Internet.<\/li>\n<\/ul>\n<p>&nbsp;<\/p>\n<ul>\n<li>Installez et utilisez un logiciel antivirus de bonne qualit\u00e9.<\/li>\n<\/ul>\n<p>Il est important \u00e0 noter que les courriels envoy\u00e9s via l\u2019internet ne sont pas prot\u00e9g\u00e9s par des protocoles tels que le chiffrage ou autres donc nous vous recommandons de ne jamais inclure des informations priv\u00e9es ou confidentielles dans telles communications.<\/p>\n<h4><\/h4>\n<h4>S\u00e9lectionnez un navigateur qui offre la meilleure protection<strong><br \/>\n<\/strong><\/h4>\n<p>Vous pouvez vous prot\u00e9gez en utilisant les navigateurs les plus courants qui comprennent les meilleurs protocoles de s\u00e9curit\u00e9 disponibles.<\/p>\n<p>Caisse Groupe Financier supporte les navigateurs avec les cl\u00e9s de chiffrement \u00e0\u00a0256 bits. Cliquez un des liens ci-dessous pour obtenir la version la plus courante de votre navigateur:<\/p>\n<ul>\n<li>Microsoft Edge: <a href=\"http:\/\/www.microsoft.com\/en-us\/windows\/microsoft-edge\" target=\"_blank\" rel=\"noopener noreferrer\">http:\/\/www.microsoft.com\/en-us\/windows\/microsoft-edge<\/a><\/li>\n<li>Mozilla Firefox: <a href=\"http:\/\/www.mozilla.org\/products\/firefox\" target=\"_blank\" rel=\"noopener noreferrer\">http:\/\/www.mozilla.org\/products\/firefox<\/a><\/li>\n<li>Apple Safari: <a href=\"https:\/\/support.apple.com\/downloads\/safari\" target=\"_blank\" rel=\"noopener noreferrer\">https:\/\/support.apple.com\/downloads\/safari<\/a><\/li>\n<li>Google Chrome: <a href=\"https:\/\/www.google.com\/intl\/en\/chrome\/\" target=\"_blank\" rel=\"noopener noreferrer\">https:\/\/www.google.com\/intl\/en\/chrome\/<\/a><\/li>\n<\/ul>\n","protected":false},"excerpt":{"rendered":"<p>Prenez contact avec votre centre de services imm\u00e9diatement : si vous soup\u00e7onnez que quelqu&rsquo;un a d\u00e9couvert votre num\u00e9ro d&rsquo;identit\u00e9 personnel (NIP); si vous croyez que des erreurs ou des omissions ont \u00e9t\u00e9 commises dans votre compte: pour avertir du vol, de la perte, du mauvais usage ou de l&rsquo;utilisation non autoris\u00e9e de votre carte debit. [&hellip;]<\/p>\n","protected":false},"author":13,"featured_media":0,"parent":0,"menu_order":10,"comment_status":"closed","ping_status":"closed","template":"tpl_page_right_sidebar.php","meta":{"_acf_changed":false,"footnotes":""},"class_list":["post-179","page","type-page","status-publish","hentry"],"acf":[],"_links":{"self":[{"href":"https:\/\/caisse-wordpress-prod.azurewebsites.net\/fr\/wp-json\/wp\/v2\/pages\/179","targetHints":{"allow":["GET"]}}],"collection":[{"href":"https:\/\/caisse-wordpress-prod.azurewebsites.net\/fr\/wp-json\/wp\/v2\/pages"}],"about":[{"href":"https:\/\/caisse-wordpress-prod.azurewebsites.net\/fr\/wp-json\/wp\/v2\/types\/page"}],"author":[{"embeddable":true,"href":"https:\/\/caisse-wordpress-prod.azurewebsites.net\/fr\/wp-json\/wp\/v2\/users\/13"}],"replies":[{"embeddable":true,"href":"https:\/\/caisse-wordpress-prod.azurewebsites.net\/fr\/wp-json\/wp\/v2\/comments?post=179"}],"version-history":[{"count":0,"href":"https:\/\/caisse-wordpress-prod.azurewebsites.net\/fr\/wp-json\/wp\/v2\/pages\/179\/revisions"}],"wp:attachment":[{"href":"https:\/\/caisse-wordpress-prod.azurewebsites.net\/fr\/wp-json\/wp\/v2\/media?parent=179"}],"curies":[{"name":"wp","href":"https:\/\/api.w.org\/{rel}","templated":true}]}}