{"id":1763,"date":"2015-11-24T18:30:44","date_gmt":"2015-11-24T23:30:44","guid":{"rendered":"http:\/\/www.caisse.biz\/fr\/?page_id=1763"},"modified":"2020-08-16T18:11:49","modified_gmt":"2020-08-16T23:11:49","slug":"fonds-communs-de-placement","status":"publish","type":"page","link":"https:\/\/caisse-wordpress-prod.azurewebsites.net\/fr\/personnel\/fonds-communs-de-placement\/","title":{"rendered":"Fonds communs de placement"},"content":{"rendered":"<p>Les<a href=\"..\/..\/trouvez-un-centre\">\u00a0sp\u00e9cialistes en investissements\u00a0Credential Asset Management<\/a>\u00a0de Caisse Groupe Financier offrent une gamme compl\u00e8te de fonds communs de placement des meilleures soci\u00e9t\u00e9s de placement.<\/p>\n<h4>Fonctionnement d\u2019un fonds communs de placement<\/h4>\n<ul>\n<li>Un fonds commun de placement est un instrument dans lequel de nombreux investisseurs mettent en commun des sommes afin de les confier \u00e0 un gestionnaire de placements professionnel qui les investit pour leur compte.<\/li>\n<li>Le fonds communs de placement peut comprendre diff\u00e9rents types d\u2019investissements tels que des bons du tr\u00e9sor du gouvernement, des obligations du gouvernement et des entreprises, des hypoth\u00e8ques ou des actions.<\/li>\n<li>La diversification du fonds communs de placement prot\u00e8ge contre les fluctuations du march\u00e9.<\/li>\n<li>En investissant dans un fonds commun de placement, vous achetez des parts du fonds, dont chacune repr\u00e9sente une partie de sa valeur.<\/li>\n<li>Le rendement d\u2019un fonds communs de placement peut \u00eatre en forme d\u2019int\u00e9r\u00eat, dividendes ou gains capitaux selon le type d\u2019investissements compris dans le fonds.Le rendement d\u2019un fonds communs de placement n\u2019est pas garanti et depend de la performance des investissements compris dans le fonds.<\/li>\n<li>Un fonds communs de placement peut-\u00eatre tenu dans un CELI, REER, FERR, REEE ou un compte non enregistr\u00e9.<\/li>\n<li>Les frais de gestion dependent de la valeur du portefeuille et du type de fonds communs de placement.<\/li>\n<li>Vous pouvez effectuer des versements automatis\u00e9s de votre compte \u00e0 votre fonds communs de placement afin de r\u00e9aliser votre objectif d\u2019\u00e9pargne.<\/li>\n<\/ul>\n<p><strong>Questions ?<br \/>\n<\/strong><a href=\"..\/..\/trouvez-un-centre\">Contactez un Sp\u00e9cialiste en investissements Credential Asset Management.<\/a> Les consultations sont sans frais ni obligation.<\/p>\n<p><a href=\"..\/..\/foire-aux-questions\/\"><img loading=\"lazy\" decoding=\"async\" class=\"alignleft size-full wp-image-18665\" src=\"..\/..\/..\/wp-content\/uploads\/2020\/07\/FAQ-Btn-FR.png\" alt=\"Cliquez ici pour consulter la FAQ\" width=\"207\" height=\"39\" \/><\/a><\/p>\n<p>&nbsp;<\/p>\n<p><small>Les fonds communs de placement sont offerts par Credential Asset Management Inc. \u00c0 moins d&rsquo;indication contraire, les fonds communs de placement, leurs soldes en comptant et les autres titres de placement ne sont pas couverts par la Soci\u00e9t\u00e9 d\u2019assurance-d\u00e9p\u00f4ts du Canada, ni par aucun autre organisme gouvernemental d&rsquo;assurance-d\u00e9p\u00f4ts assurant les d\u00e9p\u00f4ts dans les caisses de cr\u00e9dit.<\/small><\/p>\n<p><img loading=\"lazy\" decoding=\"async\" class=\"alignleft wp-image-3252 size-thumbnail\" src=\"..\/..\/..\/wp-content\/uploads\/2015\/11\/CAM-color-150w-150x38.jpg\" alt=\"CAM-color-150w\" width=\"150\" height=\"38\" \/><\/p>\n","protected":false},"excerpt":{"rendered":"<p>Les\u00a0sp\u00e9cialistes en investissements\u00a0Credential Asset Management\u00a0de Caisse Groupe Financier offrent une gamme compl\u00e8te de fonds communs de placement des meilleures soci\u00e9t\u00e9s de placement. Fonctionnement d\u2019un fonds communs de placement Un fonds commun de placement est un instrument dans lequel de nombreux investisseurs mettent en commun des sommes afin de les confier \u00e0 un gestionnaire de placements [&hellip;]<\/p>\n","protected":false},"author":13,"featured_media":896,"parent":157,"menu_order":0,"comment_status":"closed","ping_status":"closed","template":"tpl_page_right_sidebar.php","meta":{"_acf_changed":false,"footnotes":""},"class_list":["post-1763","page","type-page","status-publish","has-post-thumbnail","hentry"],"acf":[],"_links":{"self":[{"href":"https:\/\/caisse-wordpress-prod.azurewebsites.net\/fr\/wp-json\/wp\/v2\/pages\/1763","targetHints":{"allow":["GET"]}}],"collection":[{"href":"https:\/\/caisse-wordpress-prod.azurewebsites.net\/fr\/wp-json\/wp\/v2\/pages"}],"about":[{"href":"https:\/\/caisse-wordpress-prod.azurewebsites.net\/fr\/wp-json\/wp\/v2\/types\/page"}],"author":[{"embeddable":true,"href":"https:\/\/caisse-wordpress-prod.azurewebsites.net\/fr\/wp-json\/wp\/v2\/users\/13"}],"replies":[{"embeddable":true,"href":"https:\/\/caisse-wordpress-prod.azurewebsites.net\/fr\/wp-json\/wp\/v2\/comments?post=1763"}],"version-history":[{"count":0,"href":"https:\/\/caisse-wordpress-prod.azurewebsites.net\/fr\/wp-json\/wp\/v2\/pages\/1763\/revisions"}],"up":[{"embeddable":true,"href":"https:\/\/caisse-wordpress-prod.azurewebsites.net\/fr\/wp-json\/wp\/v2\/pages\/157"}],"wp:featuredmedia":[{"embeddable":true,"href":"https:\/\/caisse-wordpress-prod.azurewebsites.net\/fr\/wp-json\/wp\/v2\/media\/896"}],"wp:attachment":[{"href":"https:\/\/caisse-wordpress-prod.azurewebsites.net\/fr\/wp-json\/wp\/v2\/media?parent=1763"}],"curies":[{"name":"wp","href":"https:\/\/api.w.org\/{rel}","templated":true}]}}