{"id":1757,"date":"2015-11-24T18:18:52","date_gmt":"2015-11-24T23:18:52","guid":{"rendered":"http:\/\/www.caisse.biz\/fr\/?page_id=1757"},"modified":"2023-07-31T14:38:00","modified_gmt":"2023-07-31T19:38:00","slug":"regime-enregistre-epargne-retraite-reer","status":"publish","type":"page","link":"https:\/\/caisse-wordpress-prod.azurewebsites.net\/fr\/personnel\/regime-enregistre-epargne-retraite-reer\/","title":{"rendered":"R\u00e9gime enregistr\u00e9 d&rsquo;\u00e9pargne-retraite (REER)"},"content":{"rendered":"<h3>\u00c9pargnez pour le futur.<\/h3>\n<p>\u00c9pargnez pour l\u2019avenir avec un r\u00e9gime enregistr\u00e9 d\u2019\u00e9pargne-retraite (REER) de Caisse Groupe Financier. Gr\u00e2ce \u00e0 des taux d\u2019int\u00e9r\u00eat concurrentiels et \u00e0 notre personnel comp\u00e9tent pour vous guider, c\u2019est le moment id\u00e9al pour paver le chemin vers un avenir financier prosp\u00e8re.<\/p>\n<p><strong>Questions ?<\/strong><br \/>\n<a href=\"..\/..\/trouvez-un-centre\">Contactez un centre de services pr\u00e8s de chez vous<\/a><\/p>\n<p><a href=\"..\/..\/foire-aux-questions\/\"><img loading=\"lazy\" decoding=\"async\" class=\"alignleft size-full wp-image-18665\" src=\"..\/..\/..\/wp-content\/uploads\/2020\/07\/FAQ-Btn-FR.png\" alt=\"Cliquez ici pour consulter la FAQ\" width=\"207\" height=\"39\" \/><\/a><\/p>\n<p><a href=\"\/wp-content\/uploads\/2023\/07\/2022_CCUAUnderstandingRRSPs_FRENCH_RetailBrochure_DIGITAL_F.pdf\" target=\"_blank\" rel=\"noopener\"><img loading=\"lazy\" decoding=\"async\" class=\"alignnone size-full wp-image-8311\" src=\"\/wp-content\/uploads\/2023\/07\/pdf-2023.jpg\" alt=\"\" width=\"32\" height=\"32\" \/>Comprendre les REER<\/a> \u00a0 \u00a0 \u00a0 \u00a0 \u00a0 \u00a0 \u00a0 \u00a0 \u00a0 \u00a0 \u00a0 <a href=\"\/wp-content\/uploads\/2023\/07\/2022_CCUAComparingRRSPTFSAs_FRENCH_RetailBrochure_DIGITAL_F.pdf\" target=\"_blank\" rel=\"noopener\"><img loading=\"lazy\" decoding=\"async\" class=\"alignnone size-full wp-image-8311\" src=\"\/wp-content\/uploads\/2023\/07\/pdf-2023.jpg\" alt=\"\" width=\"32\" height=\"32\" \/>Comparaison entre le REER et le CELI<\/a><\/p>\n<p><a href=\"\/wp-content\/uploads\/2023\/07\/2022_CCUARetirementOptions_FRENCH_RetailBrochure_DIGITAL_F.pdf\" target=\"_blank\" rel=\"noopener\"><img loading=\"lazy\" decoding=\"async\" class=\"alignnone size-full wp-image-8311\" src=\"\/wp-content\/uploads\/2023\/07\/pdf-2023.jpg\" alt=\"\" width=\"32\" height=\"32\" \/>Vos options de revenu de retraite<\/a><\/p>\n","protected":false},"excerpt":{"rendered":"<p>\u00c9pargnez pour le futur. \u00c9pargnez pour l\u2019avenir avec un r\u00e9gime enregistr\u00e9 d\u2019\u00e9pargne-retraite (REER) de Caisse Groupe Financier. Gr\u00e2ce \u00e0 des taux d\u2019int\u00e9r\u00eat concurrentiels et \u00e0 notre personnel comp\u00e9tent pour vous guider, c\u2019est le moment id\u00e9al pour paver le chemin vers un avenir financier prosp\u00e8re. Questions ? Contactez un centre de services pr\u00e8s de chez vous [&hellip;]<\/p>\n","protected":false},"author":13,"featured_media":26217,"parent":157,"menu_order":0,"comment_status":"closed","ping_status":"closed","template":"tpl_accounts_personal.php","meta":{"_acf_changed":false,"footnotes":""},"class_list":["post-1757","page","type-page","status-publish","has-post-thumbnail","hentry"],"acf":[],"_links":{"self":[{"href":"https:\/\/caisse-wordpress-prod.azurewebsites.net\/fr\/wp-json\/wp\/v2\/pages\/1757","targetHints":{"allow":["GET"]}}],"collection":[{"href":"https:\/\/caisse-wordpress-prod.azurewebsites.net\/fr\/wp-json\/wp\/v2\/pages"}],"about":[{"href":"https:\/\/caisse-wordpress-prod.azurewebsites.net\/fr\/wp-json\/wp\/v2\/types\/page"}],"author":[{"embeddable":true,"href":"https:\/\/caisse-wordpress-prod.azurewebsites.net\/fr\/wp-json\/wp\/v2\/users\/13"}],"replies":[{"embeddable":true,"href":"https:\/\/caisse-wordpress-prod.azurewebsites.net\/fr\/wp-json\/wp\/v2\/comments?post=1757"}],"version-history":[{"count":7,"href":"https:\/\/caisse-wordpress-prod.azurewebsites.net\/fr\/wp-json\/wp\/v2\/pages\/1757\/revisions"}],"predecessor-version":[{"id":27548,"href":"https:\/\/caisse-wordpress-prod.azurewebsites.net\/fr\/wp-json\/wp\/v2\/pages\/1757\/revisions\/27548"}],"up":[{"embeddable":true,"href":"https:\/\/caisse-wordpress-prod.azurewebsites.net\/fr\/wp-json\/wp\/v2\/pages\/157"}],"wp:featuredmedia":[{"embeddable":true,"href":"https:\/\/caisse-wordpress-prod.azurewebsites.net\/fr\/wp-json\/wp\/v2\/media\/26217"}],"wp:attachment":[{"href":"https:\/\/caisse-wordpress-prod.azurewebsites.net\/fr\/wp-json\/wp\/v2\/media?parent=1757"}],"curies":[{"name":"wp","href":"https:\/\/api.w.org\/{rel}","templated":true}]}}