{"id":1752,"date":"2015-11-24T18:06:20","date_gmt":"2015-11-24T23:06:20","guid":{"rendered":"http:\/\/www.caisse.biz\/fr\/?page_id=1752"},"modified":"2023-07-31T14:28:29","modified_gmt":"2023-07-31T19:28:29","slug":"compte-epargne-libre-dimpot-celi","status":"publish","type":"page","link":"https:\/\/caisse-wordpress-prod.azurewebsites.net\/fr\/personnel\/compte-epargne-libre-dimpot-celi\/","title":{"rendered":"Compte d&rsquo;\u00e9pargne libre d\u2019imp\u00f4t (CELI)"},"content":{"rendered":"<h3>Un Compte d&rsquo;\u00e9pargne libre d\u2019imp\u00f4t vous permet de mettre de l&rsquo;argent de c\u00f4t\u00e9 \u00e0 l\u2019abri de l&rsquo;imp\u00f4t pendant toute votre vie.<\/h3>\n<p><strong>Questions ?<\/strong><br \/>\n<a href=\"..\/..\/trouvez-un-centre\">Contactez un centre de services pr\u00e8s de chez vous<\/a><\/p>\n<p><a href=\"..\/..\/foire-aux-questions\/\"><img loading=\"lazy\" decoding=\"async\" class=\"alignleft size-full wp-image-18665\" src=\"..\/..\/..\/wp-content\/uploads\/2020\/07\/FAQ-Btn-FR.png\" alt=\"Cliquez ici pour consulter la FAQ\" width=\"207\" height=\"39\" \/><\/a><\/p>\n<p><a href=\"\/wp-content\/uploads\/2023\/07\/2022_CCUAUnderstandingTFSAs_FRENCH_DIGITAL_RetailBrochure_F.pdf\" target=\"_blank\" rel=\"noopener\"><img loading=\"lazy\" decoding=\"async\" class=\"alignnone size-full wp-image-8311\" src=\"\/wp-content\/uploads\/2023\/07\/pdf-2023.jpg\" alt=\"\" width=\"32\" height=\"32\" \/>Comprendre les CELI<\/a>\u00a0 \u00a0 \u00a0 \u00a0 \u00a0 \u00a0 \u00a0 \u00a0 \u00a0 \u00a0 \u00a0 \u00a0 \u00a0<a href=\"\/wp-content\/uploads\/2023\/07\/2022_CCUAComparingRRSPTFSAs_FRENCH_RetailBrochure_DIGITAL_F.pdf\" target=\"_blank\" rel=\"noopener\"><img loading=\"lazy\" decoding=\"async\" class=\"alignnone size-full wp-image-8311\" src=\"\/wp-content\/uploads\/2023\/07\/pdf-2023.jpg\" alt=\"\" width=\"32\" height=\"32\" \/>Comparaison entre le REER et le CELI<\/a><\/p>\n","protected":false},"excerpt":{"rendered":"<p>Un Compte d&rsquo;\u00e9pargne libre d\u2019imp\u00f4t vous permet de mettre de l&rsquo;argent de c\u00f4t\u00e9 \u00e0 l\u2019abri de l&rsquo;imp\u00f4t pendant toute votre vie. Questions ? Contactez un centre de services pr\u00e8s de chez vous Comprendre les CELI\u00a0 \u00a0 \u00a0 \u00a0 \u00a0 \u00a0 \u00a0 \u00a0 \u00a0 \u00a0 \u00a0 \u00a0 \u00a0Comparaison entre le REER et le CELI<\/p>\n","protected":false},"author":13,"featured_media":23697,"parent":157,"menu_order":0,"comment_status":"closed","ping_status":"closed","template":"tpl_accounts_personal.php","meta":{"_acf_changed":false,"footnotes":""},"class_list":["post-1752","page","type-page","status-publish","has-post-thumbnail","hentry"],"acf":[],"_links":{"self":[{"href":"https:\/\/caisse-wordpress-prod.azurewebsites.net\/fr\/wp-json\/wp\/v2\/pages\/1752","targetHints":{"allow":["GET"]}}],"collection":[{"href":"https:\/\/caisse-wordpress-prod.azurewebsites.net\/fr\/wp-json\/wp\/v2\/pages"}],"about":[{"href":"https:\/\/caisse-wordpress-prod.azurewebsites.net\/fr\/wp-json\/wp\/v2\/types\/page"}],"author":[{"embeddable":true,"href":"https:\/\/caisse-wordpress-prod.azurewebsites.net\/fr\/wp-json\/wp\/v2\/users\/13"}],"replies":[{"embeddable":true,"href":"https:\/\/caisse-wordpress-prod.azurewebsites.net\/fr\/wp-json\/wp\/v2\/comments?post=1752"}],"version-history":[{"count":12,"href":"https:\/\/caisse-wordpress-prod.azurewebsites.net\/fr\/wp-json\/wp\/v2\/pages\/1752\/revisions"}],"predecessor-version":[{"id":27539,"href":"https:\/\/caisse-wordpress-prod.azurewebsites.net\/fr\/wp-json\/wp\/v2\/pages\/1752\/revisions\/27539"}],"up":[{"embeddable":true,"href":"https:\/\/caisse-wordpress-prod.azurewebsites.net\/fr\/wp-json\/wp\/v2\/pages\/157"}],"wp:featuredmedia":[{"embeddable":true,"href":"https:\/\/caisse-wordpress-prod.azurewebsites.net\/fr\/wp-json\/wp\/v2\/media\/23697"}],"wp:attachment":[{"href":"https:\/\/caisse-wordpress-prod.azurewebsites.net\/fr\/wp-json\/wp\/v2\/media?parent=1752"}],"curies":[{"name":"wp","href":"https:\/\/api.w.org\/{rel}","templated":true}]}}