{"id":1748,"date":"2015-11-24T17:57:01","date_gmt":"2015-11-24T23:57:01","guid":{"rendered":"http:\/\/www.caisse.biz\/fr\/?page_id=1748"},"modified":"2025-12-09T14:23:11","modified_gmt":"2025-12-09T20:23:11","slug":"certificat-de-placement-garanti-cpg","status":"publish","type":"page","link":"https:\/\/caisse-wordpress-prod.azurewebsites.net\/fr\/personnel\/certificat-de-placement-garanti-cpg\/","title":{"rendered":"Certificat de placement garanti (CPG)"},"content":{"rendered":"<h3>Un certificat de placement garanti (CPG ou d\u00e9p\u00f4t \u00e0 terme) vous permet d\u2019investir vos \u00e9pargnes \u00e0 un taux d\u2019int\u00e9r\u00eat fixe pour une p\u00e9riode de temps sp\u00e9cifique.<\/h3>\n<p><strong>\u00a0<\/strong><\/p>\n<p><strong>Avis : Fin de l&rsquo;offre de certains certificats de placement garanti (CPG)\u00a0<\/strong><\/p>\n<p><span data-contrast=\"auto\">\u00c0 compter du 20 janvier 2026, nous mettrons fin \u00e0 l&rsquo;offre des CPG suivants : <\/span><span data-ccp-props=\"{}\">\u00a0<\/span><\/p>\n<ul>\n<li aria-setsize=\"-1\" data-leveltext=\"\uf0b7\" data-font=\"Symbol\" data-listid=\"5\" data-list-defn-props=\"{&quot;335552541&quot;:1,&quot;335559683&quot;:0,&quot;335559684&quot;:-2,&quot;335559685&quot;:720,&quot;335559991&quot;:360,&quot;469769226&quot;:&quot;Symbol&quot;,&quot;469769242&quot;:[8226],&quot;469777803&quot;:&quot;left&quot;,&quot;469777804&quot;:&quot;\uf0b7&quot;,&quot;469777815&quot;:&quot;hybridMultilevel&quot;}\" data-aria-posinset=\"1\" data-aria-level=\"1\"><span data-contrast=\"auto\">CPG non encaissable (option d&rsquo;int\u00e9r\u00eats mensuels)<\/span><span data-ccp-props=\"{}\">\u00a0<\/span><\/li>\n<\/ul>\n<ul>\n<li aria-setsize=\"-1\" data-leveltext=\"\uf0b7\" data-font=\"Symbol\" data-listid=\"5\" data-list-defn-props=\"{&quot;335552541&quot;:1,&quot;335559683&quot;:0,&quot;335559684&quot;:-2,&quot;335559685&quot;:720,&quot;335559991&quot;:360,&quot;469769226&quot;:&quot;Symbol&quot;,&quot;469769242&quot;:[8226],&quot;469777803&quot;:&quot;left&quot;,&quot;469777804&quot;:&quot;\uf0b7&quot;,&quot;469777815&quot;:&quot;hybridMultilevel&quot;}\" data-aria-posinset=\"2\" data-aria-level=\"1\"><span data-contrast=\"auto\">CPG \u00e0 7 ans<\/span><span data-ccp-props=\"{}\">\u00a0<\/span><\/li>\n<\/ul>\n<ul>\n<li aria-setsize=\"-1\" data-leveltext=\"\uf0b7\" data-font=\"Symbol\" data-listid=\"5\" data-list-defn-props=\"{&quot;335552541&quot;:1,&quot;335559683&quot;:0,&quot;335559684&quot;:-2,&quot;335559685&quot;:720,&quot;335559991&quot;:360,&quot;469769226&quot;:&quot;Symbol&quot;,&quot;469769242&quot;:[8226],&quot;469777803&quot;:&quot;left&quot;,&quot;469777804&quot;:&quot;\uf0b7&quot;,&quot;469777815&quot;:&quot;hybridMultilevel&quot;}\" data-aria-posinset=\"3\" data-aria-level=\"1\"><span data-contrast=\"auto\">CPG encaissables (<\/span><b><span data-contrast=\"auto\">Remarque <\/span><\/b><span data-contrast=\"auto\">: les CPG encaissables d\u2019un an, non enregistr\u00e9s et CELI resteront offerts)<\/span><span data-ccp-props=\"{}\">\u00a0<\/span><\/li>\n<\/ul>\n<p><b><span data-contrast=\"auto\">Veuillez prendre note : <\/span><\/b><span data-contrast=\"auto\">Veuillez noter que la discontinuation de ces produits s&rsquo;applique aux comptes de placement enregistr\u00e9s et non enregistr\u00e9s, sauf indication contraire.<\/span><span data-ccp-props=\"{}\">\u00a0<\/span><\/p>\n<p><span data-contrast=\"auto\">Si vous d\u00e9tenez l&rsquo;un de ces produits, aucune mesure n&rsquo;est requise pour le moment. Vos CPG existants resteront en vigueur jusqu&rsquo;\u00e0 leur date d&rsquo;\u00e9ch\u00e9ance. \u00c0 ce moment-l\u00e0, vous pourrez choisir parmi nos options de CPG offertes.<\/span><span data-ccp-props=\"{}\">\u00a0<\/span><\/p>\n<p>&nbsp;<\/p>\n<p><strong>Questions ?<\/strong><br \/>\n<a href=\"..\/..\/trouvez-un-centre\">Contactez un centre de services pr\u00e8s de chez vous<\/a><\/p>\n","protected":false},"excerpt":{"rendered":"<p>Un certificat de placement garanti (CPG ou d\u00e9p\u00f4t \u00e0 terme) vous permet d\u2019investir vos \u00e9pargnes \u00e0 un taux d\u2019int\u00e9r\u00eat fixe pour une p\u00e9riode de temps sp\u00e9cifique. \u00a0 Avis : Fin de l&rsquo;offre de certains certificats de placement garanti (CPG)\u00a0 \u00c0 compter du 20 janvier 2026, nous mettrons fin \u00e0 l&rsquo;offre des CPG suivants : \u00a0 [&hellip;]<\/p>\n","protected":false},"author":13,"featured_media":18053,"parent":157,"menu_order":0,"comment_status":"closed","ping_status":"closed","template":"tpl_accounts_personal.php","meta":{"_acf_changed":false,"footnotes":""},"class_list":["post-1748","page","type-page","status-publish","has-post-thumbnail","hentry"],"acf":[],"_links":{"self":[{"href":"https:\/\/caisse-wordpress-prod.azurewebsites.net\/fr\/wp-json\/wp\/v2\/pages\/1748","targetHints":{"allow":["GET"]}}],"collection":[{"href":"https:\/\/caisse-wordpress-prod.azurewebsites.net\/fr\/wp-json\/wp\/v2\/pages"}],"about":[{"href":"https:\/\/caisse-wordpress-prod.azurewebsites.net\/fr\/wp-json\/wp\/v2\/types\/page"}],"author":[{"embeddable":true,"href":"https:\/\/caisse-wordpress-prod.azurewebsites.net\/fr\/wp-json\/wp\/v2\/users\/13"}],"replies":[{"embeddable":true,"href":"https:\/\/caisse-wordpress-prod.azurewebsites.net\/fr\/wp-json\/wp\/v2\/comments?post=1748"}],"version-history":[{"count":4,"href":"https:\/\/caisse-wordpress-prod.azurewebsites.net\/fr\/wp-json\/wp\/v2\/pages\/1748\/revisions"}],"predecessor-version":[{"id":30464,"href":"https:\/\/caisse-wordpress-prod.azurewebsites.net\/fr\/wp-json\/wp\/v2\/pages\/1748\/revisions\/30464"}],"up":[{"embeddable":true,"href":"https:\/\/caisse-wordpress-prod.azurewebsites.net\/fr\/wp-json\/wp\/v2\/pages\/157"}],"wp:featuredmedia":[{"embeddable":true,"href":"https:\/\/caisse-wordpress-prod.azurewebsites.net\/fr\/wp-json\/wp\/v2\/media\/18053"}],"wp:attachment":[{"href":"https:\/\/caisse-wordpress-prod.azurewebsites.net\/fr\/wp-json\/wp\/v2\/media?parent=1748"}],"curies":[{"name":"wp","href":"https:\/\/api.w.org\/{rel}","templated":true}]}}