{"id":17390,"date":"2020-06-07T13:37:45","date_gmt":"2020-06-07T18:37:45","guid":{"rendered":"http:\/\/caisse-staging.azurewebsites.net\/staging\/?page_id=17390"},"modified":"2020-06-18T13:55:07","modified_gmt":"2020-06-18T18:55:07","slug":"virements-electroniques","status":"publish","type":"page","link":"https:\/\/caisse-wordpress-prod.azurewebsites.net\/fr\/virements-electroniques\/","title":{"rendered":"Virements \u00e9lectroniques"},"content":{"rendered":"<h3>Un moyen s\u00fbr et s\u00e9curis\u00e9 d\u2019envoyer ou de recevoir de l\u2019argent du monde entier. <\/h3>\n<p>Des fautes d\u2019orthographe ou des informations de routage incorrectes peuvent entra\u00eener le rejet du virement \u00e9lectronique et des frais suppl\u00e9mentaires peuvent s\u2019appliquer.<\/p>\n<p>En raison de la nature unique du syst\u00e8me de traitement de chaque pays, nous vous recommandons de vous rendre \u00e0 n\u2019importe quel centre de services de la Caisse et le personnel peut vous aider \u00e0 envoyer ou recevoir correctement votre virement \u00e9lectronique.<\/p>\n","protected":false},"excerpt":{"rendered":"<p>Un moyen s\u00fbr et s\u00e9curis\u00e9 d\u2019envoyer ou de recevoir de l\u2019argent du monde entier. Des fautes d\u2019orthographe ou des informations de routage incorrectes peuvent entra\u00eener le rejet du virement \u00e9lectronique et des frais suppl\u00e9mentaires peuvent s\u2019appliquer. En raison de la nature unique du syst\u00e8me de traitement de chaque pays, nous vous recommandons de vous rendre [&hellip;]<\/p>\n","protected":false},"author":13,"featured_media":18075,"parent":0,"menu_order":0,"comment_status":"closed","ping_status":"closed","template":"tpl_accounts_personal.php","meta":{"_acf_changed":false,"footnotes":""},"class_list":["post-17390","page","type-page","status-publish","has-post-thumbnail","hentry"],"acf":[],"_links":{"self":[{"href":"https:\/\/caisse-wordpress-prod.azurewebsites.net\/fr\/wp-json\/wp\/v2\/pages\/17390","targetHints":{"allow":["GET"]}}],"collection":[{"href":"https:\/\/caisse-wordpress-prod.azurewebsites.net\/fr\/wp-json\/wp\/v2\/pages"}],"about":[{"href":"https:\/\/caisse-wordpress-prod.azurewebsites.net\/fr\/wp-json\/wp\/v2\/types\/page"}],"author":[{"embeddable":true,"href":"https:\/\/caisse-wordpress-prod.azurewebsites.net\/fr\/wp-json\/wp\/v2\/users\/13"}],"replies":[{"embeddable":true,"href":"https:\/\/caisse-wordpress-prod.azurewebsites.net\/fr\/wp-json\/wp\/v2\/comments?post=17390"}],"version-history":[{"count":0,"href":"https:\/\/caisse-wordpress-prod.azurewebsites.net\/fr\/wp-json\/wp\/v2\/pages\/17390\/revisions"}],"wp:featuredmedia":[{"embeddable":true,"href":"https:\/\/caisse-wordpress-prod.azurewebsites.net\/fr\/wp-json\/wp\/v2\/media\/18075"}],"wp:attachment":[{"href":"https:\/\/caisse-wordpress-prod.azurewebsites.net\/fr\/wp-json\/wp\/v2\/media?parent=17390"}],"curies":[{"name":"wp","href":"https:\/\/api.w.org\/{rel}","templated":true}]}}