{"id":1736,"date":"2015-11-24T18:22:01","date_gmt":"2015-11-24T23:22:01","guid":{"rendered":"http:\/\/www.caisse.biz\/fr\/?page_id=1736"},"modified":"2023-07-31T14:38:38","modified_gmt":"2023-07-31T19:38:38","slug":"fonds-enregistre-de-revenu-de-retraite-ferr","status":"publish","type":"page","link":"https:\/\/caisse-wordpress-prod.azurewebsites.net\/fr\/personnel\/fonds-enregistre-de-revenu-de-retraite-ferr\/","title":{"rendered":"Fonds enregistr\u00e9 de revenu de retraite (FERR)"},"content":{"rendered":"<h3>Le FERR a \u00e9t\u00e9 con\u00e7u pour vous emettre des paiements minimums au cours de votre retraite.<\/h3>\n<p><strong>Questions?<\/strong><br \/>\n<a href=\"..\/..\/trouvez-un-centre\">Contactez un centre de services pr\u00e8s de chez vous<\/a><br \/>\n&emsp;<br \/>\n<a href=\"..\/..\/foire-aux-questions\/\"><img loading=\"lazy\" decoding=\"async\" src=\"..\/..\/..\/wp-content\/uploads\/2020\/07\/FAQ-Btn-FR.png\" alt=\"Cliquez ici pour consulter la FAQ\" width=\"207\" height=\"39\" class=\"alignleft size-full wp-image-18665\" \/><\/a><\/p>\n<p><a href=\"\/wp-content\/uploads\/2023\/07\/2022_CCUARetirementOptions_FRENCH_RetailBrochure_DIGITAL_F.pdf\" target=\"_blank\" rel=\"noopener\"><img loading=\"lazy\" decoding=\"async\" class=\"alignnone size-full wp-image-8311\" src=\"\/wp-content\/uploads\/2023\/07\/pdf-2023.jpg\" alt=\"\" width=\"32\" height=\"32\" \/>Vos options de revenu de retraite<\/a><\/p>\n","protected":false},"excerpt":{"rendered":"<p>Le FERR a \u00e9t\u00e9 con\u00e7u pour vous emettre des paiements minimums au cours de votre retraite. Questions? Contactez un centre de services pr\u00e8s de chez vous &emsp; Vos options de revenu de retraite<\/p>\n","protected":false},"author":13,"featured_media":18067,"parent":157,"menu_order":0,"comment_status":"closed","ping_status":"closed","template":"tpl_accounts_personal.php","meta":{"_acf_changed":false,"footnotes":""},"class_list":["post-1736","page","type-page","status-publish","has-post-thumbnail","hentry"],"acf":[],"_links":{"self":[{"href":"https:\/\/caisse-wordpress-prod.azurewebsites.net\/fr\/wp-json\/wp\/v2\/pages\/1736","targetHints":{"allow":["GET"]}}],"collection":[{"href":"https:\/\/caisse-wordpress-prod.azurewebsites.net\/fr\/wp-json\/wp\/v2\/pages"}],"about":[{"href":"https:\/\/caisse-wordpress-prod.azurewebsites.net\/fr\/wp-json\/wp\/v2\/types\/page"}],"author":[{"embeddable":true,"href":"https:\/\/caisse-wordpress-prod.azurewebsites.net\/fr\/wp-json\/wp\/v2\/users\/13"}],"replies":[{"embeddable":true,"href":"https:\/\/caisse-wordpress-prod.azurewebsites.net\/fr\/wp-json\/wp\/v2\/comments?post=1736"}],"version-history":[{"count":1,"href":"https:\/\/caisse-wordpress-prod.azurewebsites.net\/fr\/wp-json\/wp\/v2\/pages\/1736\/revisions"}],"predecessor-version":[{"id":27549,"href":"https:\/\/caisse-wordpress-prod.azurewebsites.net\/fr\/wp-json\/wp\/v2\/pages\/1736\/revisions\/27549"}],"up":[{"embeddable":true,"href":"https:\/\/caisse-wordpress-prod.azurewebsites.net\/fr\/wp-json\/wp\/v2\/pages\/157"}],"wp:featuredmedia":[{"embeddable":true,"href":"https:\/\/caisse-wordpress-prod.azurewebsites.net\/fr\/wp-json\/wp\/v2\/media\/18067"}],"wp:attachment":[{"href":"https:\/\/caisse-wordpress-prod.azurewebsites.net\/fr\/wp-json\/wp\/v2\/media?parent=1736"}],"curies":[{"name":"wp","href":"https:\/\/api.w.org\/{rel}","templated":true}]}}