{"id":1729,"date":"2015-11-24T18:29:18","date_gmt":"2015-11-24T23:29:18","guid":{"rendered":"http:\/\/www.caisse.biz\/fr\/?page_id=1729"},"modified":"2020-08-11T10:35:22","modified_gmt":"2020-08-11T15:35:22","slug":"regime-enregistre-depargne-etudes-reee","status":"publish","type":"page","link":"https:\/\/caisse-wordpress-prod.azurewebsites.net\/fr\/personnel\/investissements\/regime-enregistre-depargne-etudes-reee\/","title":{"rendered":"R\u00e9gime enregistr\u00e9 d\u2019\u00e9pargne-\u00e9tudes (REEE)"},"content":{"rendered":"<h3>Un r\u00e9gime enregistr\u00e9 d\u2019\u00e9pargne-\u00e9tudes (REEE) est une fa\u00e7on d\u2019\u00e9pargner des fonds pour financer les \u00e9tudes postsecondaires d\u2019un b\u00e9n\u00e9ficiaire.<\/h3>\n<p>Les avantages du REEE comprennent les subventions gouvernementales qui sont vers\u00e9es au r\u00e9gime. Le montant des subventions est calcul\u00e9 selon le total des cotisations et l\u2019\u00e2ge des b\u00e9n\u00e9ficiaires du r\u00e9gime.<\/p>\n<p><strong>Questions ?<\/strong><br \/>\n<a href=\"..\/..\/trouvez-un-centre\">Contactez un centre de services pr\u00e8s de chez vous<\/a><\/p>\n","protected":false},"excerpt":{"rendered":"<p>Un r\u00e9gime enregistr\u00e9 d\u2019\u00e9pargne-\u00e9tudes (REEE) est une fa\u00e7on d\u2019\u00e9pargner des fonds pour financer les \u00e9tudes postsecondaires d\u2019un b\u00e9n\u00e9ficiaire. Les avantages du REEE comprennent les subventions gouvernementales qui sont vers\u00e9es au r\u00e9gime. Le montant des subventions est calcul\u00e9 selon le total des cotisations et l\u2019\u00e2ge des b\u00e9n\u00e9ficiaires du r\u00e9gime. Questions ? Contactez un centre de services [&hellip;]<\/p>\n","protected":false},"author":13,"featured_media":18084,"parent":2746,"menu_order":0,"comment_status":"closed","ping_status":"closed","template":"tpl_dual_editor.php","meta":{"_acf_changed":false,"footnotes":""},"class_list":["post-1729","page","type-page","status-publish","has-post-thumbnail","hentry"],"acf":[],"_links":{"self":[{"href":"https:\/\/caisse-wordpress-prod.azurewebsites.net\/fr\/wp-json\/wp\/v2\/pages\/1729","targetHints":{"allow":["GET"]}}],"collection":[{"href":"https:\/\/caisse-wordpress-prod.azurewebsites.net\/fr\/wp-json\/wp\/v2\/pages"}],"about":[{"href":"https:\/\/caisse-wordpress-prod.azurewebsites.net\/fr\/wp-json\/wp\/v2\/types\/page"}],"author":[{"embeddable":true,"href":"https:\/\/caisse-wordpress-prod.azurewebsites.net\/fr\/wp-json\/wp\/v2\/users\/13"}],"replies":[{"embeddable":true,"href":"https:\/\/caisse-wordpress-prod.azurewebsites.net\/fr\/wp-json\/wp\/v2\/comments?post=1729"}],"version-history":[{"count":0,"href":"https:\/\/caisse-wordpress-prod.azurewebsites.net\/fr\/wp-json\/wp\/v2\/pages\/1729\/revisions"}],"up":[{"embeddable":true,"href":"https:\/\/caisse-wordpress-prod.azurewebsites.net\/fr\/wp-json\/wp\/v2\/pages\/2746"}],"wp:featuredmedia":[{"embeddable":true,"href":"https:\/\/caisse-wordpress-prod.azurewebsites.net\/fr\/wp-json\/wp\/v2\/media\/18084"}],"wp:attachment":[{"href":"https:\/\/caisse-wordpress-prod.azurewebsites.net\/fr\/wp-json\/wp\/v2\/media?parent=1729"}],"curies":[{"name":"wp","href":"https:\/\/api.w.org\/{rel}","templated":true}]}}