{"id":169,"date":"2015-10-23T14:31:45","date_gmt":"2015-10-23T20:31:45","guid":{"rendered":"http:\/\/www.caisse.biz\/fr\/?page_id=169"},"modified":"2025-03-12T15:17:10","modified_gmt":"2025-03-12T21:17:10","slug":"rapports-annuels","status":"publish","type":"page","link":"https:\/\/caisse-wordpress-prod.azurewebsites.net\/fr\/a-propos-de-nous\/rapports-annuels\/","title":{"rendered":"Rapports annuels"},"content":{"rendered":"<p class=\"textbox\">Les rapports sont en format PDF. Vous pouvez ouvrir, visualiser et imprimer le fichier PDF en utilisant Adobe Acrobat Reader. Vous pouvez t\u00e9l\u00e9charger une copie gratuite de ce logiciel au <a href=\"http:\/\/www.adobe.com\/\" target=\"_blank\" rel=\"noopener noreferrer\">Adobe.com<\/a>.<\/p>\n<p>&nbsp;<\/p>\n<style>#RA-main-container{width:85%;display:flex;flex-wrap:wrap;}.RA-cell{width:40%;display:flex;margin:20px;}.RA-description{margin-left:40px;}@media screen and (max-width:1000px){#RA-main-container{width:95%;}.RA-cell{width:100%;}.RA-description{margin-left:20px;}}<\/style>\n<div id=\"RA-main-container\">\n<div class=\"RA-cell\">\n<p><a href=\"\/wp-content\/uploads\/2025\/03\/EF-Couverture-2023-2024_FR.jpg\" target=\"_blank\" rel=\"noopener noreferrer\"><img loading=\"lazy\" decoding=\"async\" class=\"alignnone wp-image-29829\" src=\"\/wp-content\/uploads\/2025\/03\/EF-Couverture-2023-2024_FR-791x1024.jpg\" alt=\"\" width=\"150\" height=\"194\" srcset=\"\/wp-content\/uploads\/2025\/03\/EF-Couverture-2023-2024_FR-791x1024.jpg 791w, \/wp-content\/uploads\/2025\/03\/EF-Couverture-2023-2024_FR-232x300.jpg 232w, \/wp-content\/uploads\/2025\/03\/EF-Couverture-2023-2024_FR-768x994.jpg 768w, \/wp-content\/uploads\/2025\/03\/EF-Couverture-2023-2024_FR-1187x1536.jpg 1187w, \/wp-content\/uploads\/2025\/03\/EF-Couverture-2023-2024_FR.jpg 1275w\" sizes=\"auto, (max-width: 150px) 100vw, 150px\" \/><\/a><\/p>\n<div class=\"RA-description\">\n<h3>2023-2024<\/h3>\n<ul>\n<li><a href=\"\/wp-content\/uploads\/2025\/03\/20240930-Final-FS-Caisse-Populaire-Groupe-Financier-Ltee-Consolidated-FR-1-FINAL-with-signatures.pdf\" target=\"_blank\" rel=\"noopener\">\u00c9tats financiers consolid\u00e9s<\/a><\/li>\n<li><a href=\"\/wp-content\/uploads\/2025\/03\/CGF-INFORMATIONS-FINANCIERES-CONSOLIDES-31-dec-2024-FINAL-1.pdf\" target=\"_blank\" rel=\"noopener\">Informations financi\u00e8res consolid\u00e9es<\/a><\/li>\n<\/ul>\n<\/div>\n<\/div>\n<p><!--2022-2023--><\/p>\n<div class=\"RA-cell\">\n<p><a href=\"\/wp-content\/uploads\/2024\/01\/Rapport-Annuel-Caisse-2023.pdf\" target=\"_blank\" rel=\"noopener noreferrer\"><img decoding=\"async\" class=\"wp-image-22175 size-full alignleft\" src=\"\/wp-content\/uploads\/2024\/01\/Thumbnail-RA-2023-FR.jpg\" alt=\"Rapport annuel 2022 a 2023\" width=\"115px\" height=\"149px\" \/><\/a><\/p>\n<div class=\"RA-description\">\n<h3>2022-2023<\/h3>\n<ul>\n<li><a href=\"\/wp-content\/uploads\/2024\/01\/Rapport-Annuel-Caisse-2023.pdf\" target=\"_blank\" rel=\"noopener noreferrer\">Rapport annuel<\/a><\/li>\n<li><a href=\"\/wp-content\/uploads\/2024\/01\/20230930-FS-FR-Caisse-Populaire-Groupe-Finanicer-Ltee-FINAL-DE-BDO.pdf\" target=\"_blank\" rel=\"noopener noreferrer\">\u00c9tats financiers consolid\u00e9s<\/a><\/li>\n<\/ul>\n<\/div>\n<\/div>\n<p><!--2021-2022--><\/p>\n<div class=\"RA-cell\">\n<p><a href=\"https:\/\/caisse.biz\/wp-content\/uploads\/2023\/01\/Rapport-Annuel-FR-2022-DIGITAL.pdf\" target=\"_blank\" rel=\"noopener noreferrer\"><img decoding=\"async\" class=\"wp-image-22172 size-full alignleft\" src=\"https:\/\/caisse.biz\/wp-content\/uploads\/2023\/01\/Thumbnail-RA-2022-FR.jpg\" alt=\"Rapport Annuel 2021 a 2022\" width=\"115px\" height=\"149px\" \/><\/a><\/p>\n<div class=\"RA-description\">\n<h3>2021-2022<\/h3>\n<ul>\n<li><a href=\"https:\/\/caisse.biz\/wp-content\/uploads\/2023\/01\/Rapport-Annuel-FR-2022-DIGITAL.pdf\" target=\"_blank\" rel=\"noopener noreferrer\">Rapport annuel<\/a><\/li>\n<li><a href=\"https:\/\/caisse.biz\/wp-content\/uploads\/2023\/01\/20220930-Con-FS-FR-Caisse-Populaire-Groupe-Financier-Ltee.-FINAL-DE-BDO.pdf\" target=\"_blank\" rel=\"noopener noreferrer\">\u00c9tats financiers consolid\u00e9s<\/a><\/li>\n<\/ul>\n<\/div>\n<\/div>\n<p><!--2020-2021--><\/p>\n<div class=\"RA-cell\">\n<p><a href=\"https:\/\/caisse.biz\/wp-content\/uploads\/2022\/01\/2020-2021-Rapport-Annuel-FR.pdf\" target=\"_blank\" rel=\"noopener noreferrer\"><img decoding=\"async\" class=\"wp-image-22172 size-full alignleft\" src=\"https:\/\/caisse.biz\/wp-content\/uploads\/2022\/01\/Thumbnail-RA-20-21-FR.jpg\" alt=\"Rapport Annuel 2020 a 2021\" width=\"115px\" height=\"149px\" \/><\/a><\/p>\n<div class=\"RA-description\">\n<h3>2020-2021<\/h3>\n<ul>\n<li><a href=\"https:\/\/caisse.biz\/wp-content\/uploads\/2022\/01\/2020-2021-Rapport-Annuel-FR.pdf\" target=\"_blank\" rel=\"noopener noreferrer\">Rapport annuel<\/a><\/li>\n<li><a href=\"https:\/\/caisse.biz\/wp-content\/uploads\/2022\/01\/20210930-Consol-FS-FR-Caisse-Groupe-Financier-Ltee-Caisse-Populaire-Groupe-Financier-Ltee.pdf\" target=\"_blank\" rel=\"noopener noreferrer\">\u00c9tats financiers consolid\u00e9s<\/a><\/li>\n<\/ul>\n<\/div>\n<\/div>\n<p><!--2019-2020--><\/p>\n<div class=\"RA-cell\">\n<p><a href=\"https:\/\/caisse.biz\/wp-content\/uploads\/2021\/01\/Rapport-annuel-Caisse-19-20.pdf\" target=\"_blank\" rel=\"noopener noreferrer\"><img decoding=\"async\" class=\"wp-image-22172 size-full alignleft\" src=\"https:\/\/caisse.biz\/wp-content\/uploads\/2021\/01\/Thumbnail-RA-19-20FR.jpg\" alt=\"Rapport Annuel 2019 a 2020\" width=\"115px\" height=\"149px\" \/><\/a><\/p>\n<div class=\"RA-description\">\n<h3>2019-2020<\/h3>\n<ul>\n<li><a href=\"https:\/\/caisse.biz\/wp-content\/uploads\/2021\/01\/Rapport-annuel-Caisse-19-20.pdf\" target=\"_blank\" rel=\"noopener noreferrer\">Rapport annuel<\/a><\/li>\n<li><a href=\"https:\/\/caisse.biz\/wp-content\/uploads\/2021\/01\/Etats-financiers-consolides-19-20.pdf\" target=\"_blank\" rel=\"noopener noreferrer\">\u00c9tats financiers consolid\u00e9s<\/a><\/li>\n<\/ul>\n<\/div>\n<\/div>\n<p><!--2018-2019--><\/p>\n<div class=\"RA-cell\">\n<p><a href=\"..\/..\/..\/wp-content\/uploads\/2020\/05\/Caisse-Rapport-annuel-2018-2019.pdf\" target=\"_blank\" rel=\"noopener noreferrer\"><img decoding=\"async\" class=\"alignleft size-large wp-image-17056\" src=\"..\/..\/..\/wp-content\/uploads\/2020\/05\/Rapport-annuel-2018-2019.png\" alt=\"Rapport Annuel 2018 a 2019\" width=\"115px\" height=\"144px\" \/><\/a><\/p>\n<div class=\"RA-description\">\n<h3>2018-2019<\/h3>\n<ul>\n<li><a href=\"..\/..\/..\/wp-content\/uploads\/2020\/05\/Caisse-Rapport-annuel-2018-2019.pdf\" target=\"_blank\" rel=\"noopener noreferrer\">Rapport annuel<\/a><\/li>\n<li><a href=\"..\/..\/..\/wp-content\/uploads\/2020\/05\/Caisse-Etats-financiers-2018-2019.pdf\" target=\"_blank\" rel=\"noopener noreferrer\">\u00c9tats financiers consolid\u00e9s<\/a><\/li>\n<\/ul>\n<\/div>\n<\/div>\n<p><!--2017-2018--><\/p>\n<div class=\"RA-cell\">\n<p><a href=\"..\/..\/..\/wp-content\/uploads\/2020\/05\/Caisse-Rapport-annuel-2017-2018.pdf\" target=\"_blank\" rel=\"noopener noreferrer\"><img decoding=\"async\" class=\"alignleft size-large wp-image-17054\" src=\"..\/..\/..\/wp-content\/uploads\/2020\/05\/Rapport-annuel-2017-2018.png\" alt=\"Rapport Annuel 2017 a 2018\" width=\"144px\" height=\"115px\" \/><\/a><\/p>\n<div class=\"RA-description\">\n<h3>2017-2018<\/h3>\n<ul>\n<li><a href=\"..\/..\/..\/wp-content\/uploads\/2020\/05\/Caisse-Rapport-annuel-2017-2018.pdf\" target=\"_blank\" rel=\"noopener noreferrer\">Rapport annuel<\/a><\/li>\n<li><a href=\"..\/..\/..\/wp-content\/uploads\/2020\/05\/Caisse-Etats-financiers-2017-2018.pdf\" target=\"_blank\" rel=\"noopener noreferrer\">\u00c9tats financiers consolid\u00e9s<\/a><\/li>\n<\/ul>\n<\/div>\n<\/div>\n<p><!--2016-2017--><\/p>\n<div class=\"RA-cell\">\n<p><a href=\"..\/..\/..\/wp-content\/uploads\/2020\/05\/Caisse-Rapport-annuel-2016-2017.pdf\" target=\"_blank\" rel=\"noopener noreferrer\"><img decoding=\"async\" class=\"alignleft size-large wp-image-17052\" src=\"..\/..\/..\/wp-content\/uploads\/2020\/05\/Rapport-annuel-2016-2017.png\" alt=\"Rapport Annuel 2016 a 2017\" width=\"144px\" height=\"115px\" \/><\/a><\/p>\n<div class=\"RA-description\">\n<h3>2016-2017<\/h3>\n<ul>\n<li><a href=\"..\/..\/..\/wp-content\/uploads\/2020\/05\/Caisse-Rapport-annuel-2016-2017.pdf\" target=\"_blank\" rel=\"noopener noreferrer\">Rapport annuel<\/a><\/li>\n<li><a href=\"..\/..\/..\/wp-content\/uploads\/2020\/05\/Caisse-Etats-financiers-2016-2017.pdf\" target=\"_blank\" rel=\"noopener noreferrer\">\u00c9tats financiers consolid\u00e9s<\/a><\/li>\n<\/ul>\n<\/div>\n<\/div>\n<p><!--2015-2016--><\/p>\n<div class=\"RA-cell\">\n<p><a href=\"..\/..\/..\/wp-content\/uploads\/2020\/05\/Caisse-Rapport-annuel-2015-2016.pdf\" target=\"_blank\" rel=\"noopener noreferrer\"><img decoding=\"async\" class=\"alignleft size-large wp-image-17050\" src=\"..\/..\/..\/wp-content\/uploads\/2020\/05\/Rapport-annuel-2015-2016.png\" alt=\"Rapport Annuel 2015 a 2016\" width=\"115px\" height=\"144px\" \/><\/a><\/p>\n<div class=\"RA-description\">\n<h3>2015-2016<\/h3>\n<ul>\n<li><a href=\"..\/..\/..\/wp-content\/uploads\/2020\/05\/Caisse-Rapport-annuel-2015-2016.pdf\" target=\"_blank\" rel=\"noopener noreferrer\">Rapport annuel<\/a><\/li>\n<li><a href=\"..\/..\/..\/wp-content\/uploads\/2020\/05\/Caisse-Etats-financiers-2015-2016.pdf\" target=\"_blank\" rel=\"noopener noreferrer\">\u00c9tats financiers consolid\u00e9s<\/a><\/li>\n<\/ul>\n<\/div>\n<\/div>\n<p><!--2014-2015--><\/p>\n<div class=\"RA-cell\">\n<p><a href=\"..\/..\/..\/wp-content\/uploads\/2020\/05\/Caisse-Rapport-annuel-2014-2015.pdf\" target=\"_blank\" rel=\"noopener noreferrer\"><img decoding=\"async\" class=\"alignleft size-full wp-image-17048\" src=\"..\/..\/..\/wp-content\/uploads\/2020\/05\/Rapport-annuel-2014-2015.png\" alt=\"Rapport Annuel 2014 a 2015\" width=\"115px\" height=\"144px\" \/><\/a><\/p>\n<div class=\"RA-description\">\n<h3>2014-2015<\/h3>\n<ul>\n<li><a href=\"..\/..\/..\/wp-content\/uploads\/2020\/05\/Caisse-Rapport-annuel-2014-2015.pdf\" target=\"_blank\" rel=\"noopener noreferrer\">Rapport annuel<\/a><\/li>\n<li><a href=\"..\/..\/..\/wp-content\/uploads\/2020\/05\/Caisse-Etats-financiers-2014-2015.pdf\" target=\"_blank\" rel=\"noopener noreferrer\">\u00c9tats financiers consolid\u00e9s<\/a><\/li>\n<\/ul>\n<\/div>\n<\/div>\n<p><!--2013-2014--><\/p>\n<div class=\"RA-cell\">\n<p><a href=\"..\/..\/..\/wp-content\/uploads\/2020\/05\/Caisse-Rapport-annuel-2013-2014.pdf\" target=\"_blank\" rel=\"noopener noreferrer\"><img decoding=\"async\" class=\"alignleft size-large wp-image-17064\" src=\"..\/..\/..\/wp-content\/uploads\/2020\/05\/Rapport-annuel-2013-2014.png\" alt=\"Rapport Annuel 2013 a 2014\" width=\"144px\" height=\"115px\" \/><\/a><\/p>\n<div class=\"RA-description\">\n<h3>2013-2014<\/h3>\n<ul>\n<li><a href=\"..\/..\/..\/wp-content\/uploads\/2020\/05\/Caisse-Rapport-annuel-2013-2014.pdf\" target=\"_blank\" rel=\"noopener noreferrer\">Rapport annuel<\/a><\/li>\n<li><a href=\"..\/..\/..\/wp-content\/uploads\/2020\/05\/Caisse-Etats-financiers-2013-2014.pdf\" target=\"_blank\" rel=\"noopener noreferrer\">\u00c9tats financiers consolid\u00e9s<\/a><\/li>\n<\/ul>\n<\/div>\n<\/div>\n<p><!--2012-2013--><\/p>\n<div class=\"RA-cell\">\n<p><a href=\"..\/..\/..\/wp-content\/uploads\/2020\/05\/Caisse-Rapport-annuel-2012-2013.pdf\" target=\"_blank\" rel=\"noopener noreferrer\"><img decoding=\"async\" class=\"alignleft size-full wp-image-17056\" src=\"..\/..\/..\/wp-content\/uploads\/2020\/05\/Rapport-annuel-2012-2013.png\" alt=\"Rapport Annuel 2012 a 2013\" width=\"144px\" height=\"115px\" \/><\/a><\/p>\n<div class=\"RA-description\">\n<h3>2012-2013<\/h3>\n<ul>\n<li><a href=\"..\/..\/..\/wp-content\/uploads\/2020\/05\/Caisse-Rapport-annuel-2012-2013.pdf\" target=\"_blank\" rel=\"noopener noreferrer\">Rapport annuel<\/a><\/li>\n<li><a href=\"..\/..\/..\/wp-content\/uploads\/2020\/05\/Caisse-Etats-financiers-2012-2013.pdf\" target=\"_blank\" rel=\"noopener noreferrer\">\u00c9tats financiers consolid\u00e9s<\/a><\/li>\n<\/ul>\n<\/div>\n<\/div>\n<p><!--2011-2012--><\/p>\n<div class=\"RA-cell\">\n<p><a href=\"..\/..\/..\/wp-content\/uploads\/2020\/05\/Caisse-Rapport-annuel-2011-2012.pdf\" target=\"_blank\" rel=\"noopener noreferrer\"><img decoding=\"async\" class=\"alignleft size-large wp-image-17060\" src=\"..\/..\/..\/wp-content\/uploads\/2020\/05\/Rapport-annuel-2011-2012.png\" alt=\"Rapport Annuel 2011 a 2012\" width=\"144px\" height=\"115px\" \/><\/a><\/p>\n<div class=\"RA-description\">\n<h3>2011-2012<\/h3>\n<ul>\n<li><a href=\"..\/..\/..\/wp-content\/uploads\/2020\/05\/Caisse-Rapport-annuel-2011-2012.pdf\" target=\"_blank\" rel=\"noopener noreferrer\">Rapport annuel<\/a><\/li>\n<li><a href=\"..\/..\/..\/wp-content\/uploads\/2020\/05\/Caisse-Etats-financiers-2011-2012.pdf\" target=\"_blank\" rel=\"noopener noreferrer\">\u00c9tats financiers consolid\u00e9s<\/a><\/li>\n<\/ul>\n<\/div>\n<\/div>\n<p><!--2010-2011--><\/p>\n<div class=\"RA-cell\">\n<p><a href=\"..\/..\/..\/wp-content\/uploads\/2020\/05\/Caisse-Rapport-annuel-2010-2011.pdf\" target=\"_blank\" rel=\"noopener noreferrer\"><img decoding=\"async\" class=\"alignleft size-large wp-image-17058\" src=\"..\/..\/..\/wp-content\/uploads\/2020\/05\/Rapport-annuel-2010-2011.png\" alt=\"Rapport Annuel 2010 a 2011\" width=\"122px\" height=\"130px\" \/><\/a><\/p>\n<div class=\"RA-description\">\n<h3>2010-2011<\/h3>\n<ul>\n<li><a href=\"..\/..\/..\/wp-content\/uploads\/2020\/05\/Caisse-Rapport-annuel-2010-2011.pdf\" target=\"_blank\" rel=\"noopener noreferrer\">Rapport annuel<\/a><\/li>\n<li><a href=\"..\/..\/..\/wp-content\/uploads\/2020\/05\/Caisse-Etats-financiers-2010-2011.pdf\" target=\"_blank\" rel=\"noopener noreferrer\">\u00c9tats financiers consolid\u00e9s<\/a><\/li>\n<\/ul>\n<\/div>\n<\/div>\n<\/div>\n","protected":false},"excerpt":{"rendered":"<p>Les rapports sont en format PDF. Vous pouvez ouvrir, visualiser et imprimer le fichier PDF en utilisant Adobe Acrobat Reader. Vous pouvez t\u00e9l\u00e9charger une copie gratuite de ce logiciel au Adobe.com. &nbsp; 2023-2024 \u00c9tats financiers consolid\u00e9s Informations financi\u00e8res consolid\u00e9es 2022-2023 Rapport annuel \u00c9tats financiers consolid\u00e9s 2021-2022 Rapport annuel \u00c9tats financiers consolid\u00e9s 2020-2021 Rapport annuel \u00c9tats [&hellip;]<\/p>\n","protected":false},"author":13,"featured_media":0,"parent":146,"menu_order":30,"comment_status":"closed","ping_status":"closed","template":"tpl_page_right_sidebar.php","meta":{"_acf_changed":false,"footnotes":""},"class_list":["post-169","page","type-page","status-publish","hentry"],"acf":[],"_links":{"self":[{"href":"https:\/\/caisse-wordpress-prod.azurewebsites.net\/fr\/wp-json\/wp\/v2\/pages\/169","targetHints":{"allow":["GET"]}}],"collection":[{"href":"https:\/\/caisse-wordpress-prod.azurewebsites.net\/fr\/wp-json\/wp\/v2\/pages"}],"about":[{"href":"https:\/\/caisse-wordpress-prod.azurewebsites.net\/fr\/wp-json\/wp\/v2\/types\/page"}],"author":[{"embeddable":true,"href":"https:\/\/caisse-wordpress-prod.azurewebsites.net\/fr\/wp-json\/wp\/v2\/users\/13"}],"replies":[{"embeddable":true,"href":"https:\/\/caisse-wordpress-prod.azurewebsites.net\/fr\/wp-json\/wp\/v2\/comments?post=169"}],"version-history":[{"count":29,"href":"https:\/\/caisse-wordpress-prod.azurewebsites.net\/fr\/wp-json\/wp\/v2\/pages\/169\/revisions"}],"predecessor-version":[{"id":29855,"href":"https:\/\/caisse-wordpress-prod.azurewebsites.net\/fr\/wp-json\/wp\/v2\/pages\/169\/revisions\/29855"}],"up":[{"embeddable":true,"href":"https:\/\/caisse-wordpress-prod.azurewebsites.net\/fr\/wp-json\/wp\/v2\/pages\/146"}],"wp:attachment":[{"href":"https:\/\/caisse-wordpress-prod.azurewebsites.net\/fr\/wp-json\/wp\/v2\/media?parent=169"}],"curies":[{"name":"wp","href":"https:\/\/api.w.org\/{rel}","templated":true}]}}