{"id":167,"date":"2015-10-23T14:31:26","date_gmt":"2015-10-23T20:31:26","guid":{"rendered":"http:\/\/www.caisse.biz\/fr\/?page_id=167"},"modified":"2025-09-04T15:12:57","modified_gmt":"2025-09-04T21:12:57","slug":"carrieres","status":"publish","type":"page","link":"https:\/\/caisse-wordpress-prod.azurewebsites.net\/fr\/carrieres\/","title":{"rendered":"Carri\u00e8res"},"content":{"rendered":"<p>ACU, Caisse et Westoba ont officiellement fusionn\u00e9 et nous sommes actuellement en phase d\u2019int\u00e9gration de nos syst\u00e8mes. Dans le cadre de cette croissance, nous recherchons des personnes passionn\u00e9es pour se joindre \u00e0 notre \u00e9quipe dynamique. Si vous \u00eates pr\u00eat(e)s \u00e0 b\u00e2tir une carri\u00e8re enrichissante et \u00e0 apporter une diff\u00e9rence au sein des communaut\u00e9s que nous servons, nous aimerions vous rencontrer.<\/p>\n<p>Notre philosophie corporative se concentre sur le d\u00e9veloppement de relations durables avec nos membres, nos employ\u00e9s, nos communaut\u00e9s et nos partenaires.<\/p>\n<p>Nous sommes locaux,\u00a0nous redonnons \u00e0 notre communaut\u00e9 et \u00e9tant la seule coop\u00e9rative financi\u00e8re bilingue au Manitoba,\u00a0nous comprenons l\u2019importance de traiter chaque membre et employ\u00e9 comme un individu. <strong>Nous parlons votre langage financier!<\/strong><\/p>\n<p>&nbsp;<\/p>\n<h4>Joignez notre \u00e9quipe d&#8217;employ\u00e9s d\u00e9di\u00e9s et dynamiques.<\/h4>\n<p>Nous offrons un lieu de travail accueillant et chaleureux, des salaires et avantages sociaux concurrentiels, un programme de r\u00e9compenses et autres b\u00e9n\u00e9fices.<\/p>\n<p>&nbsp;<\/p>\n<div class=\"row\"><div class=\"col-md-3\">\n<div style=\"background-color: #8c8c8c; padding: 3% 8% 8% 8%; height: 350px;\">\n<h3 style=\"color: white;\">Avantages sociaux<\/h3>\n<p style=\"color: white;\">Nous offrons un r\u00e9gime d\u2019avantages sociaux g\u00e9n\u00e9reux, qui comprend les prestations de soins hospitaliers et param\u00e9dicaux, soins dentaires et vue.<\/p>\n<\/div>\n<\/div>\n<div class=\"col-md-3\">\n<div style=\"background-color: #86d0ec; padding: 3% 8% 8% 8%; height: 350px;\">\n<h3 style=\"color: white;\">\u00c9quilibre travail-vie<\/h3>\n<p style=\"color: white;\">Nous appuyons des horaires de travail flexibles et alternatifs qui permettent un meilleur \u00e9quilibre entre la carri\u00e8re et la vie personnelle de nos employ\u00e9s.<\/p>\n<\/div>\n<\/div>\n<div class=\"col-md-3\">\n<div style=\"background-color: #2babe2; padding: 3% 8% 8% 8%; height: 350px;\">\n<h3 style=\"color: white;\">D\u00e9veloppement de carri\u00e8re<\/h3>\n<p style=\"color: white;\">Une de nos priorit\u00e9s est de b\u00e2tir une \u00e9quipe hautement performante et talentueuse, capable de r\u00e9aliser les objectifs actuels et futurs de notre organisation, en offrant des programmes d\u2019\u00e9ducation, de formation et de d\u00e9veloppement professionnels.<\/p>\n<\/div>\n<\/div>\n<div class=\"col-md-3\">\n<div style=\"background-color: #064f6d; padding: 3% 8% 8% 8%; height: 350px;\">\n<h3 style=\"color: white;\">Sant\u00e9 et bien-\u00eatre<\/h3>\n<p style=\"color: white;\">Nous \u0153uvrons \u00e0 offrir un environnement de travail s\u00e9curitaire et de prendre les mesures n\u00e9cessaires pour \u00e9liminer ou r\u00e9duire les risques auxquels nos employ\u00e9s pourraient \u00eatre expos\u00e9s afin d\u2019assurer leur bien-\u00eatre.<\/p>\n<\/div>\n<p>&nbsp;<\/p>\n<\/div>\n<\/div>\n<p><a class=\"btn btn-primary\" href=\"https:\/\/recruiting.ultipro.ca\/ASS5000ACUL\/JobBoard\/9396fe2a-bb59-4d60-9067-2bc2be5427c3\/?q=&amp;o=postedDateDesc\" target=\"_blank\" rel=\"noopener\"><span style=\"font-size: 125%;\">Postulez pour un emploi<\/span><\/a><\/p>\n<p>Pour plus de renseignements sur chaque emploi, veuillez visiter la page <a href=\"https:\/\/recruiting.ultipro.ca\/ASS5000ACUL\/JobBoard\/9396fe2a-bb59-4d60-9067-2bc2be5427c3\/?q=&amp;o=postedDateDesc\" target=\"_blank\" rel=\"noopener\">Postes disponibles<\/a>.<\/p>\n","protected":false},"excerpt":{"rendered":"<p>ACU, Caisse et Westoba ont officiellement fusionn\u00e9 et nous sommes actuellement en phase d\u2019int\u00e9gration de nos syst\u00e8mes. Dans le cadre de cette croissance, nous recherchons des personnes passionn\u00e9es pour se joindre \u00e0 notre \u00e9quipe dynamique. Si vous \u00eates pr\u00eat(e)s \u00e0 b\u00e2tir une carri\u00e8re enrichissante et \u00e0 apporter une diff\u00e9rence au sein des communaut\u00e9s que nous [&hellip;]<\/p>\n","protected":false},"author":13,"featured_media":0,"parent":0,"menu_order":20,"comment_status":"closed","ping_status":"closed","template":"tpl_page_right_sidebar.php","meta":{"_acf_changed":false,"footnotes":""},"class_list":["post-167","page","type-page","status-publish","hentry"],"acf":[],"_links":{"self":[{"href":"https:\/\/caisse-wordpress-prod.azurewebsites.net\/fr\/wp-json\/wp\/v2\/pages\/167","targetHints":{"allow":["GET"]}}],"collection":[{"href":"https:\/\/caisse-wordpress-prod.azurewebsites.net\/fr\/wp-json\/wp\/v2\/pages"}],"about":[{"href":"https:\/\/caisse-wordpress-prod.azurewebsites.net\/fr\/wp-json\/wp\/v2\/types\/page"}],"author":[{"embeddable":true,"href":"https:\/\/caisse-wordpress-prod.azurewebsites.net\/fr\/wp-json\/wp\/v2\/users\/13"}],"replies":[{"embeddable":true,"href":"https:\/\/caisse-wordpress-prod.azurewebsites.net\/fr\/wp-json\/wp\/v2\/comments?post=167"}],"version-history":[{"count":10,"href":"https:\/\/caisse-wordpress-prod.azurewebsites.net\/fr\/wp-json\/wp\/v2\/pages\/167\/revisions"}],"predecessor-version":[{"id":30208,"href":"https:\/\/caisse-wordpress-prod.azurewebsites.net\/fr\/wp-json\/wp\/v2\/pages\/167\/revisions\/30208"}],"wp:attachment":[{"href":"https:\/\/caisse-wordpress-prod.azurewebsites.net\/fr\/wp-json\/wp\/v2\/media?parent=167"}],"curies":[{"name":"wp","href":"https:\/\/api.w.org\/{rel}","templated":true}]}}