{"id":1657,"date":"2015-11-24T17:16:09","date_gmt":"2015-11-24T22:16:09","guid":{"rendered":"http:\/\/www.caisse.biz\/fr\/?page_id=1657"},"modified":"2021-05-18T13:24:13","modified_gmt":"2021-05-18T18:24:13","slug":"prets","status":"publish","type":"page","link":"https:\/\/caisse-wordpress-prod.azurewebsites.net\/fr\/personnel\/prets\/","title":{"rendered":"Pr\u00eats"},"content":{"rendered":"<h3>Un pr\u00eat personnel peut vous aider\u00a0\u00e0\u00a0financier\u00a0vos \u00e9tudes, l&rsquo;achat de v\u00e9hicule, des r\u00e9novations pour accommoder une famille qui s\u2019agrandit, des vacances inoubliables avec vos proches ou pleins d\u2019autres projets encore.<\/h3>\n<p><strong>Questions ?<\/strong><br \/>\n<a href=\"..\/..\/trouvez-un-centre\">Contactez un centre de services pr\u00e8s de chez vous<\/a><\/p>\n<p><a href=\"..\/..\/foire-aux-questions\/\"><img loading=\"lazy\" decoding=\"async\" class=\"alignleft size-full wp-image-18665\" src=\"..\/..\/..\/wp-content\/uploads\/2020\/07\/FAQ-Btn-FR.png\" alt=\"Cliquez ici pour consulter la FAQ\" width=\"207\" height=\"39\" \/><\/a><\/p>\n","protected":false},"excerpt":{"rendered":"<p>Un pr\u00eat personnel peut vous aider\u00a0\u00e0\u00a0financier\u00a0vos \u00e9tudes, l&rsquo;achat de v\u00e9hicule, des r\u00e9novations pour accommoder une famille qui s\u2019agrandit, des vacances inoubliables avec vos proches ou pleins d\u2019autres projets encore. Questions ? Contactez un centre de services pr\u00e8s de chez vous<\/p>\n","protected":false},"author":13,"featured_media":18059,"parent":157,"menu_order":0,"comment_status":"closed","ping_status":"closed","template":"tpl_accounts_personal.php","meta":{"_acf_changed":false,"footnotes":""},"class_list":["post-1657","page","type-page","status-publish","has-post-thumbnail","hentry"],"acf":[],"_links":{"self":[{"href":"https:\/\/caisse-wordpress-prod.azurewebsites.net\/fr\/wp-json\/wp\/v2\/pages\/1657","targetHints":{"allow":["GET"]}}],"collection":[{"href":"https:\/\/caisse-wordpress-prod.azurewebsites.net\/fr\/wp-json\/wp\/v2\/pages"}],"about":[{"href":"https:\/\/caisse-wordpress-prod.azurewebsites.net\/fr\/wp-json\/wp\/v2\/types\/page"}],"author":[{"embeddable":true,"href":"https:\/\/caisse-wordpress-prod.azurewebsites.net\/fr\/wp-json\/wp\/v2\/users\/13"}],"replies":[{"embeddable":true,"href":"https:\/\/caisse-wordpress-prod.azurewebsites.net\/fr\/wp-json\/wp\/v2\/comments?post=1657"}],"version-history":[{"count":1,"href":"https:\/\/caisse-wordpress-prod.azurewebsites.net\/fr\/wp-json\/wp\/v2\/pages\/1657\/revisions"}],"predecessor-version":[{"id":23106,"href":"https:\/\/caisse-wordpress-prod.azurewebsites.net\/fr\/wp-json\/wp\/v2\/pages\/1657\/revisions\/23106"}],"up":[{"embeddable":true,"href":"https:\/\/caisse-wordpress-prod.azurewebsites.net\/fr\/wp-json\/wp\/v2\/pages\/157"}],"wp:featuredmedia":[{"embeddable":true,"href":"https:\/\/caisse-wordpress-prod.azurewebsites.net\/fr\/wp-json\/wp\/v2\/media\/18059"}],"wp:attachment":[{"href":"https:\/\/caisse-wordpress-prod.azurewebsites.net\/fr\/wp-json\/wp\/v2\/media?parent=1657"}],"curies":[{"name":"wp","href":"https:\/\/api.w.org\/{rel}","templated":true}]}}