{"id":1643,"date":"2015-11-24T17:30:20","date_gmt":"2015-11-24T22:30:20","guid":{"rendered":"http:\/\/www.caisse.biz\/fr\/?page_id=1643"},"modified":"2020-08-07T14:11:09","modified_gmt":"2020-08-07T19:11:09","slug":"protection-contre-les-decouverts","status":"publish","type":"page","link":"https:\/\/caisse-wordpress-prod.azurewebsites.net\/fr\/personnel\/protection-contre-les-decouverts\/","title":{"rendered":"Protection contre les d\u00e9couverts"},"content":{"rendered":"<h3>Toujours l\u00e0, au besoin. La protection contre les d\u00e9couverts est une mesure temporaire qui vous prot\u00e8ge si jamais vous \u00eates \u00e0 court de fonds dans votre compte. Vous payez seulement si vous l\u2019utilisez et vous \u00e9pargnez les frais associ\u00e9s aux\u00a0ch\u00e8ques ou autres items sans provision (NSF).<\/h3>\n<p><strong>Taux d\u2019int\u00e9r\u00eat<br \/>\n<\/strong><span class='loans_overdraft rate default'>14,90 %<\/span>\n<p><strong>Caract\u00e9ristiques<br \/>\n<\/strong>Protection disponible jusqu\u2019\u00e0 3 000 $<br \/>\nPayez seulement si vous l\u2019utilisez<br \/>\nLes co\u00fbts d\u2019int\u00e9r\u00eats sont d\u00e9duits de votre compte<br \/>\n\u00c9pargnez les frais associ\u00e9s aux\u00a0ch\u00e8ques ou autres items sans provision (NSF)<\/p>\n<p><a class=\"bold-link\" href=\"..\/..\/trouvez-un-centre\">Contactez un centre de services pr\u00e8s de chez vous<\/a><\/p>\n","protected":false},"excerpt":{"rendered":"<p>Toujours l\u00e0, au besoin. La protection contre les d\u00e9couverts est une mesure temporaire qui vous prot\u00e8ge si jamais vous \u00eates \u00e0 court de fonds dans votre compte. Vous payez seulement si vous l\u2019utilisez et vous \u00e9pargnez les frais associ\u00e9s aux\u00a0ch\u00e8ques ou autres items sans provision (NSF). Taux d\u2019int\u00e9r\u00eat Caract\u00e9ristiques Protection disponible jusqu\u2019\u00e0 3 000 $ [&hellip;]<\/p>\n","protected":false},"author":13,"featured_media":19040,"parent":157,"menu_order":0,"comment_status":"closed","ping_status":"closed","template":"tpl_dual_editor.php","meta":{"_acf_changed":false,"footnotes":""},"class_list":["post-1643","page","type-page","status-publish","has-post-thumbnail","hentry"],"acf":[],"_links":{"self":[{"href":"https:\/\/caisse-wordpress-prod.azurewebsites.net\/fr\/wp-json\/wp\/v2\/pages\/1643","targetHints":{"allow":["GET"]}}],"collection":[{"href":"https:\/\/caisse-wordpress-prod.azurewebsites.net\/fr\/wp-json\/wp\/v2\/pages"}],"about":[{"href":"https:\/\/caisse-wordpress-prod.azurewebsites.net\/fr\/wp-json\/wp\/v2\/types\/page"}],"author":[{"embeddable":true,"href":"https:\/\/caisse-wordpress-prod.azurewebsites.net\/fr\/wp-json\/wp\/v2\/users\/13"}],"replies":[{"embeddable":true,"href":"https:\/\/caisse-wordpress-prod.azurewebsites.net\/fr\/wp-json\/wp\/v2\/comments?post=1643"}],"version-history":[{"count":0,"href":"https:\/\/caisse-wordpress-prod.azurewebsites.net\/fr\/wp-json\/wp\/v2\/pages\/1643\/revisions"}],"up":[{"embeddable":true,"href":"https:\/\/caisse-wordpress-prod.azurewebsites.net\/fr\/wp-json\/wp\/v2\/pages\/157"}],"wp:featuredmedia":[{"embeddable":true,"href":"https:\/\/caisse-wordpress-prod.azurewebsites.net\/fr\/wp-json\/wp\/v2\/media\/19040"}],"wp:attachment":[{"href":"https:\/\/caisse-wordpress-prod.azurewebsites.net\/fr\/wp-json\/wp\/v2\/media?parent=1643"}],"curies":[{"name":"wp","href":"https:\/\/api.w.org\/{rel}","templated":true}]}}