{"id":1622,"date":"2015-11-24T18:42:52","date_gmt":"2015-11-24T23:42:52","guid":{"rendered":"http:\/\/www.caisse.biz\/fr\/?page_id=1622"},"modified":"2020-08-07T15:37:55","modified_gmt":"2020-08-07T20:37:55","slug":"assurance","status":"publish","type":"page","link":"https:\/\/caisse-wordpress-prod.azurewebsites.net\/fr\/assurance\/","title":{"rendered":"Assurance"},"content":{"rendered":"<h3>Assurez-vous que vous et vos proches soient bien pr\u00e9par\u00e9s pour les impr\u00e9vus avec la protection de l\u2019assurance.<\/h3>\n<p>Nous offrons une assurance vie sur pr\u00eat, une assurance invalidit\u00e9 ainsi qu&rsquo;une assurance vie. Le co\u00fbt de l\u2019assurance peut \u00eatre tr\u00e8s minime \u00e0 comparer \u00e0 l\u2019appui financier qu\u2019elle fournit lorsque vous en avez besoin. Les prestations d\u2019assurance ne sont pas imposables. Les primes d\u2019assurance ont tendance d\u2019augmenter avec l\u2019\u00e2ge donc il est sage d\u2019acheter l\u2019assurance plus t\u00f4t que plus tard.<\/p>\n<p><strong>Questions ?<\/strong><br \/>\n<a href=\"..\/trouvez-un-centre\">Contactez un centre de services pr\u00e8s de chez vous<\/a><\/p>\n","protected":false},"excerpt":{"rendered":"<p>Assurez-vous que vous et vos proches soient bien pr\u00e9par\u00e9s pour les impr\u00e9vus avec la protection de l\u2019assurance. Nous offrons une assurance vie sur pr\u00eat, une assurance invalidit\u00e9 ainsi qu&rsquo;une assurance vie. Le co\u00fbt de l\u2019assurance peut \u00eatre tr\u00e8s minime \u00e0 comparer \u00e0 l\u2019appui financier qu\u2019elle fournit lorsque vous en avez besoin. Les prestations d\u2019assurance ne [&hellip;]<\/p>\n","protected":false},"author":13,"featured_media":18055,"parent":0,"menu_order":0,"comment_status":"closed","ping_status":"closed","template":"tpl_accounts_personal.php","meta":{"_acf_changed":false,"footnotes":""},"class_list":["post-1622","page","type-page","status-publish","has-post-thumbnail","hentry"],"acf":[],"_links":{"self":[{"href":"https:\/\/caisse-wordpress-prod.azurewebsites.net\/fr\/wp-json\/wp\/v2\/pages\/1622","targetHints":{"allow":["GET"]}}],"collection":[{"href":"https:\/\/caisse-wordpress-prod.azurewebsites.net\/fr\/wp-json\/wp\/v2\/pages"}],"about":[{"href":"https:\/\/caisse-wordpress-prod.azurewebsites.net\/fr\/wp-json\/wp\/v2\/types\/page"}],"author":[{"embeddable":true,"href":"https:\/\/caisse-wordpress-prod.azurewebsites.net\/fr\/wp-json\/wp\/v2\/users\/13"}],"replies":[{"embeddable":true,"href":"https:\/\/caisse-wordpress-prod.azurewebsites.net\/fr\/wp-json\/wp\/v2\/comments?post=1622"}],"version-history":[{"count":0,"href":"https:\/\/caisse-wordpress-prod.azurewebsites.net\/fr\/wp-json\/wp\/v2\/pages\/1622\/revisions"}],"wp:featuredmedia":[{"embeddable":true,"href":"https:\/\/caisse-wordpress-prod.azurewebsites.net\/fr\/wp-json\/wp\/v2\/media\/18055"}],"wp:attachment":[{"href":"https:\/\/caisse-wordpress-prod.azurewebsites.net\/fr\/wp-json\/wp\/v2\/media?parent=1622"}],"curies":[{"name":"wp","href":"https:\/\/api.w.org\/{rel}","templated":true}]}}