{"id":1608,"date":"2015-12-02T18:42:31","date_gmt":"2015-12-02T23:42:31","guid":{"rendered":"http:\/\/www.caisse.biz\/fr\/financial-planning\/"},"modified":"2020-07-11T21:28:42","modified_gmt":"2020-07-12T02:28:42","slug":"planification-financiere","status":"publish","type":"page","link":"https:\/\/caisse-wordpress-prod.azurewebsites.net\/fr\/planification-financiere\/","title":{"rendered":"Planification financi\u00e8re"},"content":{"rendered":"<h3>Le but de la planification financi\u00e8re est d\u2019\u00e9tablir vos objectifs financiers \u00e0 long terme et de d\u00e9velopper le plan qu&rsquo;il vous faut pour les r\u00e9aliser.<\/h3>\n<p>Nous pouvons vous aider \u00e0 planifier vos finances personnelles et affaires et r\u00e9pondre \u00e0 toutes vos questions. Nous travaillerons avec vous afin de bien comprendre votre situation, vos besoins et vos objectifs. <a href=\"..\/..\/trouvez-un-centre\">Contactez-nous aujourd&rsquo;hui pour prendre un rendez-vous.<\/a><\/p>\n","protected":false},"excerpt":{"rendered":"<p>Le but de la planification financi\u00e8re est d\u2019\u00e9tablir vos objectifs financiers \u00e0 long terme et de d\u00e9velopper le plan qu&rsquo;il vous faut pour les r\u00e9aliser. Nous pouvons vous aider \u00e0 planifier vos finances personnelles et affaires et r\u00e9pondre \u00e0 toutes vos questions. Nous travaillerons avec vous afin de bien comprendre votre situation, vos besoins et [&hellip;]<\/p>\n","protected":false},"author":13,"featured_media":18049,"parent":0,"menu_order":0,"comment_status":"closed","ping_status":"closed","template":"tpl_accounts_personal.php","meta":{"_acf_changed":false,"footnotes":""},"class_list":["post-1608","page","type-page","status-publish","has-post-thumbnail","hentry"],"acf":[],"_links":{"self":[{"href":"https:\/\/caisse-wordpress-prod.azurewebsites.net\/fr\/wp-json\/wp\/v2\/pages\/1608","targetHints":{"allow":["GET"]}}],"collection":[{"href":"https:\/\/caisse-wordpress-prod.azurewebsites.net\/fr\/wp-json\/wp\/v2\/pages"}],"about":[{"href":"https:\/\/caisse-wordpress-prod.azurewebsites.net\/fr\/wp-json\/wp\/v2\/types\/page"}],"author":[{"embeddable":true,"href":"https:\/\/caisse-wordpress-prod.azurewebsites.net\/fr\/wp-json\/wp\/v2\/users\/13"}],"replies":[{"embeddable":true,"href":"https:\/\/caisse-wordpress-prod.azurewebsites.net\/fr\/wp-json\/wp\/v2\/comments?post=1608"}],"version-history":[{"count":0,"href":"https:\/\/caisse-wordpress-prod.azurewebsites.net\/fr\/wp-json\/wp\/v2\/pages\/1608\/revisions"}],"wp:featuredmedia":[{"embeddable":true,"href":"https:\/\/caisse-wordpress-prod.azurewebsites.net\/fr\/wp-json\/wp\/v2\/media\/18049"}],"wp:attachment":[{"href":"https:\/\/caisse-wordpress-prod.azurewebsites.net\/fr\/wp-json\/wp\/v2\/media?parent=1608"}],"curies":[{"name":"wp","href":"https:\/\/api.w.org\/{rel}","templated":true}]}}