{"id":1590,"date":"2015-11-24T17:00:55","date_gmt":"2015-11-24T22:00:55","guid":{"rendered":"http:\/\/www.caisse.biz\/fr\/?page_id=1590"},"modified":"2020-08-25T05:59:02","modified_gmt":"2020-08-25T10:59:02","slug":"releve-en-ligne","status":"publish","type":"page","link":"https:\/\/caisse-wordpress-prod.azurewebsites.net\/fr\/personnel\/releve-en-ligne\/","title":{"rendered":"Relev\u00e9 en ligne"},"content":{"rendered":"<p>Le relev\u00e9 en ligne est seulement accessible lorsque vous \u00eates connect\u00e9 \u00e0 e-Caisse (service bancaire en ligne) avec votre mot de passe s\u00e9curitaire.<\/p>\n<p>Les derniers\u00a024 mois de relev\u00e9s et images de ch\u00e8ques sont disponibles en ligne en tout temps. Vous aurez besoin du logiciel Adobe Reader car le relev\u00e9 en ligne est en format PDF.<\/p>\n<p>Le relev\u00e9 en ligne peut \u00eatre visionn\u00e9 en ligne, imprim\u00e9\u00a0ou sauvegard\u00e9 sur votre ordinateur.<\/p>\n<p>Votre relev\u00e9 peut \u00eatre li\u00e9 \u00e0 un logiciel de comptabilit\u00e9 en suivant les\u00a0directives suivantes:<\/p>\n<ol>\n<li><a href=\"https:\/\/online.caisse.biz\/lang\/fr\/OnlineBanking\/\" target=\"_blank\" rel=\"noopener noreferrer\">Connectez \u00e0 e-Caisse\u00a0(service bancaire en ligne)<\/a>.<\/li>\n<li>Cliquez sur l&rsquo;onglet \u00ab Relev\u00e9s \u00bb.<\/li>\n<li>Cliquez l&rsquo;option \u00ab Format \u00bb.<\/li>\n<li>Vous pouvez exporter votre relev\u00e9 en ligne vers: QuickBooks\u00a9, Quicken\u00a9, Simply Accounting\u00a9\u00a0ou Microsoft Money\u00a9.<\/li>\n<\/ol>\n<p>Il n&rsquo;y a aucun frais pour le relev\u00e9 en ligne.<\/p>\n<p><a href=\"..\/..\/foire-aux-questions\/\"><img loading=\"lazy\" decoding=\"async\" class=\"alignleft size-full wp-image-18665\" src=\"..\/..\/..\/wp-content\/uploads\/2020\/07\/FAQ-Btn-FR.png\" alt=\"Cliquez ici pour consulter la FAQ\" width=\"207\" height=\"39\" \/><\/a><\/p>\n<p>&nbsp;<\/p>\n<h4>Opter pour le relev\u00e9 en ligne<\/h4>\n<p>Si vous recevez vos relev\u00e9s en format papier et voulez opter pour le relev\u00e9 en ligne au lieu, suivez les \u00e9tapes suivantes :<\/p>\n<p><strong>Compte qui\u00a0exige une signature seulement<\/strong><\/p>\n<ol>\n<li><a href=\"https:\/\/online.caisse.biz\/lang\/fr\/OnlineBanking\/\">Connectez \u00e0 e-Caisse (service bancaire en ligne<\/a>)<\/li>\n<li>Cliquez l\u2019onglet \u00ab Relev\u00e9s \u00bb.<\/li>\n<li>Au bas de la page, cliquez la bo\u00eete \u00ab Autoriser l\u2019arr\u00eat des relev\u00e9s en papier \u00bb.<\/li>\n<li>Cliquez \u00ab Comptes qui\u00a0exigent une signature \u00bb.<\/li>\n<li>Cliquez \u00ab Accepter \u00bb<\/li>\n<\/ol>\n<p><strong>Compte qui\u00a0exige plus qu&rsquo;une signature<\/strong><\/p>\n<ol>\n<li><a href=\"https:\/\/online.caisse.biz\/lang\/fr\/OnlineBanking\/\">Connectez \u00e0 e-Caisse (service\u00a0bancaire en ligne<\/a>)<\/li>\n<li>Cliquez l\u2019onglet \u00ab Relev\u00e9s \u00bb.<\/li>\n<li>Au bas de la page, cliquez la bo\u00eete \u00ab Autoriser l\u2019arr\u00eat des relev\u00e9s en papier \u00bb.<\/li>\n<li>Cliquez\u00a0 \u00ab Compte qui exigent plus qu&rsquo;une signature \u00bb.<\/li>\n<li>Imprimez le formulaire et le faire signer par tous les signataires du compte.<\/li>\n<li>Retourner le formulaire en personne \u00e0 votre centre de services ou par t\u00e9l\u00e9copieur au 1.204.285.3305 ou par courriel au <a href=\"mailto:admcentres@caisse.biz\">admcentres@caisse.biz<\/a><\/li>\n<\/ol>\n<p>Si vous n\u2019avez pas acc\u00e8s \u00e0 e-Caisse, le service bancaire en ligne, veuillez contacter votre centre de services.<\/p>\n","protected":false},"excerpt":{"rendered":"<p>Le relev\u00e9 en ligne est seulement accessible lorsque vous \u00eates connect\u00e9 \u00e0 e-Caisse (service bancaire en ligne) avec votre mot de passe s\u00e9curitaire. Les derniers\u00a024 mois de relev\u00e9s et images de ch\u00e8ques sont disponibles en ligne en tout temps. Vous aurez besoin du logiciel Adobe Reader car le relev\u00e9 en ligne est en format PDF. [&hellip;]<\/p>\n","protected":false},"author":13,"featured_media":0,"parent":157,"menu_order":0,"comment_status":"closed","ping_status":"closed","template":"tpl_page_right_sidebar.php","meta":{"_acf_changed":false,"footnotes":""},"class_list":["post-1590","page","type-page","status-publish","hentry"],"acf":[],"_links":{"self":[{"href":"https:\/\/caisse-wordpress-prod.azurewebsites.net\/fr\/wp-json\/wp\/v2\/pages\/1590","targetHints":{"allow":["GET"]}}],"collection":[{"href":"https:\/\/caisse-wordpress-prod.azurewebsites.net\/fr\/wp-json\/wp\/v2\/pages"}],"about":[{"href":"https:\/\/caisse-wordpress-prod.azurewebsites.net\/fr\/wp-json\/wp\/v2\/types\/page"}],"author":[{"embeddable":true,"href":"https:\/\/caisse-wordpress-prod.azurewebsites.net\/fr\/wp-json\/wp\/v2\/users\/13"}],"replies":[{"embeddable":true,"href":"https:\/\/caisse-wordpress-prod.azurewebsites.net\/fr\/wp-json\/wp\/v2\/comments?post=1590"}],"version-history":[{"count":0,"href":"https:\/\/caisse-wordpress-prod.azurewebsites.net\/fr\/wp-json\/wp\/v2\/pages\/1590\/revisions"}],"up":[{"embeddable":true,"href":"https:\/\/caisse-wordpress-prod.azurewebsites.net\/fr\/wp-json\/wp\/v2\/pages\/157"}],"wp:attachment":[{"href":"https:\/\/caisse-wordpress-prod.azurewebsites.net\/fr\/wp-json\/wp\/v2\/media?parent=1590"}],"curies":[{"name":"wp","href":"https:\/\/api.w.org\/{rel}","templated":true}]}}