{"id":155,"date":"2015-10-23T12:07:21","date_gmt":"2015-10-23T17:07:21","guid":{"rendered":"http:\/\/www.caisse.biz\/fr\/?page_id=155"},"modified":"2023-02-13T12:18:33","modified_gmt":"2023-02-13T17:18:33","slug":"services-affaires-et-agricoles","status":"publish","type":"page","link":"https:\/\/caisse-wordpress-prod.azurewebsites.net\/fr\/services-affaires-et-agricoles\/","title":{"rendered":"Services bancaires affaires et agricoles"},"content":{"rendered":"<p>Notre gamme compl\u00e8te de services vous aide \u00e0 g\u00e9rer les op\u00e9rations de votre entreprise ou ferme au quotidien et \u00e0 long terme.<\/p>\n<p>Nos <a href=\"..\/trouvez-un-centre\">g\u00e9rants et g\u00e9rantes\u00a0de comptes<\/a> prennent le temps de bien conna\u00eetre les caract\u00e9ristiques de votre entreprise ou de votre ferme pour vous fournir le meilleur service possible avec les meilleurs conseils.<\/p>\n<p>&nbsp;<\/p>\n<div class=\"row\"><div class=\"col-md-3\">\n<div style=\"background-color: #8c8c8c; padding: 3% 8% 8% 8%; height: 380px;\">\n<h3 style=\"color: white;\">Comptes ch\u00e8ques<\/h3>\n<p style=\"color: white;\">Nos comptes ch\u00e8ques conviennent aux besoins sp\u00e9cifiques des entreprises et des fermiers.<\/p>\n<p><a class=\"btn btn-primary\" href=\"..\/services-affaires-et-agricoles\/cheques\/\">En savoir plus<\/a>\n<\/div>\n<\/div>\n<div class=\"col-md-3\">\n<div style=\"background-color: #86d0ec; padding: 3% 8% 8% 8%; height: 380px;\">\n<h3 style=\"color: white;\">Comptes \u00e9pargne<\/h3>\n<p style=\"color: white;\">Nos comptes \u00e9pargne sans frais mensuel aident les entreprises et les fermiers \u00e0 fructifier leurs \u00e9pargnes plus rapidement.<\/p>\n<p><a class=\"btn btn-primary\" href=\"..\/services-affaires-et-agricoles\/comptes-epargne-affaires-et-agricole\/\">En savoir plus<\/a>\n<\/div>\n<\/div>\n<div class=\"col-md-3\">\n<div style=\"background-color: #2babe2; padding: 3% 8% 8% 8%; height: 380px;\">\n<h3 style=\"color: white;\">Compte Organisme<\/h3>\n<p style=\"color: white;\">Le compte Organisme n&rsquo;a aucun frais mensuel et offre des transactions gratuites chaque mois aux organismes sans but lucratif et organismes communautaires de petite taille.<\/p>\n<p><a class=\"btn btn-primary\" href=\"..\/services-affaires-et-agricoles\/compte-organisme\/\">En savoir plus<\/a>\n<\/div>\n<\/div>\n<div class=\"col-md-3\">\n<div style=\"background-color: #00364c; padding: 3% 8% 8% 8%; height: 380px;\">\n<h3 style=\"color: white;\">Compte Agri-Investissement<\/h3>\n<p style=\"color: white;\">En tant que participants au programme Agri-investissement, nous offrons des taux d\u2019int\u00e9r\u00eat avantageux aux producteurs afin de fructifier leur compte plus rapidement.<\/p>\n<p><a class=\"btn btn-primary\" href=\"..\/services-affaires-et-agricoles\/compte-agri-investissement\/\">En savoir plus<\/a>\n<\/div>\n<\/div>\n<\/div>\n&nbsp;<br \/>\n<div class=\"row\">\n<div class=\"col-md-3\">\n<div style=\"background-color: #2babe2; padding: 3% 8% 8% 8%; height: 380px;\">\n<h3 style=\"color: white;\">Cartes<br \/>\nde cr\u00e9dit<\/h3>\n<p style=\"color: white;\">Nous offrons maintenant notre propre gamme de cartes de cr\u00e9dit Caisse avec des options avantageuses comprenant : des remises en argent, des r\u00e9compenses g\u00e9niales, l\u2019assurance voyage, la protection responsabilit\u00e9 z\u00e9ro en cas de fraude et plus encore.<\/p>\n<p><a class=\"btn btn-primary\" href=\"https:\/\/www.collabriacreditcards.ca\/affiliate_caisse-financial-group\/fr\/cartes-d-entreprise\">En savoir plus<\/a>\n<\/div>\n<\/div>\n<div class=\"col-md-3\">\n<div style=\"background-color: #00364c; padding: 3% 8% 8% 8%; height: 380px;\">\n<h3 style=\"color: white;\">Hypoth\u00e8ques et pr\u00eats<\/h3>\n<p style=\"color: white;\">Nous offrons le financement \u00e0 court terme et \u00e0 long terme pour les petites, moyennes et grandes entreprises et fermes qui \u0153uvrent dans une vari\u00e9t\u00e9 d\u2019industries.<\/p>\n<p><a class=\"btn btn-primary\" href=\"..\/services-affaires-et-agricoles\/investissements\/\">En savoir plus<\/a>\n<\/div>\n<\/div>\n<div class=\"col-md-3\">\n<div style=\"background-color: #8c8c8c; padding: 3% 8% 8% 8%; height: 380px;\">\n<h3 style=\"color: white;\">Investissements<\/h3>\n<p style=\"color: white;\">Nous donnons acc\u00e8s \u00e0 des options d\u2019investissements pour am\u00e9liorer votre rendement ou pour \u00e9pargner pour vos besoins \u00e0 court terme ou \u00e0 long terme.<\/p>\n<p><a class=\"btn btn-primary\" href=\"..\/services-affaires-et-agricoles\/investissements\/\">En savoir plus<\/a>\n<\/div>\n<\/div>\n<div class=\"col-md-3\">\n<div style=\"background-color: #86d0ec; padding: 3% 8% 8% 8%; height: 380px;\">\n<h3 style=\"color: white;\">Planification financi\u00e8re<\/h3>\n<p style=\"color: white;\">Le but de la planification financi\u00e8re est d\u2019\u00e9tablir vos objectifs financiers \u00e0 long terme et de d\u00e9velopper le plan qui vous faut pour les r\u00e9aliser.<\/p>\n<p><a class=\"btn btn-primary\" href=\"..\/planification-financiere\/\">En savoir plus<\/a>\n<\/div>\n<\/div>\n<\/div>\n","protected":false},"excerpt":{"rendered":"<p>Notre gamme compl\u00e8te de services vous aide \u00e0 g\u00e9rer les op\u00e9rations de votre entreprise ou ferme au quotidien et \u00e0 long terme. Nos g\u00e9rants et g\u00e9rantes\u00a0de comptes prennent le temps de bien conna\u00eetre les caract\u00e9ristiques de votre entreprise ou de votre ferme pour vous fournir le meilleur service possible avec les meilleurs conseils. &nbsp; &nbsp;<\/p>\n","protected":false},"author":13,"featured_media":0,"parent":0,"menu_order":0,"comment_status":"closed","ping_status":"closed","template":"tpl_page_right_sidebar.php","meta":{"_acf_changed":false,"footnotes":""},"class_list":["post-155","page","type-page","status-publish","hentry"],"acf":[],"_links":{"self":[{"href":"https:\/\/caisse-wordpress-prod.azurewebsites.net\/fr\/wp-json\/wp\/v2\/pages\/155","targetHints":{"allow":["GET"]}}],"collection":[{"href":"https:\/\/caisse-wordpress-prod.azurewebsites.net\/fr\/wp-json\/wp\/v2\/pages"}],"about":[{"href":"https:\/\/caisse-wordpress-prod.azurewebsites.net\/fr\/wp-json\/wp\/v2\/types\/page"}],"author":[{"embeddable":true,"href":"https:\/\/caisse-wordpress-prod.azurewebsites.net\/fr\/wp-json\/wp\/v2\/users\/13"}],"replies":[{"embeddable":true,"href":"https:\/\/caisse-wordpress-prod.azurewebsites.net\/fr\/wp-json\/wp\/v2\/comments?post=155"}],"version-history":[{"count":2,"href":"https:\/\/caisse-wordpress-prod.azurewebsites.net\/fr\/wp-json\/wp\/v2\/pages\/155\/revisions"}],"predecessor-version":[{"id":26464,"href":"https:\/\/caisse-wordpress-prod.azurewebsites.net\/fr\/wp-json\/wp\/v2\/pages\/155\/revisions\/26464"}],"wp:attachment":[{"href":"https:\/\/caisse-wordpress-prod.azurewebsites.net\/fr\/wp-json\/wp\/v2\/media?parent=155"}],"curies":[{"name":"wp","href":"https:\/\/api.w.org\/{rel}","templated":true}]}}