{"id":14955,"date":"2018-11-22T16:38:51","date_gmt":"2018-11-22T21:38:51","guid":{"rendered":"http:\/\/www.caisse.biz\/?page_id=14955"},"modified":"2020-08-16T10:51:37","modified_gmt":"2020-08-16T15:51:37","slug":"calculatrice-de-paiement-ferr","status":"publish","type":"page","link":"https:\/\/caisse-wordpress-prod.azurewebsites.net\/fr\/outils\/calculatrice-de-paiement-ferr\/","title":{"rendered":"Calculatrice de paiement FERR"},"content":{"rendered":"<p>Il est obligatoire de convertir tous vos REER avant le 31 d\u00e9cembre de l&rsquo;ann\u00e9e au cours de laquelle vous atteignez 71 ans. La date limite \u00e0 laquelle vous pouvez encaisser votre premier paiement est le 31 d\u00e9cembre de l&rsquo;ann\u00e9e au cours de laquelle vous atteignez 72 ans, auquel cas le paiement doit \u00eatre d&rsquo;un montant au moins \u00e9gal au montant du pr\u00e9l\u00e8vement minimum* annuel total. <\/p>\n<p>La loi de l&rsquo;imp\u00f4t exige que soit effectu\u00e9 un pr\u00e9l\u00e8vement minimal annuel de tout compte FERR qui s&rsquo;ajoute au revenu imposable. <\/p>\n<p>*Ce pr\u00e9l\u00e8vement minimum annuel est calcul\u00e9 \u00e0 partir d&rsquo;une formule bas\u00e9e sur votre \u00e2ge ou l&rsquo;\u00e2ge de votre conjoint, si celui-ci est plus jeune que vous. <\/p>\n<p>Pour en savoir plus, y compris les facteurs utilis\u00e9s, <a href=\"http:\/\/www.cra-arc.gc.ca\/F\/pub\/tp\/ic78-18r6\">consultez le site de l&rsquo;Agence du revenu du Canada<\/a>.<\/p>\n<p>Servez-vous de cette calculatrice pour calculer le montant que vous devez retirer de votre FERR. <\/p>\n<p><strong>Questions ?<\/strong><br \/>\n<a href=\"..\/..\/trouvez-un-centre\">Contactez un centre de services pr\u00e8s de chez vous<\/a><\/p>\n<link type='text\/css' rel='StyleSheet' href='\/calculators\/KJE.css' \/>\n<link type='text\/css' rel='StyleSheet' href='\/calculators\/KJESiteSpecific.css' \/>\n<noscript><\/p>\n<div align=center>\n<div align=center id=KJENoJavaScript class=KJENoJavaScript>Javascript is required for this calculator. If you are using Internet Explorer, you may need to select to &lsquo;Allow Blocked Content&rsquo; to view this calculator.<\/div>\n<\/div>\n<p><\/noscript> <\/p>\n<div id=\"KJEAllContent\"><\/div>\n<p><!-- Financial Calculators, \u00a91998-2017 KJE Computer Solutions, Inc. For more information please see: <A HREF=\"http:\/\/www.dinkytown.net\">http:\/\/www.dinkytown.net<\/A>--><br \/>\n<!--[if lt IE 9]><script language=\"JavaScript\" SRC=\"\/calculators\/excanvas.js\"><\/script><![endif]--><br \/>\n<script language=\"JavaScript\" type=\"text\/javascript\" SRC=\"\/calculators\/KJEFrench.js\"><\/script><br \/>\n<script language=\"JavaScript\" type=\"text\/javascript\" SRC=\"\/calculators\/KJESiteSpecific.js\"><\/script><br \/>\n<script language=\"JavaScript\" type=\"text\/javascript\" SRC=\"\/calculators\/FRRrif.js\"><\/script><br \/>\n<script language=\"JavaScript\" type=\"text\/javascript\" SRC=\"\/calculators\/FRRrifParams.js\"><\/script> <\/p>\n","protected":false},"excerpt":{"rendered":"<p>Il est obligatoire de convertir tous vos REER avant le 31 d\u00e9cembre de l&rsquo;ann\u00e9e au cours de laquelle vous atteignez 71 ans. La date limite \u00e0 laquelle vous pouvez encaisser votre premier paiement est le 31 d\u00e9cembre de l&rsquo;ann\u00e9e au cours de laquelle vous atteignez 72 ans, auquel cas le paiement doit \u00eatre d&rsquo;un montant [&hellip;]<\/p>\n","protected":false},"author":13,"featured_media":0,"parent":150,"menu_order":0,"comment_status":"closed","ping_status":"closed","template":"tpl_page_right_sidebar.php","meta":{"_acf_changed":false,"footnotes":""},"class_list":["post-14955","page","type-page","status-publish","hentry"],"acf":[],"_links":{"self":[{"href":"https:\/\/caisse-wordpress-prod.azurewebsites.net\/fr\/wp-json\/wp\/v2\/pages\/14955","targetHints":{"allow":["GET"]}}],"collection":[{"href":"https:\/\/caisse-wordpress-prod.azurewebsites.net\/fr\/wp-json\/wp\/v2\/pages"}],"about":[{"href":"https:\/\/caisse-wordpress-prod.azurewebsites.net\/fr\/wp-json\/wp\/v2\/types\/page"}],"author":[{"embeddable":true,"href":"https:\/\/caisse-wordpress-prod.azurewebsites.net\/fr\/wp-json\/wp\/v2\/users\/13"}],"replies":[{"embeddable":true,"href":"https:\/\/caisse-wordpress-prod.azurewebsites.net\/fr\/wp-json\/wp\/v2\/comments?post=14955"}],"version-history":[{"count":0,"href":"https:\/\/caisse-wordpress-prod.azurewebsites.net\/fr\/wp-json\/wp\/v2\/pages\/14955\/revisions"}],"up":[{"embeddable":true,"href":"https:\/\/caisse-wordpress-prod.azurewebsites.net\/fr\/wp-json\/wp\/v2\/pages\/150"}],"wp:attachment":[{"href":"https:\/\/caisse-wordpress-prod.azurewebsites.net\/fr\/wp-json\/wp\/v2\/media?parent=14955"}],"curies":[{"name":"wp","href":"https:\/\/api.w.org\/{rel}","templated":true}]}}