{"id":148,"date":"2015-10-23T12:11:18","date_gmt":"2015-10-23T18:11:18","guid":{"rendered":"http:\/\/www.caisse.biz\/fr\/?page_id=148"},"modified":"2025-12-16T16:07:53","modified_gmt":"2025-12-16T22:07:53","slug":"contactez-nous","status":"publish","type":"page","link":"https:\/\/caisse-wordpress-prod.azurewebsites.net\/fr\/contactez-nous\/","title":{"rendered":"Contactez-nous"},"content":{"rendered":"<h3>Nous sommes ici pour vous aider, s\u2019il vous pla\u00eet voir nos coordonn\u00e9es ci-dessous afin de nous contacter en fonction de votre situation ou question.<\/h3>\n<p>Veuillez communiquer directement avec nos centres de services pour toutes les transactions li\u00e9es aux membres. Si votre demande est urgente, veuillez nous contacter par t\u00e9l\u00e9phone. Pour raison de s\u00e9curit\u00e9, veuillez ne pas inclure d&rsquo;informations personnelles ou des informations au sujet de votre compte dans un courriel.<\/p>\n<p><a href=\"mailto:info@caisse.biz\">info@caisse.biz<\/a><\/p>\n<p><b>Contactez votre centre de services<\/b><\/p>\n<p><a class=\"btn btn-primary\" href=\"https:\/\/caisse.biz\/fr\/trouvez-un-centre\/\" target=\"_blank\" rel=\"noopener noreferrer\">Localisateur<\/a><\/p>\n","protected":false},"excerpt":{"rendered":"<p>Nous sommes ici pour vous aider, s\u2019il vous pla\u00eet voir nos coordonn\u00e9es ci-dessous afin de nous contacter en fonction de votre situation ou question. Veuillez communiquer directement avec nos centres de services pour toutes les transactions li\u00e9es aux membres. Si votre demande est urgente, veuillez nous contacter par t\u00e9l\u00e9phone. Pour raison de s\u00e9curit\u00e9, veuillez ne [&hellip;]<\/p>\n","protected":false},"author":13,"featured_media":18781,"parent":0,"menu_order":0,"comment_status":"closed","ping_status":"closed","template":"tpl_dual_editor.php","meta":{"_acf_changed":false,"footnotes":""},"class_list":["post-148","page","type-page","status-publish","has-post-thumbnail","hentry"],"acf":[],"_links":{"self":[{"href":"https:\/\/caisse-wordpress-prod.azurewebsites.net\/fr\/wp-json\/wp\/v2\/pages\/148","targetHints":{"allow":["GET"]}}],"collection":[{"href":"https:\/\/caisse-wordpress-prod.azurewebsites.net\/fr\/wp-json\/wp\/v2\/pages"}],"about":[{"href":"https:\/\/caisse-wordpress-prod.azurewebsites.net\/fr\/wp-json\/wp\/v2\/types\/page"}],"author":[{"embeddable":true,"href":"https:\/\/caisse-wordpress-prod.azurewebsites.net\/fr\/wp-json\/wp\/v2\/users\/13"}],"replies":[{"embeddable":true,"href":"https:\/\/caisse-wordpress-prod.azurewebsites.net\/fr\/wp-json\/wp\/v2\/comments?post=148"}],"version-history":[{"count":12,"href":"https:\/\/caisse-wordpress-prod.azurewebsites.net\/fr\/wp-json\/wp\/v2\/pages\/148\/revisions"}],"predecessor-version":[{"id":30539,"href":"https:\/\/caisse-wordpress-prod.azurewebsites.net\/fr\/wp-json\/wp\/v2\/pages\/148\/revisions\/30539"}],"wp:featuredmedia":[{"embeddable":true,"href":"https:\/\/caisse-wordpress-prod.azurewebsites.net\/fr\/wp-json\/wp\/v2\/media\/18781"}],"wp:attachment":[{"href":"https:\/\/caisse-wordpress-prod.azurewebsites.net\/fr\/wp-json\/wp\/v2\/media?parent=148"}],"curies":[{"name":"wp","href":"https:\/\/api.w.org\/{rel}","templated":true}]}}