{"id":146,"date":"2015-10-23T12:08:12","date_gmt":"2015-10-23T18:08:12","guid":{"rendered":"http:\/\/www.caisse.biz\/fr\/?page_id=146"},"modified":"2025-03-31T13:49:11","modified_gmt":"2025-03-31T19:49:11","slug":"a-propos-de-nous","status":"publish","type":"page","link":"https:\/\/caisse-wordpress-prod.azurewebsites.net\/fr\/a-propos-de-nous\/","title":{"rendered":"\u00c0 propos de nous"},"content":{"rendered":"<p>Fond\u00e9e en 1937 \u00e0 Saint-Malo, avec 29 membres et 96,85 $ en actifs, Caisse Groupe Financier fut la premi\u00e8re coop\u00e9rative financi\u00e8re officielle au Manitoba.<\/p>\n<p>Depuis, nous sommes devenus une institution financi\u00e8re\u00a0multiservice, avec plus d\u2019un milliard de dollars en actifs, 19 centres de services au Manitoba et plus de 35 000 membres.<\/p>\n<h3>Notre vision<\/h3>\n<p>Cr\u00e9er de la valeur en d\u00e9passant les attentes de nos membres.<\/p>\n<h3>Notre mission<\/h3>\n<p>R\u00e9pondre aux besoins financiers changeants de nos membres et s\u2019engager aupr\u00e8s de nos communaut\u00e9s.<\/p>\n<h3>Notre proposition de valeur<\/h3>\n<p>Caisse Groupe Financier est une coop\u00e9rative financi\u00e8re bilingue qui priorise l\u2019exp\u00e9rience de ses membres et s\u2019investit dans le bien-\u00eatre de ses communaut\u00e9s.<\/p>\n<p>Nous avons fait beaucoup de chemin depuis nos d\u00e9buts, mais <a href=\"..\/a-propos-de-nous\/values\/\">nos valeurs<\/a> n\u2019ont pas chang\u00e9.<br \/>\nPour nous, chaque membre est important.<\/p>\n<p>&nbsp;<\/p>\n<h4>Plus de 85 ans d&rsquo;histoire<\/h4>\n<p><strong> Le 1 mars 2022, la Caisse c\u00e9l\u00e8bre son 85<sup>e<\/sup> anniversaire !<\/strong><br \/>\nLa premi\u00e8re Caisse s&rsquo;\u00e9tablissait au Manitoba le 1 mars 1937.<\/p>\n<p><a class=\"btn btn-primary\" href=\"..\/la-caisse-celebre-son-85e-anniversaire\/\">En savoir plus<\/a><br \/>\n&nbsp;<\/p>\n<p><iframe loading=\"lazy\" width=\"560\" height=\"315\" src=\"https:\/\/www.youtube.com\/embed\/8rKpeH2yxhE\" title=\"YouTube video player\" frameborder=\"0\" allow=\"accelerometer; autoplay; clipboard-write; encrypted-media; gyroscope; picture-in-picture\" allowfullscreen><\/iframe><\/p>\n<p>&nbsp;<\/p>\n<h5>Archives<\/h5>\n<div style=\"position: relative; height: 0; padding-bottom: 23%;\"><iframe loading=\"lazy\" src=\"https:\/\/www.youtube.com\/embed\/5xkx_Z6l1Tg?ecver=2\" width=\"355\" height=\"200\" frameborder=\"1\" allowfullscreen=\"allowfullscreen\"><\/iframe><\/div>\n<p><strong>Visionnez notre histoire de 1937 \u00e0 aujourd&rsquo;hui.\u00a0<\/strong><br \/>\nLes fermiers se sont entraid\u00e9s en cr\u00e9ant la premi\u00e8re coop\u00e9rative financi\u00e8re du Manitoba.<br \/>\n<iframe loading=\"lazy\" class=\"vimeo-video-frame\" src=\"https:\/\/player.vimeo.com\/video\/158404794\" width=\"266\" height=\"200\" frameborder=\"0\" allowfullscreen=\"allowfullscreen\"><\/iframe><\/p>\n<p>&emsp;<br \/>\n&emsp;<\/p>\n","protected":false},"excerpt":{"rendered":"<p>Fond\u00e9e en 1937 \u00e0 Saint-Malo, avec 29 membres et 96,85 $ en actifs, Caisse Groupe Financier fut la premi\u00e8re coop\u00e9rative financi\u00e8re officielle au Manitoba. Depuis, nous sommes devenus une institution financi\u00e8re\u00a0multiservice, avec plus d\u2019un milliard de dollars en actifs, 19 centres de services au Manitoba et plus de 35 000 membres. Notre vision Cr\u00e9er de [&hellip;]<\/p>\n","protected":false},"author":13,"featured_media":0,"parent":0,"menu_order":0,"comment_status":"closed","ping_status":"closed","template":"tpl_page_right_sidebar.php","meta":{"_acf_changed":false,"footnotes":""},"class_list":["post-146","page","type-page","status-publish","hentry"],"acf":[],"_links":{"self":[{"href":"https:\/\/caisse-wordpress-prod.azurewebsites.net\/fr\/wp-json\/wp\/v2\/pages\/146","targetHints":{"allow":["GET"]}}],"collection":[{"href":"https:\/\/caisse-wordpress-prod.azurewebsites.net\/fr\/wp-json\/wp\/v2\/pages"}],"about":[{"href":"https:\/\/caisse-wordpress-prod.azurewebsites.net\/fr\/wp-json\/wp\/v2\/types\/page"}],"author":[{"embeddable":true,"href":"https:\/\/caisse-wordpress-prod.azurewebsites.net\/fr\/wp-json\/wp\/v2\/users\/13"}],"replies":[{"embeddable":true,"href":"https:\/\/caisse-wordpress-prod.azurewebsites.net\/fr\/wp-json\/wp\/v2\/comments?post=146"}],"version-history":[{"count":14,"href":"https:\/\/caisse-wordpress-prod.azurewebsites.net\/fr\/wp-json\/wp\/v2\/pages\/146\/revisions"}],"predecessor-version":[{"id":29881,"href":"https:\/\/caisse-wordpress-prod.azurewebsites.net\/fr\/wp-json\/wp\/v2\/pages\/146\/revisions\/29881"}],"wp:attachment":[{"href":"https:\/\/caisse-wordpress-prod.azurewebsites.net\/fr\/wp-json\/wp\/v2\/media?parent=146"}],"curies":[{"name":"wp","href":"https:\/\/api.w.org\/{rel}","templated":true}]}}