{"id":14465,"date":"2018-11-01T09:23:35","date_gmt":"2018-11-01T14:23:35","guid":{"rendered":"http:\/\/www.caisse.biz\/?page_id=14465"},"modified":"2020-08-16T12:32:48","modified_gmt":"2020-08-16T17:32:48","slug":"litteratie-financiere-bootcamp","status":"publish","type":"page","link":"https:\/\/caisse-wordpress-prod.azurewebsites.net\/fr\/litteratie-financiere-bootcamp\/","title":{"rendered":"Litt\u00e9ratie financi\u00e8re \u2013 Bootcamp"},"content":{"rendered":"<p><img loading=\"lazy\" decoding=\"async\" src=\"..\/..\/wp-content\/uploads\/2018\/10\/BandeauLitteratie2018-FR.png\" alt=\"\" width=\"870\" height=\"240\" class=\"aligncenter size-full wp-image-14461\" srcset=\"\/wp-content\/uploads\/2018\/10\/BandeauLitteratie2018-FR.png 870w, \/wp-content\/uploads\/2018\/10\/BandeauLitteratie2018-FR-300x83.png 300w, \/wp-content\/uploads\/2018\/10\/BandeauLitteratie2018-FR-768x212.png 768w\" sizes=\"auto, (max-width: 870px) 100vw, 870px\" \/><\/p>\n<hr\/>\n<h4>Investir dans votre bien-\u00eatre financier<\/h4>\n<p><strong>Semaine 1<\/strong><br \/>\n&emsp;<br \/>\n<div class=\"row\"><div class=\"col-md-4\">\n<img loading=\"lazy\" decoding=\"async\" src=\"..\/..\/wp-content\/uploads\/2018\/10\/semaine-1-banniere.jpg\" alt=\"\" width=\"400\" height=\"234\" class=\"aligncenter size-full wp-image-14446\" srcset=\"\/wp-content\/uploads\/2018\/10\/semaine-1-banniere.jpg 400w, \/wp-content\/uploads\/2018\/10\/semaine-1-banniere-300x176.jpg 300w\" sizes=\"auto, (max-width: 400px) 100vw, 400px\" \/><br \/>\n&emsp;<br \/>\n<\/div>\n<div class=\"col-md-7\">\n<a href=\"..\/..\/wp-content\/uploads\/2018\/11\/Investir-dans-son-bien-etre-financier.pdf\"><img loading=\"lazy\" decoding=\"async\" src=\"..\/..\/wp-content\/uploads\/2016\/10\/pdf.jpg\" alt=\"\" width=\"32\" height=\"32\" class=\"aligncenter size-full wp-image-8311\" \/> Investir dans son bien-\u00eatre financier<\/a> <\/p>\n<p><a href=\"..\/..\/wp-content\/uploads\/2018\/11\/semaine-1-infographique-budget-1024x600.jpg\"><img loading=\"lazy\" decoding=\"async\" src=\"..\/..\/wp-content\/uploads\/2018\/10\/IconeImage.png\" alt=\"\" width=\"32\" height=\"32\" class=\"aligncenter size-full wp-image-14449\" \/> Six raisons pour lesquelles vous avez besoin d&rsquo;un budget<\/a><\/p>\n<p><a href=\"..\/trouvez-un-centre\"><img loading=\"lazy\" decoding=\"async\" src=\"..\/..\/wp-content\/uploads\/2018\/10\/IconeQuestions.png\" alt=\"\" width=\"32\" height=\"32\" class=\"aligncenter size-full wp-image-14451\" \/> Contactez un Conseiller en finances personnelles<\/a><br \/>\n<\/div>\n<\/div>\n<hr\/>\n<h4>\u00c9tablir un plan pour rembourser vos dettes<\/h4>\n<p><strong>Semaine 2<\/strong><br \/>\n&emsp;<br \/>\n<div class=\"row\"><div class=\"col-md-4\">\n<img loading=\"lazy\" decoding=\"async\" src=\"..\/..\/wp-content\/uploads\/2018\/10\/semaine-2-banniere.jpg\" alt=\"\" width=\"400\" height=\"234\" class=\"aligncenter size-full wp-image-14428\" srcset=\"\/wp-content\/uploads\/2018\/10\/semaine-2-banniere.jpg 400w, \/wp-content\/uploads\/2018\/10\/semaine-2-banniere-300x176.jpg 300w\" sizes=\"auto, (max-width: 400px) 100vw, 400px\" \/><br \/>\n&emsp;<br \/>\n<\/div>\n<div class=\"col-md-7\">\n<a href=\"..\/..\/wp-content\/uploads\/2018\/11\/Eliminez-le-stress-du-temps-des-Fetes.pdf\"><img loading=\"lazy\" decoding=\"async\" src=\"..\/..\/wp-content\/uploads\/2016\/10\/pdf.jpg\" alt=\"\" width=\"32\" height=\"32\" class=\"aligncenter size-full wp-image-8311\" \/> \u00c9liminez le stress du temps des F\u00eates en g\u00e9rant vos dettes <\/a><\/p>\n<p><a href=\"..\/..\/wp-content\/uploads\/2018\/11\/semaine-2-infographique-pret-etudiant-1024x600.jpg\"><img loading=\"lazy\" decoding=\"async\" src=\"..\/..\/wp-content\/uploads\/2018\/10\/IconeImage.png\" alt=\"\" width=\"32\" height=\"32\" class=\"aligncenter size-full wp-image-14449\" \/> Conseils pour rembourser son pr\u00eat \u00e9tudiant<\/a><\/p>\n<p><a href=\"..\/..\/wp-content\/uploads\/2018\/11\/semaine-2-infographique-eviter-endetter-1024x600.jpg\"><img loading=\"lazy\" decoding=\"async\" src=\"..\/..\/wp-content\/uploads\/2018\/10\/IconeImage.png\" alt=\"\" width=\"32\" height=\"32\" class=\"aligncenter size-full wp-image-14449\" \/> Conseils pour \u00e9viter de s&rsquo;endetter<\/a><\/p>\n<p><a href=\"..\/trouvez-un-centre\"><img loading=\"lazy\" decoding=\"async\" src=\"..\/..\/wp-content\/uploads\/2018\/10\/IconeQuestions.png\" alt=\"\" width=\"32\" height=\"32\" class=\"aligncenter size-full wp-image-14451\" \/> Contactez un Conseiller en finances personnelles<\/a><br \/>\n<\/div>\n<\/div>\n<hr\/>\n<h4>Prendre des d\u00e9cisions \u00e9clair\u00e9es<\/h4>\n<p><strong>Semaine 3<\/strong><br \/>\n&emsp;<br \/>\n<div class=\"row\"><div class=\"col-md-4\">\n<img loading=\"lazy\" decoding=\"async\" src=\"..\/..\/wp-content\/uploads\/2018\/10\/semaine-3-banniere.jpg\" alt=\"\" width=\"400\" height=\"234\" class=\"aligncenter size-full wp-image-14430\" srcset=\"\/wp-content\/uploads\/2018\/10\/semaine-3-banniere.jpg 400w, \/wp-content\/uploads\/2018\/10\/semaine-3-banniere-300x176.jpg 300w\" sizes=\"auto, (max-width: 400px) 100vw, 400px\" \/><br \/>\n&emsp;<br \/>\n<\/div>\n<div class=\"col-md-7\">\n<a href=\"..\/..\/wp-content\/uploads\/2018\/11\/Demande-de-credit.pdf\"><img loading=\"lazy\" decoding=\"async\" src=\"..\/..\/wp-content\/uploads\/2016\/10\/pdf.jpg\" alt=\"\" width=\"32\" height=\"32\" class=\"aligncenter size-full wp-image-8311\" \/> Demande de cr\u00e9dit : optez pour l\u2019offre la plus int\u00e9ressante <\/a><\/p>\n<p><a href=\"..\/..\/wp-content\/uploads\/2018\/11\/semaine-3-infographique-informez-vous-1024x600.jpg\"><img loading=\"lazy\" decoding=\"async\" src=\"..\/..\/wp-content\/uploads\/2018\/10\/IconeImage.png\" alt=\"\" width=\"32\" height=\"32\" class=\"aligncenter size-full wp-image-14449\" \/> Informez-vous avant d\u2019emprunter<\/a><\/p>\n<p><a href=\"..\/..\/wp-content\/uploads\/2018\/11\/semaine-3-infographique-credit-hypothecaire-1024x600.jpg\"><img loading=\"lazy\" decoding=\"async\" src=\"..\/..\/wp-content\/uploads\/2018\/10\/IconeImage.png\" alt=\"\" width=\"32\" height=\"32\" class=\"aligncenter size-full wp-image-14449\" \/> Utilisez votre marge de cr\u00e9dit hypoth\u00e9caire judicieusement<\/a><\/p>\n<p><a href=\"..\/trouvez-un-centre\"><img loading=\"lazy\" decoding=\"async\" src=\"..\/..\/wp-content\/uploads\/2018\/10\/IconeQuestions.png\" alt=\"\" width=\"32\" height=\"32\" class=\"aligncenter size-full wp-image-14451\" \/> Contactez un Conseiller en finances personnelles<\/a><br \/>\n<\/div>\n<\/div>\n<hr\/>\n<h4>Prendre de bonnes habitudes t\u00f4t dans la vie<\/h4>\n<p><strong>Semaine 4<\/strong><br \/>\n&emsp;<br \/>\n<div class=\"row\"><div class=\"col-md-4\">\n<img loading=\"lazy\" decoding=\"async\" src=\"..\/..\/wp-content\/uploads\/2018\/10\/semaine-4-banniere.jpg\" alt=\"\" width=\"400\" height=\"234\" class=\"aligncenter size-full wp-image-14432\" srcset=\"\/wp-content\/uploads\/2018\/10\/semaine-4-banniere.jpg 400w, \/wp-content\/uploads\/2018\/10\/semaine-4-banniere-300x176.jpg 300w\" sizes=\"auto, (max-width: 400px) 100vw, 400px\" \/><br \/>\n&emsp;<br \/>\n<\/div>\n<div class=\"col-md-7\">\n<a href=\"..\/..\/wp-content\/uploads\/2018\/11\/Comment-sensibiliser-vos-enfants.pdf\"><img loading=\"lazy\" decoding=\"async\" src=\"..\/..\/wp-content\/uploads\/2016\/10\/pdf.jpg\" alt=\"\" width=\"32\" height=\"32\" class=\"aligncenter size-full wp-image-8311\" \/> Comment sensibiliser vos enfants aux questions d\u2019argent <\/a><\/p>\n<p><a href=\"..\/..\/wp-content\/uploads\/2018\/11\/semaine-4-infographique-sensibiliser-enfants-argent-01-1024x600.jpg\"><img loading=\"lazy\" decoding=\"async\" src=\"..\/..\/wp-content\/uploads\/2018\/10\/IconeImage.png\" alt=\"\" width=\"32\" height=\"32\" class=\"aligncenter size-full wp-image-14449\" \/> Sensibiliser ses enfants aux questions d\u2019argent<\/a><\/p>\n<p><a href=\"..\/..\/wp-content\/uploads\/2018\/11\/semaine-4-infographique-conseils-carte-credit-1024x600.jpg\"><img loading=\"lazy\" decoding=\"async\" src=\"..\/..\/wp-content\/uploads\/2018\/10\/IconeImage.png\" alt=\"\" width=\"32\" height=\"32\" class=\"aligncenter size-full wp-image-14449\" \/> Conseils sur l&rsquo;utiliation d&rsquo;une carte de cr\u00e9dit<\/a><\/p>\n<p><a href=\"..\/trouvez-un-centre\"><img loading=\"lazy\" decoding=\"async\" src=\"..\/..\/wp-content\/uploads\/2018\/10\/IconeQuestions.png\" alt=\"\" width=\"32\" height=\"32\" class=\"aligncenter size-full wp-image-14451\" \/> Contactez un Conseiller en finances personnelles<\/a><br \/>\n<\/div>\n<\/div>\n<hr\/>\n<h4>Prendre le contr\u00f4le de vos finances<\/h4>\n<p><strong>Semaine 5<\/strong><br \/>\n&emsp;<br \/>\n<div class=\"row\"><div class=\"col-md-4\">\n<img loading=\"lazy\" decoding=\"async\" src=\"..\/..\/wp-content\/uploads\/2018\/10\/semaine-5-banniere.jpg\" alt=\"\" width=\"400\" height=\"233\" class=\"aligncenter size-full wp-image-14434\" srcset=\"\/wp-content\/uploads\/2018\/10\/semaine-5-banniere.jpg 400w, \/wp-content\/uploads\/2018\/10\/semaine-5-banniere-300x175.jpg 300w\" sizes=\"auto, (max-width: 400px) 100vw, 400px\" \/><br \/>\n&emsp;<br \/>\n<\/div>\n<div class=\"col-md-7\">\n<a href=\"..\/..\/wp-content\/uploads\/2018\/11\/Prendre-ses-finances-en-main-grace-a-un-budget.pdf\"><img loading=\"lazy\" decoding=\"async\" src=\"..\/..\/wp-content\/uploads\/2016\/10\/pdf.jpg\" alt=\"\" width=\"32\" height=\"32\" class=\"aligncenter size-full wp-image-8311\" \/> Prendre ses finances en main gr\u00e2ce \u00e0 un budget<\/a> <\/p>\n<p><a href=\"..\/..\/wp-content\/uploads\/2018\/11\/semaine-5-infographique-budget-1024x600.jpg\"><img loading=\"lazy\" decoding=\"async\" src=\"..\/..\/wp-content\/uploads\/2018\/10\/IconeImage.png\" alt=\"\" width=\"32\" height=\"32\" class=\"aligncenter size-full wp-image-14449\" \/> Comment faire un budget<\/a><\/p>\n<p><a href=\"..\/..\/wp-content\/uploads\/2018\/11\/semaine-5-infographique-urgence-1024x600.jpg\"><img loading=\"lazy\" decoding=\"async\" src=\"..\/..\/wp-content\/uploads\/2018\/10\/IconeImage.png\" alt=\"\" width=\"32\" height=\"32\" class=\"aligncenter size-full wp-image-14449\" \/> Six \u00e9tapes pour \u00e9tablir un fonds d&rsquo;urgence<\/a><\/p>\n<p><a href=\"..\/trouvez-un-centre\"><img loading=\"lazy\" decoding=\"async\" src=\"..\/..\/wp-content\/uploads\/2018\/10\/IconeQuestions.png\" alt=\"\" width=\"32\" height=\"32\" class=\"aligncenter size-full wp-image-14451\" \/> Contactez un Conseiller en finances personnelles<\/a><br \/>\n<\/div>\n<\/div>\n","protected":false},"excerpt":{"rendered":"<p>Investir dans votre bien-\u00eatre financier Semaine 1 &emsp; \u00c9tablir un plan pour rembourser vos dettes Semaine 2 &emsp; Prendre des d\u00e9cisions \u00e9clair\u00e9es Semaine 3 &emsp; Prendre de bonnes habitudes t\u00f4t dans la vie Semaine 4 &emsp; Prendre le contr\u00f4le de vos finances Semaine 5 &emsp;<\/p>\n","protected":false},"author":13,"featured_media":0,"parent":0,"menu_order":0,"comment_status":"closed","ping_status":"closed","template":"tpl_page_right_sidebar.php","meta":{"_acf_changed":false,"footnotes":""},"class_list":["post-14465","page","type-page","status-publish","hentry"],"acf":[],"_links":{"self":[{"href":"https:\/\/caisse-wordpress-prod.azurewebsites.net\/fr\/wp-json\/wp\/v2\/pages\/14465","targetHints":{"allow":["GET"]}}],"collection":[{"href":"https:\/\/caisse-wordpress-prod.azurewebsites.net\/fr\/wp-json\/wp\/v2\/pages"}],"about":[{"href":"https:\/\/caisse-wordpress-prod.azurewebsites.net\/fr\/wp-json\/wp\/v2\/types\/page"}],"author":[{"embeddable":true,"href":"https:\/\/caisse-wordpress-prod.azurewebsites.net\/fr\/wp-json\/wp\/v2\/users\/13"}],"replies":[{"embeddable":true,"href":"https:\/\/caisse-wordpress-prod.azurewebsites.net\/fr\/wp-json\/wp\/v2\/comments?post=14465"}],"version-history":[{"count":0,"href":"https:\/\/caisse-wordpress-prod.azurewebsites.net\/fr\/wp-json\/wp\/v2\/pages\/14465\/revisions"}],"wp:attachment":[{"href":"https:\/\/caisse-wordpress-prod.azurewebsites.net\/fr\/wp-json\/wp\/v2\/media?parent=14465"}],"curies":[{"name":"wp","href":"https:\/\/api.w.org\/{rel}","templated":true}]}}