{"id":14190,"date":"2018-10-15T08:25:41","date_gmt":"2018-10-15T13:25:41","guid":{"rendered":"http:\/\/www.caisse.biz\/?page_id=14190"},"modified":"2020-08-16T18:44:34","modified_gmt":"2020-08-16T23:44:34","slug":"travailler-pour-une-cooperative","status":"publish","type":"page","link":"https:\/\/caisse-wordpress-prod.azurewebsites.net\/fr\/travailler-pour-une-cooperative\/","title":{"rendered":"Travailler pour une coop"},"content":{"rendered":"<p><span style=\"font-size: small;\">Caisse Groupe Financier n\u2019est pas responsable de l\u2018interpr\u00e9tation par le lecteur ni de la validit\u00e9 des raisons soumises.<\/span><br \/>\n&emsp;<br \/>\n<div class=\"row\"><div class=\"col-md-4\">\n<div style=\"background-color:#8393d0; padding: 8% 8% 8% 8%; height:230px\">\n<h5 style=\"color:white; font-size:90%\">\nCe que j&rsquo;aime du mouvement coop\u00e9ratif\u2026<br \/>\n<\/h5>\n<p style=\"color:white;\">\nC&rsquo;est qu&rsquo;il appartient aux membres de la communaut\u00e9 et travaille pour le b\u00e9n\u00e9fice de ces m\u00eames personnes.<br \/>\n&#8211; Victoria B. <\/p>\n<\/div>\n<p>&emsp;<br \/>\n<\/div>\n<div class=\"col-md-4\">\n<div style=\"background-color:#a6a6a6; padding: 8% 8% 8% 8%; height:230px\">\n<h5 style=\"color:white; font-size:90%\">\nJe choisis de travailler dans une coop\u00e9rative\u2026<br \/>\n<\/h5>\n<p style=\"color:white;\">\nParce que je crois que peu importe qui vous \u00eates, tout le monde a le droit \u00e0 des opportunit\u00e9s \u00e9gales pour atteindre leur r\u00eaves.<br \/>\n&#8211; Claudine T.\n<\/p>\n<\/div>\n<p>&emsp;<br \/>\n<\/div>\n<div class=\"col-md-4\">\n<div style=\"background-color:#0091b2; padding: 25% 8% 15% 8%; height:230px; text-align:center;\">\n<h5 style=\"color:white; font-size:90%\">\nUne valeur coop\u00e9rative :<\/h5>\n<p style=\"color:white;\">\nL\u2019adh\u00e9sion volontaire et ouverte.<\/p>\n<\/div>\n<p>&emsp;<br \/>\n<\/div>\n<\/div>\n<div class=\"row\"><div class=\"col-md-4\">\n<div style=\"background-color:#7fbc03; padding: 8% 8% 8% 8%; height:230px\">\n<h5 style=\"color:white; font-size:90%\">\nCe que j\u2019aime du mouvement coop\u00e9ratif\u2026<br \/>\n<\/h5>\n<p style=\"color:white;\">\nC\u2019est qu\u2019il appuie nos activit\u00e9s locales.<br \/>\n&#8211; Mona A.\n<\/p>\n<\/div>\n<p>&emsp;<br \/>\n<\/div>\n<div class=\"col-md-4\">\n<div style=\"background-color:#31b0c8; padding: 25% 8% 15% 8%; height:230px; text-align:center;\">\n<img loading=\"lazy\" decoding=\"async\" src=\"..\/..\/wp-content\/uploads\/2018\/10\/Abeille001.png\" alt=\"\" width=\"120\" height=\"120\" class=\"aligncenter size-full wp-image-14247\" \/>\n<\/div>\n<p>&emsp;<br \/>\n<\/div>\n<div class=\"col-md-4\">\n<div style=\"background-color:#4b5fab; padding: 8% 8% 8% 8%; height:230px\">\n<h5 style=\"color:white; font-size:90%\">\nJe suis reconnaissante de faire partie du mouvement coop\u00e9ratif parce que\u2026<br \/>\n<\/h5>\n<p style=\"color:white;\">\nNous partageons tous un objectif commun, l&rsquo;amour et la croissance de nos communaut\u00e9s.<br \/>\n&#8211; Lorraine T.\n<\/p>\n<\/div>\n<p>&emsp;<br \/>\n<\/div>\n<\/div>\n<div class=\"row\"><div class=\"col-md-4\">\n<div style=\"background-color:#0091b2; padding: 25% 8% 15% 8%; height:230px; text-align:center;\">\n<h5 style=\"color:white; font-size:90%\">\nUne valeur coop\u00e9rative :<\/h5>\n<p style=\"color:white;\">\nContr\u00f4le d\u00e9mocratique des membres.<\/p>\n<\/div>\n<p>&emsp;<br \/>\n<\/div>\n<div class=\"col-md-4\">\n<div style=\"background-color:#8393d0; padding: 8% 8% 8% 8%; height:230px\">\n<h5 style=\"color:white; font-size:90%\">\nCe que j\u2019aime du mouvement coop\u00e9ratif\u2026<br \/>\n<\/h5>\n<p style=\"color:white;\">\nC\u2019est que nous travaillons pour le bien des membres.<br \/>\n&#8211; Annette B.\n<\/p>\n<\/div>\n<p>&emsp;<br \/>\n<\/div>\n<div class=\"col-md-4\">\n<div style=\"background-color:#a6a6a6; padding: 8% 8% 8% 8%; height:230px\">\n<h5 style=\"color:white; font-size:90%\">\nJe choisis de travailler dans une coop\u00e9rative parce que\u2026<br \/>\n<\/h5>\n<p style=\"color:white;\">\nMa devise est le partage et le soin est bon pour l&rsquo;\u00e2me.<br \/>\n&#8211; Lisette L.\n<\/p>\n<\/div>\n<p>&emsp;<br \/>\n<\/div>\n<\/div>\n<div class=\"row\"><div class=\"col-md-4\">\n<div style=\"background-color:#4b5fab; padding: 8% 8% 8% 8%; height:260px\">\n<h5 style=\"color:white; font-size:90%\">\nJe suis reconnaissante de faire partie du mouvement coop\u00e9ratif parce que\u2026<br \/>\n<\/h5>\n<p style=\"color:white;\">\nIl prot\u00e8ge les int\u00e9r\u00eats \u00e9conomiques de ses membres.<br \/>\n&#8211; Christeen P.<\/p>\n<\/div>\n<p>&emsp;<br \/>\n<\/div>\n<div class=\"col-md-4\">\n<div style=\"background-color:#31b0c8; padding: 25% 8% 15% 8%; height:260px; text-align:center;\">\n<img loading=\"lazy\" decoding=\"async\" src=\"..\/..\/wp-content\/uploads\/2018\/10\/Abeille002.png\" alt=\"\" width=\"120\" height=\"120\" class=\"aligncenter size-full wp-image-14247\" \/>\n<\/div>\n<p>&emsp;<br \/>\n<\/div>\n<div class=\"col-md-4\">\n<div style=\"background-color:#7fbc03; padding: 8% 8% 8% 8%; height:260px\">\n<h5 style=\"color:white; font-size:90%\">\nCe que j\u2019aime du mouvement coop\u00e9ratif\u2026<br \/>\n<\/h5>\n<p style=\"color:white;\">\nCe sont des entreprises locales, par nous, pour tous, ici au Canada et ailleurs dans le monde qui remettent les services et b\u00e9n\u00e9fices \u00e0 leurs membres.<br \/>\nRaymond B. <\/p>\n<\/div>\n<p>&emsp;<br \/>\n<\/div>\n<\/div>\n<div class=\"row\"><div class=\"col-md-4\">\n<div style=\"background-color:#8393d0; padding: 8% 8% 8% 8%; height:230px\">\n<h5 style=\"color:white; font-size:90%\">\nJe choisis de travailler dans une coop\u00e9rative parce que\u2026<br \/>\n<\/h5>\n<p style=\"color:white;\">\nNous avons une Caisse qui donne localement.<br \/>\n&#8211; Paulette L. <\/p>\n<\/div>\n<p>&emsp;<br \/>\n<\/div>\n<div class=\"col-md-4\">\n<div style=\"background-color:#a6a6a6; padding: 8% 8% 8% 8%; height:230px\">\n<h5 style=\"color:white; font-size:90%\">\nJe suis reconnaissante de faire partie du mouvement coop\u00e9ratif parce que\u2026<br \/>\n<\/h5>\n<p style=\"color:white;\">\nJe suis fi\u00e8re de faire partie d&rsquo;une organisation qui redonne \u00e0 la communaut\u00e9.<br \/>\n&#8211; Sylvie C. <\/p>\n<\/div>\n<p>&emsp;<br \/>\n<\/div>\n<div class=\"col-md-4\">\n<div style=\"background-color:#0091b2; padding: 25% 8% 15% 8%; height:230px; text-align:center;\">\n<h5 style=\"color:white; font-size:90%\">\nUne valeur coop\u00e9rative :<\/h5>\n<p style=\"color:white;\">\nParticipation \u00e9conomique des membres.<\/p>\n<\/div>\n<p>&emsp;<br \/>\n<\/div>\n<\/div>\n<div class=\"row\"><div class=\"col-md-4\">\n<div style=\"background-color:#7fbc03; padding: 8% 8% 8% 8%; height:260px\">\n<h5 style=\"color:white; font-size:90%\">\nCe que j&rsquo;aime du mouvement coop\u00e9ratif\u2026<\/h5>\n<p style=\"color:white;\">\nC&rsquo;est de savoir que d&rsquo;appuyer les organismes locaux signifie de faire partie de ceux qui redonnent \u00e0 votre communaut\u00e9!<br \/>\n&#8211; Nadine D.\n<\/p>\n<\/div>\n<p>&emsp;<br \/>\n<\/div>\n<div class=\"col-md-4\">\n<div style=\"background-color:#31b0c8; padding: 25% 8% 15% 8%; height:260px; text-align:center;\">\n<img loading=\"lazy\" decoding=\"async\" src=\"..\/..\/wp-content\/uploads\/2018\/10\/Abeille003.png\" alt=\"\" width=\"120\" height=\"120\" class=\"aligncenter size-full wp-image-14247\" \/>\n<\/div>\n<p>&emsp;<br \/>\n<\/div>\n<div class=\"col-md-4\">\n<div style=\"background-color:#4b5fab; padding: 8% 8% 8% 8%; height:260px\">\n<h5 style=\"color:white; font-size:90%\">\nJe suis reconnaissant de faire partie du mouvement coop\u00e9ratif parce que\u2026<\/h5>\n<p style=\"color:white;\">\nC\u2019est avant tout un organisme qui mobilise les groupes de gens pour se pr\u00e9valoir des produits et services \u00e0 prix abordables.<br \/>\n&#8211; Raymond B.<\/p>\n<\/div>\n<p>&emsp;<br \/>\n<\/div>\n<\/div>\n<div class=\"row\"><div class=\"col-md-4\">\n<div style=\"background-color:#0091b2; padding: 25% 8% 15% 8%; height:350px; text-align:center;\">\n<h5 style=\"color:white; font-size:90%\">\nUne valeur coop\u00e9rative :<\/h5>\n<p style=\"color:white;\">\nAutonomie et ind\u00e9pendance.<\/p>\n<\/div>\n<p>&emsp;<br \/>\n<\/div>\n<div class=\"col-md-4\">\n<div style=\"background-color:#8393d0; padding: 8% 8% 8% 8%; height:350px\">\n<h5 style=\"color:white; font-size:90%\">\nJe choisis de travailler dans une coop\u00e9rative parce que\u2026<br \/>\n<\/h5>\n<p style=\"color:white;\">\nNotre but ultime est d\u2019appuyer la sant\u00e9 financi\u00e8re de nos membres ainsi que d\u2019appuyer les communaut\u00e9s que l\u2019on dessert.  Quand nous r\u00e9ussissons \u00e0 faire ceci, \u00e7a donne un sentiment d\u2019accomplissement et la confirmation qu\u2019on fait quelque chose de bien.<br \/>\n&#8211; Jo\u00ebl R.<\/p>\n<\/div>\n<p>&emsp;<br \/>\n<\/div>\n<div class=\"col-md-4\">\n<div style=\"background-color:#a6a6a6; padding: 8% 8% 8% 8%; height:350px\">\n<h5 style=\"color:white; font-size:90%\">\nCe que j\u2019aime du mouvement coop\u00e9ratif\u2026 <\/h5>\n<p style=\"color:white;\">\nC&rsquo;est que c\u2019est bel et bien un mouvement engageant une vari\u00e9t\u00e9 de coop\u00e9ratives dans un esprit d\u2019entraide et de partage dans les bons moments comme dans les mauvais, que ce soit au plan local, national ou encore plus impressionnant, au plan international.<br \/>\n&#8211; Mariette J. <\/p>\n<\/div>\n<p>&emsp;<br \/>\n<\/div>\n<\/div>\n<div class=\"row\"><div class=\"col-md-4\">\n<div style=\"background-color:#4b5fab; padding: 8% 8% 8% 8%; height:230px\">\n<h5 style=\"color:white; font-size:90%\">\nCe que j&rsquo;aime du mouvement coop\u00e9ratif\u2026<\/h5>\n<p style=\"color:white;\">\nJ\u2019aime les principes de base qui sont de valoriser et appuyer les employ\u00e9s, membres et communaut\u00e9s.<br \/>\n&#8211; Bernard M. <\/p>\n<\/div>\n<p>&emsp;<br \/>\n<\/div>\n<div class=\"col-md-4\">\n<div style=\"background-color:#31b0c8; padding: 25% 8% 15% 8%; height:230px; text-align:center;\">\n<img loading=\"lazy\" decoding=\"async\" src=\"..\/..\/wp-content\/uploads\/2018\/10\/Abeille004.png\" alt=\"\" width=\"120\" height=\"120\" class=\"aligncenter size-full wp-image-14247\" \/>\n<\/div>\n<p>&emsp;<br \/>\n<\/div>\n<div class=\"col-md-4\">\n<div style=\"background-color:#7fbc03; padding: 8% 8% 8% 8%; height:230px\">\n<h5 style=\"color:white; font-size:90%\">\nCe que j\u2019aime du mouvement coop\u00e9ratif\u2026<br \/>\n<\/h5>\n<p style=\"color:white;\">\nEst qu&rsquo;il appartient aux membres et tout le monde a une voix \u00e9gale.<br \/>\n&#8211; Christeen P.\n<\/p>\n<\/div>\n<p>&emsp;<br \/>\n<\/div>\n<\/div>\n<div class=\"row\"><div class=\"col-md-4\">\n<div style=\"background-color:#8393d0; padding: 8% 8% 8% 8%; height:400px\">\n<h5 style=\"color:white; font-size:90%\">\nCe que j&rsquo;aime du mouvement coop\u00e9ratif\u2026<br \/>\n<\/h5>\n<p style=\"color:white;\">\nC&rsquo;est que le membre (utilisateur du service) est le propri\u00e9taire et profite de l&rsquo;activit\u00e9 de l&rsquo;entreprise au lieu d&rsquo;un tiers partie qui en tire les profits. Toutes les activit\u00e9s soutenues par la coop\u00e9rative sont dans la communaut\u00e9 des membres.<br \/>\n&#8211; Victoria B.\n<\/p>\n<\/div>\n<p>&emsp;<br \/>\n<\/div>\n<div class=\"col-md-4\">\n<div style=\"background-color:#a6a6a6; padding: 8% 8% 8% 8%; height:400px\">\n<h5 style=\"color:white; font-size:90%\">\nJe choisis de travailler dans une coop\u00e9rative parce que\u2026<br \/>\n<\/h5>\n<p style=\"color:white;\">\nC&rsquo;est un privil\u00e8ge de servir nos membres et de pouvoir r\u00e9pondre \u00e0 leurs besoins financiers, non seulement pour les transactions quotidiennes, mais \u00e9galement pour l&rsquo;offre de services \u00e0 long terme tels que d\u00e9p\u00f4ts \u00e0 terme, pr\u00eats hypoth\u00e9caires, etc. Je suis fi\u00e8re de faire partie de cette organisation qui est dirig\u00e9e par ses membres.<br \/>\n&#8211; Margaret B.<\/p>\n<\/div>\n<p>&emsp;<br \/>\n<\/div>\n<div class=\"col-md-4\">\n<div style=\"background-color:#0091b2; padding: 25% 8% 15% 8%; height:400px; text-align:center;\">\n<h5 style=\"color:white; font-size:90%\">\nUne valeur coop\u00e9rative :<\/h5>\n<p style=\"color:white;\">\n\u00c9ducation, formation et information.<\/p>\n<\/div>\n<p>&emsp;<br \/>\n<\/div>\n<\/div>\n<div class=\"row\"><div class=\"col-md-4\">\n<div style=\"background-color:#7fbc03; padding: 8% 8% 8% 8%; height:230px\">\n<h5 style=\"color:white; font-size:90%\">\nJe choisis de travailler dans une coop\u00e9rative parce que\u2026<br \/>\n<\/h5>\n<p style=\"color:white;\">\nServir nos membres est plac\u00e9 au-dessus du profit.<br \/>\n&#8211; Sarah C.\n<\/p>\n<\/div>\n<p>&emsp;<br \/>\n<\/div>\n<div class=\"col-md-4\">\n<div style=\"background-color:#31b0c8; padding: 25% 8% 15% 8%; height:230px; text-align:center;\">\n<img loading=\"lazy\" decoding=\"async\" src=\"..\/..\/wp-content\/uploads\/2018\/10\/Abeille001.png\" alt=\"\" width=\"120\" height=\"120\" class=\"aligncenter size-full wp-image-14247\" \/>\n<\/div>\n<p>&emsp;<br \/>\n<\/div>\n<div class=\"col-md-4\">\n<div style=\"background-color:#4b5fab; padding: 8% 8% 8% 8%; height:230px\">\n<h5 style=\"color:white; font-size:90%\">\nJe suis reconnaissante de faire partie du mouvement coop\u00e9ratif parce que\u2026<br \/>\n<\/h5>\n<p style=\"color:white;\">\nNous sommes des membres et non des clients.<br \/>\n&#8211; Paulette A.\n<\/p>\n<\/div>\n<p>&emsp;<br \/>\n<\/div>\n<\/div>\n<div class=\"row\"><div class=\"col-md-4\">\n<div style=\"background-color:#0091b2; padding: 25% 8% 15% 8%; height:230px; text-align:center;\">\n<h5 style=\"color:white; font-size:90%\">\nUne valeur coop\u00e9rative :<\/h5>\n<p style=\"color:white;\">\nCoop\u00e9ration entre les coop\u00e9ratives.<\/p>\n<\/div>\n<p>&emsp;<br \/>\n<\/div>\n<div class=\"col-md-4\">\n<div style=\"background-color:#8393d0; padding: 8% 8% 8% 8%; height:230px\">\n<h5 style=\"color:white; font-size:90%\">\nCe que j&rsquo;aime du mouvement coop\u00e9ratif\u2026<br \/>\n<\/h5>\n<p style=\"color:white;\">\nC&rsquo;est que nous pensons \u00e0 nos membres comme la famille et nos amis, et non des chiffres.<br \/>\n&#8211; Marlene B.\n<\/p>\n<\/div>\n<p>&emsp;<br \/>\n<\/div>\n<div class=\"col-md-4\">\n<div style=\"background-color:#a6a6a6; padding: 8% 8% 8% 8%; height:230px\">\n<h5 style=\"color:white; font-size:90%\">\nCe que j&rsquo;aime du mouvement coop\u00e9ratif\u2026<br \/>\n\t<\/h5>\n<p style=\"color:white;\">\nC&rsquo;est le fait que chaque membre a son mot \u00e0 dire et que chaque membre est d&rsquo;importance \u00e9gale.<br \/>\n&#8211; Doris T.<\/p>\n<\/div>\n<p>&emsp;<br \/>\n<\/div>\n<\/div>\n<div class=\"row\"><div class=\"col-md-4\">\n<div style=\"background-color:#4b5fab; padding: 8% 8% 8% 8%; height:300px\">\n<h5 style=\"color:white; font-size:90%\">\nJe choisis de travailler dans une coop\u00e9rative parce que\u2026<br \/>\n<\/h5>\n<p style=\"color:white;\">\nChacun a un visage\u2026<br \/>\n&#8211; Jodi D.\n<\/p>\n<\/div>\n<p>&emsp;<br \/>\n<\/div>\n<div class=\"col-md-4\">\n<div style=\"background-color:#31b0c8; padding: 25% 8% 15% 8%; height:300px; text-align:center;\">\n<img loading=\"lazy\" decoding=\"async\" src=\"..\/..\/wp-content\/uploads\/2018\/10\/Abeille002.png\" alt=\"\" width=\"120\" height=\"120\" class=\"aligncenter size-full wp-image-14247\" \/>\n<\/div>\n<p>&emsp;<br \/>\n<\/div>\n<div class=\"col-md-4\">\n<div style=\"background-color:#7fbc03; padding: 8% 8% 8% 8%; height:300px\">\n<h5 style=\"color:white; font-size:90%\">\nJe choisis de travailler dans une coop\u00e9rative parce que\u2026<br \/>\n<\/h5>\n<p style=\"color:white;\">\nC\u2019est un plaisir de participer et rendre services aux individus qui tiennent \u00e0 c\u0153ur le d\u00e9veloppement de leurs communaut\u00e9s pour le plus grand bien collectif et ainsi am\u00e9liorer notre \u00e9conomie locale et notre soci\u00e9t\u00e9.<br \/>\n&#8211; Raymond B.\n<\/p>\n<\/div>\n<p>&emsp;<br \/>\n<\/div>\n<\/div>\n<div class=\"row\"><div class=\"col-md-4\">\n<div style=\"background-color:#8393d0; padding: 20% 8% 15% 8%; height:230px; text-align:center;\">\n<h5 style=\"color:white; font-size:90%\">\nPour plus d&rsquo;information au sujet de la Semaine des coop\u00e9ratives:<\/h5>\n<p style=\"color:white;\">\n<a href=\"http:\/\/canada.coop\/fr\" style=\"color:white;\">Visitez le site web de Coop\u00e9ratives et mutuelles Canada.<\/a>\n<\/p>\n<\/div>\n<p>&emsp;<br \/>\n<\/div>\n<div class=\"col-md-4\">\n<div style=\"background-color:#a6a6a6; padding: 20% 8% 15% 8%; height:230px; text-align:center;\">\n<h5 style=\"color:white; font-size:90%\">\nPour plus d&rsquo;information au sujet de la Journ\u00e9e internationale des caisses populaires:<\/h5>\n<p style=\"color:white;\">\n<a href=\"https:\/\/vimeo.com\/289091718\" style=\"color:white;\">Voir la vid\u00e9o de c\u00e9l\u00e9bration (en anglais seulement).<\/a>\n<\/p>\n<\/div>\n<p>&emsp;<br \/>\n<\/div>\n<div class=\"col-md-4\">\n<div style=\"background-color:#0091b2; padding: 25% 8% 15% 8%; height:230px; text-align:center;\">\n<h5 style=\"color:white; font-size:90%\">\nUne valeur coop\u00e9rative :<\/h5>\n<p style=\"color:white;\">\nEngagement envers la communaut\u00e9.<\/p>\n<\/div>\n<p>&emsp;<br \/>\n<\/div>\n<\/div>\n","protected":false},"excerpt":{"rendered":"<p>Caisse Groupe Financier n\u2019est pas responsable de l\u2018interpr\u00e9tation par le lecteur ni de la validit\u00e9 des raisons soumises. &emsp;<\/p>\n","protected":false},"author":13,"featured_media":0,"parent":0,"menu_order":0,"comment_status":"closed","ping_status":"closed","template":"tpl_page_right_sidebar.php","meta":{"_acf_changed":false,"footnotes":""},"class_list":["post-14190","page","type-page","status-publish","hentry"],"acf":[],"_links":{"self":[{"href":"https:\/\/caisse-wordpress-prod.azurewebsites.net\/fr\/wp-json\/wp\/v2\/pages\/14190","targetHints":{"allow":["GET"]}}],"collection":[{"href":"https:\/\/caisse-wordpress-prod.azurewebsites.net\/fr\/wp-json\/wp\/v2\/pages"}],"about":[{"href":"https:\/\/caisse-wordpress-prod.azurewebsites.net\/fr\/wp-json\/wp\/v2\/types\/page"}],"author":[{"embeddable":true,"href":"https:\/\/caisse-wordpress-prod.azurewebsites.net\/fr\/wp-json\/wp\/v2\/users\/13"}],"replies":[{"embeddable":true,"href":"https:\/\/caisse-wordpress-prod.azurewebsites.net\/fr\/wp-json\/wp\/v2\/comments?post=14190"}],"version-history":[{"count":0,"href":"https:\/\/caisse-wordpress-prod.azurewebsites.net\/fr\/wp-json\/wp\/v2\/pages\/14190\/revisions"}],"wp:attachment":[{"href":"https:\/\/caisse-wordpress-prod.azurewebsites.net\/fr\/wp-json\/wp\/v2\/media?parent=14190"}],"curies":[{"name":"wp","href":"https:\/\/api.w.org\/{rel}","templated":true}]}}