{"id":1395,"date":"2015-12-02T16:06:18","date_gmt":"2015-12-02T16:06:18","guid":{"rendered":"http:\/\/www.caisse.biz\/fr\/?page_id=1395"},"modified":"2025-12-16T15:12:05","modified_gmt":"2025-12-16T21:12:05","slug":"cartes","status":"publish","type":"page","link":"https:\/\/caisse-wordpress-prod.azurewebsites.net\/fr\/contactez-nous\/cartes\/","title":{"rendered":"Carte de d\u00e9bit perdue, vol\u00e9e ou fraud\u00e9e"},"content":{"rendered":"<h3>Veuillez nous avertir par t\u00e9l\u00e9phone ou par courriel aussit\u00f4t que vous d\u00e9couvrez que votre carte de d\u00e9bit a \u00e9t\u00e9 perdue, vol\u00e9e ou fraud\u00e9e.<\/h3>\n<p>Des repr\u00e9sentants sont disponibles 24 heures par jour, 7 jours par semaine.<\/p>\n<p><strong>Contactez-nous par t\u00e9l\u00e9phone<\/strong><br \/>\n1 866 260-7060 : Canada et \u00c9tats-Unis<br \/>\n1 925 293-5241 : hors du Canada et \u00c9tats-Unis<\/p>\n<p>&nbsp;<\/p>\n<p><a href=\"https:\/\/www.collabriacreditcards.ca\/affiliate_assiniboine-credit-union\/fr\/\" target=\"_blank\" rel=\"noopener\">Carte de cr\u00e9dit Caisse Collabria perdue, vol\u00e9e ou fraud\u00e9e<\/a><\/p>\n","protected":false},"excerpt":{"rendered":"<p>Veuillez nous avertir par t\u00e9l\u00e9phone ou par courriel aussit\u00f4t que vous d\u00e9couvrez que votre carte de d\u00e9bit a \u00e9t\u00e9 perdue, vol\u00e9e ou fraud\u00e9e. Des repr\u00e9sentants sont disponibles 24 heures par jour, 7 jours par semaine. Contactez-nous par t\u00e9l\u00e9phone 1 866 260-7060 : Canada et \u00c9tats-Unis 1 925 293-5241 : hors du Canada et \u00c9tats-Unis &nbsp; [&hellip;]<\/p>\n","protected":false},"author":13,"featured_media":18531,"parent":148,"menu_order":0,"comment_status":"closed","ping_status":"closed","template":"tpl_dual_editor.php","meta":{"_acf_changed":false,"footnotes":""},"class_list":["post-1395","page","type-page","status-publish","has-post-thumbnail","hentry"],"acf":[],"_links":{"self":[{"href":"https:\/\/caisse-wordpress-prod.azurewebsites.net\/fr\/wp-json\/wp\/v2\/pages\/1395","targetHints":{"allow":["GET"]}}],"collection":[{"href":"https:\/\/caisse-wordpress-prod.azurewebsites.net\/fr\/wp-json\/wp\/v2\/pages"}],"about":[{"href":"https:\/\/caisse-wordpress-prod.azurewebsites.net\/fr\/wp-json\/wp\/v2\/types\/page"}],"author":[{"embeddable":true,"href":"https:\/\/caisse-wordpress-prod.azurewebsites.net\/fr\/wp-json\/wp\/v2\/users\/13"}],"replies":[{"embeddable":true,"href":"https:\/\/caisse-wordpress-prod.azurewebsites.net\/fr\/wp-json\/wp\/v2\/comments?post=1395"}],"version-history":[{"count":4,"href":"https:\/\/caisse-wordpress-prod.azurewebsites.net\/fr\/wp-json\/wp\/v2\/pages\/1395\/revisions"}],"predecessor-version":[{"id":30524,"href":"https:\/\/caisse-wordpress-prod.azurewebsites.net\/fr\/wp-json\/wp\/v2\/pages\/1395\/revisions\/30524"}],"up":[{"embeddable":true,"href":"https:\/\/caisse-wordpress-prod.azurewebsites.net\/fr\/wp-json\/wp\/v2\/pages\/148"}],"wp:featuredmedia":[{"embeddable":true,"href":"https:\/\/caisse-wordpress-prod.azurewebsites.net\/fr\/wp-json\/wp\/v2\/media\/18531"}],"wp:attachment":[{"href":"https:\/\/caisse-wordpress-prod.azurewebsites.net\/fr\/wp-json\/wp\/v2\/media?parent=1395"}],"curies":[{"name":"wp","href":"https:\/\/api.w.org\/{rel}","templated":true}]}}