{"id":1380,"date":"2015-11-18T16:57:19","date_gmt":"2015-11-18T22:57:19","guid":{"rendered":"http:\/\/www.caisse.biz\/fr\/?page_id=1380"},"modified":"2025-07-11T14:56:07","modified_gmt":"2025-07-11T20:56:07","slug":"la-difference-cooperative","status":"publish","type":"page","link":"https:\/\/caisse-wordpress-prod.azurewebsites.net\/fr\/a-propos-de-nous\/la-difference-cooperative\/","title":{"rendered":"La diff\u00e9rence coop\u00e9rative"},"content":{"rendered":"<h4>Nos valeurs sont diff\u00e9rentes.<\/h4>\n<p>Nos <a href=\"https:\/\/caisse.biz\/fr\/a-propos-de-nous\/la-difference-cooperative\/valeurs-cooperatives\/\">valeurs coop\u00e9ratives<\/a> nous distinguent des banques traditionnelles et nous les tenons \u00e0 c\u0153ur dans tout ce que nous faisons et dans tout ce que nous d\u00e9cidons. Chacun de nos membres est aussi important l\u2019un que l\u2019autre.<\/p>\n<h4>Notre structure est diff\u00e9rente.<\/h4>\n<p>Lorsque vous faites affaire avec Caisse Groupe Financier, vous devenez membre de la coop\u00e9rative et vous d\u00e9tenez une part de membre. Collectivement, nos membres sont propri\u00e9taires de la coop\u00e9rative et ont leur mot \u00e0 dire sur la fa\u00e7on dont la coop\u00e9rative est g\u00e9r\u00e9e. Chaque part de membre a le droit de vote \u00e0 l\u2019assembl\u00e9e g\u00e9n\u00e9rale annuelle.<\/p>\n<h4>Notre philosophie est diff\u00e9rente.<\/h4>\n<p>Les banques traditionnelles ont des objectifs d\u2019affaires contradictoires : satisfaire les attentes de leurs actionnaires et r\u00e9pondre aux attentes de leurs clients. Nos actionnaires sont les membres qui font affaire \u00e0 la Caisse donc nous avons un seul objectif: offrir les meilleurs taux, produits et services possibles pour satisfaire aux besoins de nos membres, qu\u2019ils soient des individus, des entreprises ou des agriculteurs. C\u2019est ainsi que nos membres nous ont accord\u00e9 une cote de satisfaction de 90 %.<\/p>\n<h4>Nous sommes local.<\/h4>\n<p>Nous sommes int\u00e9gralement connect\u00e9s \u00e0 nos membres et \u00e0 nos communaut\u00e9s. Nous vivons, jouons et travaillons dans les m\u00eames communaut\u00e9s que nos membres. Nos d\u00e9cisions op\u00e9rationnelles sont prises localement \u00e0 notre si\u00e8ge social \u00e0 Winnipeg, Manitoba, et notre direction strat\u00e9gique est assur\u00e9e par un conseil d\u2019administration repr\u00e9sentatif et \u00e9lu par les membres. Vous pouvez discuter directement avec notre directeur g\u00e9n\u00e9ral ou n\u2019importe quel membre de l\u2019\u00e9quipe de direction. Nos employ\u00e9s sont originaires des communaut\u00e9s que nous servons. Nous sommes b\u00e9n\u00e9voles dans la communaut\u00e9 et nous offrons de l\u2019appui financier aux projets communautaires.<\/p>\n<h4>Nous redonnons.<\/h4>\n<p>Nous sommes engag\u00e9s envers nos communaut\u00e9s et \u00e0 tous ceux et celles qui y demeurent, car nous y demeurons aussi. Par l\u2019entremise de notre programme d\u2019appui communautaire, nous accordons 5 % de nos b\u00e9n\u00e9fices annuellement aux projets et activit\u00e9s dans les communaut\u00e9s locales et par l\u2019entremise de notre programme de bourses d\u2019\u00e9tudes, nous accordons 20 bourses d\u2019\u00e9tudes aux \u00e9tudiants postsecondaires chaque ann\u00e9e.<\/p>\n<h4>Nos racines sont profondes.<\/h4>\n<p>Nous sommes le fruit d\u2019une histoire riche en personnalit\u00e9s et \u00e9v\u00e8nements qui ont form\u00e9 notre coop\u00e9rative au cours des ann\u00e9es, commen\u00e7ant en 1937, avec un mouvement du peuple qui a fond\u00e9 les premi\u00e8res Caisses au Manitoba dans nos communaut\u00e9s locales. Toutes les Caisses au Manitoba se sont fusionn\u00e9es en 2010 pour cr\u00e9er Caisse Groupe Financier, une coop\u00e9rative encore plus forte, moderne et dynamique que jamais. Des livres gratuits de notre histoire \u2018De la table de cuisine \u00e0 la rue principale\u2019, en honneur de notre 50e anniversaire, sont disponibles. Veuillez nous contacter \u00e0 <a href=\"mailto:info@caisse.biz\">info@caisse.biz<\/a> pour recevoir votre copie (publication disponible en fran\u00e7ais seulement).<\/p>\n","protected":false},"excerpt":{"rendered":"<p>Nos valeurs sont diff\u00e9rentes. Nos valeurs coop\u00e9ratives nous distinguent des banques traditionnelles et nous les tenons \u00e0 c\u0153ur dans tout ce que nous faisons et dans tout ce que nous d\u00e9cidons. Chacun de nos membres est aussi important l\u2019un que l\u2019autre. Notre structure est diff\u00e9rente. Lorsque vous faites affaire avec Caisse Groupe Financier, vous devenez [&hellip;]<\/p>\n","protected":false},"author":13,"featured_media":0,"parent":146,"menu_order":20,"comment_status":"closed","ping_status":"closed","template":"tpl_page_right_sidebar.php","meta":{"_acf_changed":false,"footnotes":""},"class_list":["post-1380","page","type-page","status-publish","hentry"],"acf":[],"_links":{"self":[{"href":"https:\/\/caisse-wordpress-prod.azurewebsites.net\/fr\/wp-json\/wp\/v2\/pages\/1380","targetHints":{"allow":["GET"]}}],"collection":[{"href":"https:\/\/caisse-wordpress-prod.azurewebsites.net\/fr\/wp-json\/wp\/v2\/pages"}],"about":[{"href":"https:\/\/caisse-wordpress-prod.azurewebsites.net\/fr\/wp-json\/wp\/v2\/types\/page"}],"author":[{"embeddable":true,"href":"https:\/\/caisse-wordpress-prod.azurewebsites.net\/fr\/wp-json\/wp\/v2\/users\/13"}],"replies":[{"embeddable":true,"href":"https:\/\/caisse-wordpress-prod.azurewebsites.net\/fr\/wp-json\/wp\/v2\/comments?post=1380"}],"version-history":[{"count":5,"href":"https:\/\/caisse-wordpress-prod.azurewebsites.net\/fr\/wp-json\/wp\/v2\/pages\/1380\/revisions"}],"predecessor-version":[{"id":30128,"href":"https:\/\/caisse-wordpress-prod.azurewebsites.net\/fr\/wp-json\/wp\/v2\/pages\/1380\/revisions\/30128"}],"up":[{"embeddable":true,"href":"https:\/\/caisse-wordpress-prod.azurewebsites.net\/fr\/wp-json\/wp\/v2\/pages\/146"}],"wp:attachment":[{"href":"https:\/\/caisse-wordpress-prod.azurewebsites.net\/fr\/wp-json\/wp\/v2\/media?parent=1380"}],"curies":[{"name":"wp","href":"https:\/\/api.w.org\/{rel}","templated":true}]}}